{"id":540935,"date":"2025-09-05T18:09:45","date_gmt":"2025-09-05T15:09:45","guid":{"rendered":"https:\/\/staging.nbg.eu\/product\/dillon-xl650-xl750-conversion-kit-cal-308-30-6\/"},"modified":"2025-09-30T17:30:10","modified_gmt":"2025-09-30T14:30:10","slug":"dillon-xl650-xl750-kaliiberinvaihtosarja-kal-30830-6","status":"publish","type":"product","link":"https:\/\/staging.nbg.eu\/fi\/tuote\/dillon-xl650-xl750-kaliiberinvaihtosarja-kal-30830-6\/","title":{"rendered":"Dillon XL650 \/ XL750 Kaliiberinvaihtosarja &#8211; Kal. .308\/30-6"},"content":{"rendered":"<h2>Dillon XL650\/750 Muunnossarja .308 Win<\/h2>\n<p>Dillon XL650\/750 Muunnossarja .308 Winchesterille. T\u00e4m\u00e4 sarja sopii Dillon XL650 tai XL750 progressiiviseen uudelleenlatauspr\u00e4ssiin.<\/p>\n<h2>Ominaisuudet:<\/h2>\n<ul>\n<li><strong>Progressiivinen pr\u00e4ssi-integraatio:<\/strong> Muuntaa XL650 tai XL750 lataamaan .308 Winchester patruunoita.<\/li>\n<li><strong>Suuren volyymin soveltuvuus:<\/strong> Suunniteltu tehokkaaseen tuotantoon, mahdollistaa nopeat kaliiberin vaihdot.<\/li>\n<li><strong>Kest\u00e4v\u00e4 rakenne:<\/strong> Valmistettu materiaaleista, jotka kest\u00e4v\u00e4t jatkuvaa k\u00e4ytt\u00f6\u00e4.<\/li>\n<li><strong>K\u00e4ytt\u00e4j\u00e4yst\u00e4v\u00e4llinen suunnittelu:<\/strong> Helppo asentaa ja poistaa kaliiberin vaihtoa varten.<\/li>\n<\/ul>\n<h2>Sarja sis\u00e4lt\u00e4\u00e4:<\/h2>\n<ul>\n<li>Hylsylevy .308 Win hylsyille<\/li>\n<li>Ruutisuppilo<\/li>\n<li>Kohdistusnapit hylsyjen kohdistamiseen<\/li>\n<\/ul>\n<p>Valmistettu Yhdysvalloissa. K\u00e4ytt\u00e4\u00e4 XL650\/750:n moniasemaista rakennetta tuottaen .308 Winchester patruunoita yhdell\u00e4 vivun vedolla.<\/p>\n<h2>Tekniset tiedot:<\/h2>\n<ul>\n<li><strong>Valmistaja:<\/strong> Dillon Precision<\/li>\n<li><strong>Takuu:<\/strong> 2 vuotta<\/li>\n<li><strong>Sopivat kaliiberit:<\/strong> .308 Winchester, 7.62x51mm<\/li>\n<\/ul>\n","protected":false},"excerpt":{"rendered":"<p>Muunna XL650\/750 .308 Win -kaliiberille: Nopeaa, tarkkaa ja kest\u00e4v\u00e4\u00e4 uudelleenlataamista.<\/p>\n","protected":false},"featured_media":498800,"template":"","meta":{"_acf_changed":false},"product_brand":[],"product_cat":[13221,13193],"product_tag":[],"class_list":{"0":"post-540935","1":"product","2":"type-product","3":"status-publish","4":"has-post-thumbnail","6":"product_cat-lataaminen","7":"product_cat-latauskoneet","9":"first","10":"instock","11":"taxable","12":"shipping-taxable","13":"purchasable","14":"product-type-simple"},"acf":[],"_links":{"self":[{"href":"https:\/\/staging.nbg.eu\/fi\/wp-json\/wp\/v2\/product\/540935","targetHints":{"allow":["GET"]}}],"collection":[{"href":"https:\/\/staging.nbg.eu\/fi\/wp-json\/wp\/v2\/product"}],"about":[{"href":"https:\/\/staging.nbg.eu\/fi\/wp-json\/wp\/v2\/types\/product"}],"wp:featuredmedia":[{"embeddable":true,"href":"https:\/\/staging.nbg.eu\/fi\/wp-json\/wp\/v2\/media\/498800"}],"wp:attachment":[{"href":"https:\/\/staging.nbg.eu\/fi\/wp-json\/wp\/v2\/media?parent=540935"}],"wp:term":[{"taxonomy":"product_brand","embeddable":true,"href":"https:\/\/staging.nbg.eu\/fi\/wp-json\/wp\/v2\/product_brand?post=540935"},{"taxonomy":"product_cat","embeddable":true,"href":"https:\/\/staging.nbg.eu\/fi\/wp-json\/wp\/v2\/product_cat?post=540935"},{"taxonomy":"product_tag","embeddable":true,"href":"https:\/\/staging.nbg.eu\/fi\/wp-json\/wp\/v2\/product_tag?post=540935"}],"curies":[{"name":"wp","href":"https:\/\/api.w.org\/{rel}","templated":true}]}}