{"id":540817,"date":"2025-09-05T18:09:45","date_gmt":"2025-09-05T15:09:45","guid":{"rendered":"https:\/\/staging.nbg.eu\/product\/bullet-berger-cal-6-5-creedmoor-elite-hunter-140gr-100pcs\/"},"modified":"2025-09-30T17:22:14","modified_gmt":"2025-09-30T14:22:14","slug":"luoti-berger-kal-65-creedmoor-elite-hunter-140gr100kpl","status":"publish","type":"product","link":"https:\/\/staging.nbg.eu\/fi\/tuote\/luoti-berger-kal-65-creedmoor-elite-hunter-140gr100kpl\/","title":{"rendered":"Luoti Berger kal. 6.5 Creedmoor Elite Hunter 140gr.\/100kpl."},"content":{"rendered":"<h2>Berger-luoti, kaliiperi 6.5 Creedmoor Elite Hunter 140gr.\/100kpl<\/h2>\n<p>Bergerin 6.5 Creedmoor 140 Grain Elite Hunter -kiv\u00e4\u00e4riammukset. Suunniteltu keskikokoisen riistan mets\u00e4stykseen. Luodin ominaisuudet:<\/p>\n<ul>\n<li><strong>Johdonmukaisuus:<\/strong> J4 Precision Bullet -vaipat, kokonaisheitto (TIR) +\/-.0003&#8243;<\/li>\n<li><strong>Hybridi-ogive:<\/strong> Yhdist\u00e4\u00e4 tangentin ja sekantin muodot helpompaan viritykseen ja tasaisempaan lentorataan<\/li>\n<li><strong>Yhdenmukainen ydin:<\/strong> Poistaa painolajittelun tarpeen, varmistaa luotettavan pudotuksen ja yhdenmukaisen ballistisen kertoimen<\/li>\n<li><strong>Veneper\u00e4muotoilu:<\/strong> Aerodynaaminen etu pidemmill\u00e4 matkoilla<\/li>\n<li><strong>J4-mets\u00e4stysvaippa:<\/strong> Mahdollistaa 2-3&#8243; tunkeutumisen ennen nopeaa laajenemista<\/li>\n<\/ul>\n<p>Sopii kilpa-ammuntaan ja mets\u00e4stykseen. G1 BC on 0.606 ja suul\u00e4ht\u00f6nopeus 2750 fps.<\/p>\n<p>Tekniset tiedot:<\/p>\n<ul>\n<li>Paino: 140 Grain<\/li>\n<li>G7 BC: 0.31<\/li>\n<li>Minimiurankierto: 1:8&#8243; tai nopeampi<\/li>\n<li>Maksimi COAL: 2.825&#8243;<\/li>\n<li>Suuenergia: 2351 ft-lb<\/li>\n<\/ul>\n","protected":false},"excerpt":{"rendered":"<p>Elite Hunter 6.5 Creedmoor: Tarkka, luotettava 140 grainen luoti keskikokoiselle riistalle.<\/p>\n","protected":false},"featured_media":498847,"template":"","meta":{"_acf_changed":false},"product_brand":[],"product_cat":[13200,13221,13204],"product_tag":[],"class_list":{"0":"post-540817","1":"product","2":"type-product","3":"status-publish","4":"has-post-thumbnail","6":"product_cat-ammukset","7":"product_cat-lataaminen","8":"product_cat-luodit","10":"first","11":"instock","12":"taxable","13":"shipping-taxable","14":"product-type-simple"},"acf":[],"_links":{"self":[{"href":"https:\/\/staging.nbg.eu\/fi\/wp-json\/wp\/v2\/product\/540817","targetHints":{"allow":["GET"]}}],"collection":[{"href":"https:\/\/staging.nbg.eu\/fi\/wp-json\/wp\/v2\/product"}],"about":[{"href":"https:\/\/staging.nbg.eu\/fi\/wp-json\/wp\/v2\/types\/product"}],"wp:featuredmedia":[{"embeddable":true,"href":"https:\/\/staging.nbg.eu\/fi\/wp-json\/wp\/v2\/media\/498847"}],"wp:attachment":[{"href":"https:\/\/staging.nbg.eu\/fi\/wp-json\/wp\/v2\/media?parent=540817"}],"wp:term":[{"taxonomy":"product_brand","embeddable":true,"href":"https:\/\/staging.nbg.eu\/fi\/wp-json\/wp\/v2\/product_brand?post=540817"},{"taxonomy":"product_cat","embeddable":true,"href":"https:\/\/staging.nbg.eu\/fi\/wp-json\/wp\/v2\/product_cat?post=540817"},{"taxonomy":"product_tag","embeddable":true,"href":"https:\/\/staging.nbg.eu\/fi\/wp-json\/wp\/v2\/product_tag?post=540817"}],"curies":[{"name":"wp","href":"https:\/\/api.w.org\/{rel}","templated":true}]}}