{"id":54008,"date":"2024-03-02T10:05:47","date_gmt":"2024-09-13T12:57:56","guid":{"rendered":"https:\/\/staging.nbg.eu\/product\/bore-tech-proof-positive-shotgun-jag-12-16-20-ga\/"},"modified":"2024-09-13T12:58:46","modified_gmt":"2024-09-13T12:58:46","slug":"bore-tech-proof-positive-haulikon-jag-121620-ga","status":"publish","type":"product","link":"https:\/\/staging.nbg.eu\/fi\/tuote\/bore-tech-proof-positive-haulikon-jag-121620-ga\/","title":{"rendered":"Bore Tech Proof-Positive haulikon jag (12\/16\/20 GA)"},"content":{"rendered":"<div class=\"product-description\">\n<h2>Bore Tech Proof-Positive haulikon puhdistusv\u00e4line (12\/16\/20 GA)<\/h2>\n<p>Bore Techin patentoitu puhdistusv\u00e4line. Ominaisuudet:<\/p>\n<ul>\n<li>4 joustavaa lehte\u00e4 piipun muotoon sopeutumiseksi<\/li>\n<li>Kest\u00e4v\u00e4 nylonrakenne<\/li>\n<li>Puristuu menn\u00e4kseen supistajien l\u00e4pi<\/li>\n<li>Sopii tavallisiin 5\/16-27 kierteisiin puhdistustankoihin<\/li>\n<\/ul>\n<p>Helpottaa haulikon huoltoa. Hy\u00f6dyllinen haulikkoampujille.<\/p>\n<p><strong>Hinta: 14,99 \u20ac<\/strong><\/p>\n<\/div>\n","protected":false},"excerpt":{"rendered":"<p>Joustava 4-lehtinen j\u00e4kki tehokkaaseen haulikon puhdistukseen. Sopii k\u00e4ytett\u00e4v\u00e4ksi supistajien kanssa.<\/p>\n","protected":false},"featured_media":54009,"template":"","meta":{"_acf_changed":false},"product_brand":[11151],"product_cat":[13206,13233,13231],"product_tag":[],"class_list":{"0":"post-54008","1":"product","2":"type-product","3":"status-publish","4":"has-post-thumbnail","6":"product_brand-boretech","7":"product_cat-aseen-puhdistus","8":"product_cat-harjat","9":"product_cat-puhdistusnupit","11":"first","12":"instock","13":"taxable","14":"shipping-taxable","15":"purchasable","16":"product-type-variable","17":"wvs-archive-product-wrapper"},"acf":[],"_links":{"self":[{"href":"https:\/\/staging.nbg.eu\/fi\/wp-json\/wp\/v2\/product\/54008","targetHints":{"allow":["GET"]}}],"collection":[{"href":"https:\/\/staging.nbg.eu\/fi\/wp-json\/wp\/v2\/product"}],"about":[{"href":"https:\/\/staging.nbg.eu\/fi\/wp-json\/wp\/v2\/types\/product"}],"wp:featuredmedia":[{"embeddable":true,"href":"https:\/\/staging.nbg.eu\/fi\/wp-json\/wp\/v2\/media\/54009"}],"wp:attachment":[{"href":"https:\/\/staging.nbg.eu\/fi\/wp-json\/wp\/v2\/media?parent=54008"}],"wp:term":[{"taxonomy":"product_brand","embeddable":true,"href":"https:\/\/staging.nbg.eu\/fi\/wp-json\/wp\/v2\/product_brand?post=54008"},{"taxonomy":"product_cat","embeddable":true,"href":"https:\/\/staging.nbg.eu\/fi\/wp-json\/wp\/v2\/product_cat?post=54008"},{"taxonomy":"product_tag","embeddable":true,"href":"https:\/\/staging.nbg.eu\/fi\/wp-json\/wp\/v2\/product_tag?post=54008"}],"curies":[{"name":"wp","href":"https:\/\/api.w.org\/{rel}","templated":true}]}}