{"id":539546,"date":"2025-09-05T17:38:18","date_gmt":"2025-09-05T14:38:18","guid":{"rendered":"https:\/\/staging.nbg.eu\/product\/or-leupold-delta-point-mounting-kit-for-l-02-w-02-steel-black\/"},"modified":"2025-09-30T14:24:01","modified_gmt":"2025-09-30T11:24:01","slug":"or-leupold-delta-point-kiinnityssarja-l-02-w-02-teraes-musta","status":"publish","type":"product","link":"https:\/\/staging.nbg.eu\/fi\/tuote\/or-leupold-delta-point-kiinnityssarja-l-02-w-02-teraes-musta\/","title":{"rendered":"OR LEUPOLD DELTA POINT KIINNITYSSARJA L-02, W-02, TER\u00c4S MUSTA"},"content":{"rendered":"<div class=\"product-description\">\n<h2>OR LEUPOLD DELTA POINT PRO ASENNUSSARJA LW64<\/h2>\n<p><strong>Viite:<\/strong> 0091-01207-0001<\/p>\n<p><strong>Merkki:<\/strong> KMR Precision Arms<\/p>\n<h2>Kuvaus<\/h2>\n<p>OR LEUPOLD DELTA POINT PRO ASENNUSSARJA LW64 on tarkoitettu KMR L-02 tai W-02 pistoolille. T\u00e4m\u00e4 pohjalevy on suunniteltu optiikkavalmiille (OR) KMR L-02 ja W-02 pistoolimalleille, sopien optiikalle Leupold DeltaPoint Pro -jalanj\u00e4ljell\u00e4.<\/p>\n<h2>Tuotetiedot<\/h2>\n<ul>\n<li>Materiaali: Ter\u00e4s<\/li>\n<li>V\u00e4ri: Musta<\/li>\n<li>Sis\u00e4lt\u00e4\u00e4 kaksi M4-asennusruuvia<\/li>\n<\/ul>\n<h2>Asennus<\/h2>\n<ol>\n<li>Irrota alkuper\u00e4inen pohjalevy pistoolista<\/li>\n<li>Puhdista levyn asennusalue huolellisesti<\/li>\n<li>Asenna uusi pohjalevy<\/li>\n<li>Kirist\u00e4 kaksi mukana tulevaa M4-ruuvia k\u00e4ytt\u00e4en kierrelukitetta<\/li>\n<\/ol>\n<p><strong>T\u00e4rke\u00e4\u00e4:<\/strong> \u00c4L\u00c4 K\u00c4YT\u00c4 PUNAISTA LOCTITEA!<\/p>\n<h2>Yhteensopivat punapistet\u00e4ht\u00e4imet<\/h2>\n<p>T\u00e4m\u00e4 asennussarja on yhteensopiva erilaisten punapistet\u00e4ht\u00e4imien kanssa, jotka jakavat Leupold DeltaPoint Pro -asennusstandardin, mukaan lukien:<\/p>\n<ul>\n<li>Leupold DeltaPoint Pro<\/li>\n<li>Vortex Defender XL<\/li>\n<li>Eotech Eflx<\/li>\n<li>Holosun SCS 320<\/li>\n<li>Ja monet muut<\/li>\n<\/ul>\n<p>T\u00e4m\u00e4 asennussarja mahdollistaa valitsemasi punapistet\u00e4ht\u00e4imen kiinnitt\u00e4misen KMR L-02 tai W-02 pistooliisi.<\/p>\n<\/div>\n","protected":false},"excerpt":{"rendered":"<p>Ter\u00e4ksinen pohjalevy KMR L-02\/W-02 -pistooleille, sopii DeltaPoint Pro -t\u00e4ht\u00e4imille<\/p>\n","protected":false},"featured_media":497546,"template":"","meta":{"_acf_changed":false},"product_brand":[11494],"product_cat":[13177],"product_tag":[],"class_list":{"0":"post-539546","1":"product","2":"type-product","3":"status-publish","4":"has-post-thumbnail","6":"product_brand-kmr-precision","7":"product_cat-kmr-osat","9":"first","10":"instock","11":"taxable","12":"shipping-taxable","13":"purchasable","14":"product-type-simple"},"acf":[],"_links":{"self":[{"href":"https:\/\/staging.nbg.eu\/fi\/wp-json\/wp\/v2\/product\/539546","targetHints":{"allow":["GET"]}}],"collection":[{"href":"https:\/\/staging.nbg.eu\/fi\/wp-json\/wp\/v2\/product"}],"about":[{"href":"https:\/\/staging.nbg.eu\/fi\/wp-json\/wp\/v2\/types\/product"}],"wp:featuredmedia":[{"embeddable":true,"href":"https:\/\/staging.nbg.eu\/fi\/wp-json\/wp\/v2\/media\/497546"}],"wp:attachment":[{"href":"https:\/\/staging.nbg.eu\/fi\/wp-json\/wp\/v2\/media?parent=539546"}],"wp:term":[{"taxonomy":"product_brand","embeddable":true,"href":"https:\/\/staging.nbg.eu\/fi\/wp-json\/wp\/v2\/product_brand?post=539546"},{"taxonomy":"product_cat","embeddable":true,"href":"https:\/\/staging.nbg.eu\/fi\/wp-json\/wp\/v2\/product_cat?post=539546"},{"taxonomy":"product_tag","embeddable":true,"href":"https:\/\/staging.nbg.eu\/fi\/wp-json\/wp\/v2\/product_tag?post=539546"}],"curies":[{"name":"wp","href":"https:\/\/api.w.org\/{rel}","templated":true}]}}