{"id":538929,"date":"2025-09-05T17:38:05","date_gmt":"2025-09-05T14:38:05","guid":{"rendered":"https:\/\/staging.nbg.eu\/product\/ar-15-bolt-catch-roll-pin\/"},"modified":"2025-09-30T13:39:44","modified_gmt":"2025-09-30T10:39:44","slug":"ar-15-lukon-pidaetin-rullatapit","status":"publish","type":"product","link":"https:\/\/staging.nbg.eu\/fi\/tuote\/ar-15-lukon-pidaetin-rullatapit\/","title":{"rendered":"AR-15 LUKON PID\u00c4TIN RULLATAPIT"},"content":{"rendered":"<div class=\"product-description\">\n<h2>AR-15 lukonpid\u00e4ttimen tappi<\/h2>\n<p>T\u00e4m\u00e4 lukonpid\u00e4ttimen tappi on tarkoitettu AR-15:lle. Se on valmistettu Yhdysvalloissa.<\/p>\n<ul>\n<li><strong>Brownells-numero:<\/strong> 100044599<\/li>\n<li><strong>Valmistajan numero:<\/strong> 55CA547<\/li>\n<li><strong>UPC:<\/strong> 810046231234<\/li>\n<li><strong>Yhteensopivuus:<\/strong> AR-15 yleismalli<\/li>\n<\/ul>\n<p>T\u00e4m\u00e4 tappi sopii yleisesti AR-15-alustoihin. Se on suunniteltu lukonpid\u00e4ttimen kokoonpanoa varten.<\/p>\n<\/div>\n","protected":false},"excerpt":{"rendered":"<p>Yhdysvalloissa valmistettu AR-15-lukitussalvan tappi. V\u00e4ltt\u00e4m\u00e4t\u00f6n lukitussalvan asennuksessa.<\/p>\n","protected":false},"featured_media":497316,"template":"","meta":{"_acf_changed":false},"product_brand":[],"product_cat":[13225,13174],"product_tag":[],"class_list":{"0":"post-538929","1":"product","2":"type-product","3":"status-publish","4":"has-post-thumbnail","6":"product_cat-kivaeaeri","7":"product_cat-kivaeaerin-viritys","9":"first","10":"instock","11":"taxable","12":"shipping-taxable","13":"purchasable","14":"product-type-simple"},"acf":[],"_links":{"self":[{"href":"https:\/\/staging.nbg.eu\/fi\/wp-json\/wp\/v2\/product\/538929","targetHints":{"allow":["GET"]}}],"collection":[{"href":"https:\/\/staging.nbg.eu\/fi\/wp-json\/wp\/v2\/product"}],"about":[{"href":"https:\/\/staging.nbg.eu\/fi\/wp-json\/wp\/v2\/types\/product"}],"wp:featuredmedia":[{"embeddable":true,"href":"https:\/\/staging.nbg.eu\/fi\/wp-json\/wp\/v2\/media\/497316"}],"wp:attachment":[{"href":"https:\/\/staging.nbg.eu\/fi\/wp-json\/wp\/v2\/media?parent=538929"}],"wp:term":[{"taxonomy":"product_brand","embeddable":true,"href":"https:\/\/staging.nbg.eu\/fi\/wp-json\/wp\/v2\/product_brand?post=538929"},{"taxonomy":"product_cat","embeddable":true,"href":"https:\/\/staging.nbg.eu\/fi\/wp-json\/wp\/v2\/product_cat?post=538929"},{"taxonomy":"product_tag","embeddable":true,"href":"https:\/\/staging.nbg.eu\/fi\/wp-json\/wp\/v2\/product_tag?post=538929"}],"curies":[{"name":"wp","href":"https:\/\/api.w.org\/{rel}","templated":true}]}}