{"id":538298,"date":"2025-09-05T17:34:38","date_gmt":"2025-09-05T14:34:38","guid":{"rendered":"https:\/\/staging.nbg.eu\/product\/pistol-cz-shadow-2-orange-cal-9h19\/"},"modified":"2025-09-30T12:41:11","modified_gmt":"2025-09-30T09:41:11","slug":"pistooli-cz-shadow-2-orange-kal9x19","status":"publish","type":"product","link":"https:\/\/staging.nbg.eu\/fi\/tuote\/pistooli-cz-shadow-2-orange-kal9x19\/","title":{"rendered":"Pistooli CZ Shadow 2 Orange kal.9&#215;19"},"content":{"rendered":"<div class=\"product-description\">\n<h2>CZ Shadow 2 Orange<\/h2>\n<p>CZ Shadow 2 Orange on suunniteltu kilpa-ampujille ja harrastajille.<\/p>\n<h2>Tarkkuus<\/h2>\n<ul>\n<li>Tehtaalla sovitettu piipun holkki<\/li>\n<li>Tehtaalla s\u00e4\u00e4detty liipaisin<\/li>\n<li>K\u00e4sin sovitettu luisti ja runko<\/li>\n<\/ul>\n<h2>Muotoilu<\/h2>\n<ul>\n<li>Kahvat ja lippaan pohjat<\/li>\n<li>Lippaan vapautuspainike<\/li>\n<li>Vaihdettava, s\u00e4\u00e4dett\u00e4v\u00e4 lippaan vapautus kolmella asetuksella<\/li>\n<\/ul>\n<h2>Kest\u00e4vyys<\/h2>\n<ul>\n<li>Nitridipinnoite<\/li>\n<li>Musta polycoat-pinnoite ter\u00e4srungossa<\/li>\n<li>Ohuet alumiinikahvat karhennuksella<\/li>\n<\/ul>\n<h2>T\u00e4ht\u00e4imet<\/h2>\n<ul>\n<li>Valokuituetut\u00e4ht\u00e4in<\/li>\n<li>S\u00e4\u00e4dett\u00e4v\u00e4 HAJO-takat\u00e4ht\u00e4in<\/li>\n<\/ul>\n<h2>Tekniset tiedot<\/h2>\n<ul>\n<li>Kaliiperi: 9mm Luger<\/li>\n<li>Lippaan kapasiteetti: 17+1 patruunaa<\/li>\n<li>Rungon materiaali: Ter\u00e4s<\/li>\n<li>Laukaisumekanismi: SA\/DA<\/li>\n<li>Piippu: Kylm\u00e4taottu, 124,2 mm<\/li>\n<li>Paino: 1318 g<\/li>\n<li>Kokonaispituus: 216,7 mm<\/li>\n<\/ul>\n<p>CZ Shadow 2 Orange on kilpailupistooli, joka tarjoaa tarkkuutta, mukautettavia ominaisuuksia ja kest\u00e4v\u00e4n rakenteen.<\/p>\n<\/div>\n","protected":false},"excerpt":{"rendered":"<p>Huipputarkka 9mm:n pistooli kilpa-ampujille. Erinomainen suorituskyky.<\/p>\n","protected":false},"featured_media":497132,"template":"","meta":{"_acf_changed":false},"product_brand":[],"product_cat":[13182,13172],"product_tag":[],"class_list":{"0":"post-538298","1":"product","2":"type-product","3":"status-publish","4":"has-post-thumbnail","6":"product_cat-pistooli","7":"product_cat-pistoolit","9":"first","10":"instock","11":"taxable","12":"shipping-taxable","13":"purchasable","14":"product-type-simple"},"acf":[],"_links":{"self":[{"href":"https:\/\/staging.nbg.eu\/fi\/wp-json\/wp\/v2\/product\/538298","targetHints":{"allow":["GET"]}}],"collection":[{"href":"https:\/\/staging.nbg.eu\/fi\/wp-json\/wp\/v2\/product"}],"about":[{"href":"https:\/\/staging.nbg.eu\/fi\/wp-json\/wp\/v2\/types\/product"}],"wp:featuredmedia":[{"embeddable":true,"href":"https:\/\/staging.nbg.eu\/fi\/wp-json\/wp\/v2\/media\/497132"}],"wp:attachment":[{"href":"https:\/\/staging.nbg.eu\/fi\/wp-json\/wp\/v2\/media?parent=538298"}],"wp:term":[{"taxonomy":"product_brand","embeddable":true,"href":"https:\/\/staging.nbg.eu\/fi\/wp-json\/wp\/v2\/product_brand?post=538298"},{"taxonomy":"product_cat","embeddable":true,"href":"https:\/\/staging.nbg.eu\/fi\/wp-json\/wp\/v2\/product_cat?post=538298"},{"taxonomy":"product_tag","embeddable":true,"href":"https:\/\/staging.nbg.eu\/fi\/wp-json\/wp\/v2\/product_tag?post=538298"}],"curies":[{"name":"wp","href":"https:\/\/api.w.org\/{rel}","templated":true}]}}