{"id":537732,"date":"2025-09-05T00:17:22","date_gmt":"2025-09-04T21:17:22","guid":{"rendered":"https:\/\/staging.nbg.eu\/product\/badger-ordnance-34mm-condition-one-accessory-ring-cap-tan-700-34\/"},"modified":"2025-09-30T11:50:13","modified_gmt":"2025-09-30T08:50:13","slug":"badger-ordnance-34mm-condition-one-lisaevarusterengas-korkki-tan-700-34","status":"publish","type":"product","link":"https:\/\/staging.nbg.eu\/fi\/tuote\/badger-ordnance-34mm-condition-one-lisaevarusterengas-korkki-tan-700-34\/","title":{"rendered":"BADGER ORDNANCE 34MM CONDITION ONE LIS\u00c4VARUSTERENGAS KORKKI TAN (700-34)"},"content":{"rendered":"<div class=\"product-description\">\n<h2>BADGER ORDNANCE 34MM CONDITION ONE LIS\u00c4VARUSTEIDEN RENGASKORKKI RUSKEA (700-34)<\/h2>\n<p>Condition One Modular Mount -kiinnikkeeseen sopiva Badger Ordnance Condition One lis\u00e4varusteiden rengaskorkki (C1 ARC). T\u00e4m\u00e4 lis\u00e4varuste tarjoaa:<\/p>\n<ul>\n<li>Yhteensopivuus Condition One Modular Mount -kiinnikkeiden kanssa<\/li>\n<li>Kiinnitysmahdollisuudet eteen tai taakse<\/li>\n<li>Yhteensopivuus erilaisten lis\u00e4varusteiden kanssa, kuten laseret\u00e4isyysmittarin kiskot ja kello 12:n punapistet\u00e4ht\u00e4imet<\/li>\n<li>Kiinnitys ja irrotus ilman p\u00e4\u00e4optiikan nollauksen h\u00e4iriintymist\u00e4<\/li>\n<li>Ruskea viimeistely<\/li>\n<\/ul>\n<p>C1 ARC on suunniteltu tarjoamaan mukautettavuutta ja toiminnallisuutta ampujille ja ammattilaisille.<\/p>\n<\/div>\n","protected":false},"excerpt":{"rendered":"<p>Muokattava 34 mm:n rengaskorkki Condition One -kiinnikkeisiin. Monipuolinen lis\u00e4varusteen kiinnitys.<\/p>\n","protected":false},"featured_media":496478,"template":"","meta":{"_acf_changed":false},"product_brand":[11084],"product_cat":[13201,13158],"product_tag":[],"class_list":{"0":"post-537732","1":"product","2":"type-product","3":"status-publish","4":"has-post-thumbnail","6":"product_brand-badger-ordnance","7":"product_cat-taehtaeys","8":"product_cat-taehtaeystarvikkeet","10":"first","11":"instock","12":"taxable","13":"shipping-taxable","14":"purchasable","15":"product-type-simple"},"acf":[],"_links":{"self":[{"href":"https:\/\/staging.nbg.eu\/fi\/wp-json\/wp\/v2\/product\/537732","targetHints":{"allow":["GET"]}}],"collection":[{"href":"https:\/\/staging.nbg.eu\/fi\/wp-json\/wp\/v2\/product"}],"about":[{"href":"https:\/\/staging.nbg.eu\/fi\/wp-json\/wp\/v2\/types\/product"}],"wp:featuredmedia":[{"embeddable":true,"href":"https:\/\/staging.nbg.eu\/fi\/wp-json\/wp\/v2\/media\/496478"}],"wp:attachment":[{"href":"https:\/\/staging.nbg.eu\/fi\/wp-json\/wp\/v2\/media?parent=537732"}],"wp:term":[{"taxonomy":"product_brand","embeddable":true,"href":"https:\/\/staging.nbg.eu\/fi\/wp-json\/wp\/v2\/product_brand?post=537732"},{"taxonomy":"product_cat","embeddable":true,"href":"https:\/\/staging.nbg.eu\/fi\/wp-json\/wp\/v2\/product_cat?post=537732"},{"taxonomy":"product_tag","embeddable":true,"href":"https:\/\/staging.nbg.eu\/fi\/wp-json\/wp\/v2\/product_tag?post=537732"}],"curies":[{"name":"wp","href":"https:\/\/api.w.org\/{rel}","templated":true}]}}