{"id":53728,"date":"2024-03-04T08:23:25","date_gmt":"2024-09-13T12:54:03","guid":{"rendered":"https:\/\/staging.nbg.eu\/product\/bore-tech-bronze-rifle-brush-3-pack-multiple-calibers\/"},"modified":"2024-09-13T12:55:02","modified_gmt":"2024-09-13T12:55:02","slug":"bore-tech-pronssi-kivaeaeriharjat-3-kpl-useita-kaliipereita","status":"publish","type":"product","link":"https:\/\/staging.nbg.eu\/fi\/tuote\/bore-tech-pronssi-kivaeaeriharjat-3-kpl-useita-kaliipereita\/","title":{"rendered":"Bore Tech pronssi kiv\u00e4\u00e4riharjat (3 kpl, useita kaliipereita)"},"content":{"rendered":"<p>\nBore Tech pronssiharjat kiv\u00e4\u00e4reille on valmistettu laadukkaasti ja suunniteltu hyvin. Niiss\u00e4 on kaksinkertainen m\u00e4\u00e4r\u00e4 fosforipronssisia harjaksia puhdistustehon lis\u00e4\u00e4miseksi. Harjojen ominaisuuksia:<\/p>\n<ul>\n<li>Silmukoitu, kaksoiskierretty ydin piipun suojaamiseksi<\/li>\n<li>Lentokonelaatuiset alumiininiidit<\/li>\n<li>Kaliiperin mukaiset harjasten halkaisijat<\/li>\n<li>Saatavilla kaliipereille .17 &#8211; .50<\/li>\n<\/ul>\n<p>Bore Tech-harjat mahdollistavat nopeamman ja tehokkaamman puhdistuksen.<\/p>\n","protected":false},"excerpt":{"rendered":"<p>Laadukas pronssinen kiv\u00e4\u00e4rin puhdistusharja tehokkaaseen ja turvalliseen piipun puhdistukseen.<\/p>\n","protected":false},"featured_media":53729,"template":"","meta":{"_acf_changed":false},"product_brand":[11151],"product_cat":[13206,13233],"product_tag":[],"class_list":{"0":"post-53728","1":"product","2":"type-product","3":"status-publish","4":"has-post-thumbnail","6":"product_brand-boretech","7":"product_cat-aseen-puhdistus","8":"product_cat-harjat","10":"first","11":"instock","12":"taxable","13":"shipping-taxable","14":"purchasable","15":"product-type-variable","16":"wvs-archive-product-wrapper"},"acf":[],"_links":{"self":[{"href":"https:\/\/staging.nbg.eu\/fi\/wp-json\/wp\/v2\/product\/53728","targetHints":{"allow":["GET"]}}],"collection":[{"href":"https:\/\/staging.nbg.eu\/fi\/wp-json\/wp\/v2\/product"}],"about":[{"href":"https:\/\/staging.nbg.eu\/fi\/wp-json\/wp\/v2\/types\/product"}],"wp:featuredmedia":[{"embeddable":true,"href":"https:\/\/staging.nbg.eu\/fi\/wp-json\/wp\/v2\/media\/53729"}],"wp:attachment":[{"href":"https:\/\/staging.nbg.eu\/fi\/wp-json\/wp\/v2\/media?parent=53728"}],"wp:term":[{"taxonomy":"product_brand","embeddable":true,"href":"https:\/\/staging.nbg.eu\/fi\/wp-json\/wp\/v2\/product_brand?post=53728"},{"taxonomy":"product_cat","embeddable":true,"href":"https:\/\/staging.nbg.eu\/fi\/wp-json\/wp\/v2\/product_cat?post=53728"},{"taxonomy":"product_tag","embeddable":true,"href":"https:\/\/staging.nbg.eu\/fi\/wp-json\/wp\/v2\/product_tag?post=53728"}],"curies":[{"name":"wp","href":"https:\/\/api.w.org\/{rel}","templated":true}]}}