{"id":536149,"date":"2025-09-05T00:03:26","date_gmt":"2025-09-04T21:03:26","guid":{"rendered":"https:\/\/staging.nbg.eu\/product\/utg-pro-mp5-monolithic-m-lok-handguard\/"},"modified":"2025-09-29T17:06:18","modified_gmt":"2025-09-29T14:06:18","slug":"utg-pro-mp5-monoliittinen-m-lok-kaesikahva","status":"publish","type":"product","link":"https:\/\/staging.nbg.eu\/fi\/tuote\/utg-pro-mp5-monoliittinen-m-lok-kaesikahva\/","title":{"rendered":"UTG PRO\u00ae MP5 monoliittinen M-LOK k\u00e4sikahva"},"content":{"rendered":"<h2>UTG PRO\u00ae MP5 Monoliittinen M-LOK K\u00e4situki<\/h2>\n<p>MP5:n k\u00e4situki alumiinista. T\u00e4m\u00e4 koneistettu k\u00e4situki tarjoaa kest\u00e4vyytt\u00e4 ja monipuolisuutta aseellesi.<\/p>\n<ul>\n<li>Valmistettu Yhdysvalloissa<\/li>\n<li>T\u00e4ysipitk\u00e4 Picatinny-kisko optiikoille ja lis\u00e4varusteille<\/li>\n<li>M-LOK-kiinnitykset kello 3, 6 ja 9 asennoissa<\/li>\n<li>Matalaprofiilinen muotoilu<\/li>\n<li>Asennus mukana tulevilla tarvikkeilla<\/li>\n<li>Yhteensopiva useimpien MP5-mallien kanssa<\/li>\n<li>Saatavana mattamustana<\/li>\n<\/ul>\n<p>K\u00e4situki MP5:n toiminnallisuuden parantamiseen. Sopii taktiseen ja kilpailuk\u00e4ytt\u00f6\u00f6n.<\/p>\n","protected":false},"excerpt":{"rendered":"<p>UTG PRO\u00ae MP5 M-LOK -etukahva: Kest\u00e4v\u00e4, kevyt ja modulaarinen p\u00e4ivitys.<\/p>\n","protected":false},"featured_media":0,"template":"","meta":{"_acf_changed":false},"product_brand":[],"product_cat":[13173,13225,13174],"product_tag":[],"class_list":{"0":"post-536149","1":"product","2":"type-product","3":"status-publish","5":"product_cat-kiskot","6":"product_cat-kivaeaeri","7":"product_cat-kivaeaerin-viritys","9":"first","10":"instock","11":"taxable","12":"shipping-taxable","13":"purchasable","14":"product-type-simple"},"acf":[],"_links":{"self":[{"href":"https:\/\/staging.nbg.eu\/fi\/wp-json\/wp\/v2\/product\/536149","targetHints":{"allow":["GET"]}}],"collection":[{"href":"https:\/\/staging.nbg.eu\/fi\/wp-json\/wp\/v2\/product"}],"about":[{"href":"https:\/\/staging.nbg.eu\/fi\/wp-json\/wp\/v2\/types\/product"}],"wp:attachment":[{"href":"https:\/\/staging.nbg.eu\/fi\/wp-json\/wp\/v2\/media?parent=536149"}],"wp:term":[{"taxonomy":"product_brand","embeddable":true,"href":"https:\/\/staging.nbg.eu\/fi\/wp-json\/wp\/v2\/product_brand?post=536149"},{"taxonomy":"product_cat","embeddable":true,"href":"https:\/\/staging.nbg.eu\/fi\/wp-json\/wp\/v2\/product_cat?post=536149"},{"taxonomy":"product_tag","embeddable":true,"href":"https:\/\/staging.nbg.eu\/fi\/wp-json\/wp\/v2\/product_tag?post=536149"}],"curies":[{"name":"wp","href":"https:\/\/api.w.org\/{rel}","templated":true}]}}