{"id":535824,"date":"2025-09-05T00:02:56","date_gmt":"2025-09-04T21:02:56","guid":{"rendered":"https:\/\/staging.nbg.eu\/product\/ismi-11-lb-spring-glock-17-gl11\/"},"modified":"2025-09-29T16:30:03","modified_gmt":"2025-09-29T13:30:03","slug":"ismi-11-lb-jousi-glock-17-gl11","status":"publish","type":"product","link":"https:\/\/staging.nbg.eu\/fi\/tuote\/ismi-11-lb-jousi-glock-17-gl11\/","title":{"rendered":"ISMI 11 lb. jousi Glock 17 (GL11)"},"content":{"rendered":"<h2>ISMI 11 lb. Jousi Glock 17:lle (GL11)<\/h2>\n<p>ISMI 11 lb. Jousi (GL11) Glock 17:lle. T\u00e4m\u00e4 jousi on suunniteltu:<\/p>\n<ul>\n<li>Lis\u00e4\u00e4m\u00e4\u00e4n luistin nopeutta<\/li>\n<li>V\u00e4hent\u00e4m\u00e4\u00e4n rekyyli\u00e4<\/li>\n<li>Parantamaan toimintavarmuutta eri patruunatyypeill\u00e4<\/li>\n<li>Toimimaan johdonmukaisesti kaikissa s\u00e4\u00e4olosuhteissa<\/li>\n<\/ul>\n<p>Valmistettu kromi-pii-langasta. 11 lb. luokitus sopii kilpa-ampujille ja sujuvampaa ampumiskokemusta hakeville.<\/p>\n<p>Yhteensopiva Glock 17 -mallien ja vastaavien runkojen kanssa. Helppo asentaa itse.<\/p>\n<p><strong>Tekniset tiedot:<\/strong><\/p>\n<ul>\n<li>Paino: 11 lb<\/li>\n<li>Materiaali: Kromi-pii<\/li>\n<li>Sopii: Glock 17 ja vastaavat mallit<\/li>\n<li>Valmistettu USA:ssa<\/li>\n<\/ul>\n","protected":false},"excerpt":{"rendered":"<p>Vahva 5 kg:n jousi Glock 17:lle. Parantaa liipaisimen vetoa ja palautumista.<\/p>\n","protected":false},"featured_media":0,"template":"","meta":{"_acf_changed":false},"product_brand":[],"product_cat":[13182,13226],"product_tag":[],"class_list":{"0":"post-535824","1":"product","2":"type-product","3":"status-publish","5":"product_cat-pistooli","6":"product_cat-pistoolin-osat","8":"first","9":"outofstock","10":"taxable","11":"shipping-taxable","12":"purchasable","13":"product-type-simple"},"acf":[],"_links":{"self":[{"href":"https:\/\/staging.nbg.eu\/fi\/wp-json\/wp\/v2\/product\/535824","targetHints":{"allow":["GET"]}}],"collection":[{"href":"https:\/\/staging.nbg.eu\/fi\/wp-json\/wp\/v2\/product"}],"about":[{"href":"https:\/\/staging.nbg.eu\/fi\/wp-json\/wp\/v2\/types\/product"}],"wp:attachment":[{"href":"https:\/\/staging.nbg.eu\/fi\/wp-json\/wp\/v2\/media?parent=535824"}],"wp:term":[{"taxonomy":"product_brand","embeddable":true,"href":"https:\/\/staging.nbg.eu\/fi\/wp-json\/wp\/v2\/product_brand?post=535824"},{"taxonomy":"product_cat","embeddable":true,"href":"https:\/\/staging.nbg.eu\/fi\/wp-json\/wp\/v2\/product_cat?post=535824"},{"taxonomy":"product_tag","embeddable":true,"href":"https:\/\/staging.nbg.eu\/fi\/wp-json\/wp\/v2\/product_tag?post=535824"}],"curies":[{"name":"wp","href":"https:\/\/api.w.org\/{rel}","templated":true}]}}