{"id":535605,"date":"2025-09-05T00:01:46","date_gmt":"2025-09-04T21:01:46","guid":{"rendered":"https:\/\/staging.nbg.eu\/product\/rh-502-speedloops-45-mm\/"},"modified":"2025-09-29T16:11:33","modified_gmt":"2025-09-29T13:11:33","slug":"rh-502-speedloops-45-mm","status":"publish","type":"product","link":"https:\/\/staging.nbg.eu\/fi\/tuote\/rh-502-speedloops-45-mm\/","title":{"rendered":"RH .502 Speedloops 45 mm"},"content":{"rendered":"<h2>RH .502 Speedloops 45 mm<\/h2>\n<p>RH .502 Speedloops 45 mm on ter\u00e4slenkit, jotka on suunniteltu cydex-koteloille ja RH Holster -tuotteille.<\/p>\n<h3>Ominaisuudet:<\/h3>\n<ul>\n<li>Helppo k\u00e4ytt\u00e4\u00e4: Ei vaadi vy\u00f6n pujottelua<\/li>\n<li>Valmistettu ter\u00e4ksest\u00e4, musta lakkapinta<\/li>\n<li>Sopii v\u00f6ille, joiden paksuus on enint\u00e4\u00e4n 7 mm<\/li>\n<li>45 mm koko<\/li>\n<\/ul>\n<p>SpeedLoops RH Holsters mahdollistaa cydex-kotelon kiinnitt\u00e4misen vy\u00f6h\u00f6n. Aseta lenkki hieman l\u00f6ys\u00e4ttyyn vy\u00f6h\u00f6n.<\/p>\n<h3>Edut:<\/h3>\n<ul>\n<li>Suunniteltu cydex-koteloille<\/li>\n<li>Yhteensopiva RH Holster -koteloiden kanssa<\/li>\n<li>Ei vaadi vy\u00f6n pujottelua<\/li>\n<\/ul>\n<p><strong>V\u00e4ri:<\/strong> Musta<\/p>\n<p><strong>Koko:<\/strong> 45 mm<\/p>\n<p>RH .502 Speedloops 45 mm helpottaa kotelo-j\u00e4rjestelm\u00e4n k\u00e4ytt\u00f6\u00e4.<\/p>\n","protected":false},"excerpt":{"rendered":"<p>RH .502 Speedloops: Nopeasti kiinnitett\u00e4v\u00e4t ter\u00e4slenkit Cydex-koteloille, 45 mm.<\/p>\n","protected":false},"featured_media":496145,"template":"","meta":{"_acf_changed":false},"product_brand":[11633],"product_cat":[13212],"product_tag":[],"class_list":{"0":"post-535605","1":"product","2":"type-product","3":"status-publish","4":"has-post-thumbnail","6":"product_brand-rh-holsters","7":"product_cat-kotelotarvikkeet","9":"first","10":"outofstock","11":"taxable","12":"shipping-taxable","13":"purchasable","14":"product-type-simple"},"acf":[],"_links":{"self":[{"href":"https:\/\/staging.nbg.eu\/fi\/wp-json\/wp\/v2\/product\/535605","targetHints":{"allow":["GET"]}}],"collection":[{"href":"https:\/\/staging.nbg.eu\/fi\/wp-json\/wp\/v2\/product"}],"about":[{"href":"https:\/\/staging.nbg.eu\/fi\/wp-json\/wp\/v2\/types\/product"}],"wp:featuredmedia":[{"embeddable":true,"href":"https:\/\/staging.nbg.eu\/fi\/wp-json\/wp\/v2\/media\/496145"}],"wp:attachment":[{"href":"https:\/\/staging.nbg.eu\/fi\/wp-json\/wp\/v2\/media?parent=535605"}],"wp:term":[{"taxonomy":"product_brand","embeddable":true,"href":"https:\/\/staging.nbg.eu\/fi\/wp-json\/wp\/v2\/product_brand?post=535605"},{"taxonomy":"product_cat","embeddable":true,"href":"https:\/\/staging.nbg.eu\/fi\/wp-json\/wp\/v2\/product_cat?post=535605"},{"taxonomy":"product_tag","embeddable":true,"href":"https:\/\/staging.nbg.eu\/fi\/wp-json\/wp\/v2\/product_tag?post=535605"}],"curies":[{"name":"wp","href":"https:\/\/api.w.org\/{rel}","templated":true}]}}