{"id":535392,"date":"2025-09-04T23:53:51","date_gmt":"2025-09-04T20:53:51","guid":{"rendered":"https:\/\/staging.nbg.eu\/product\/law-tactical-llc-ar-15-m16-gen3-m-folding-stock-adapter-99312\/"},"modified":"2025-09-29T15:51:34","modified_gmt":"2025-09-29T12:51:34","slug":"law-tactical-llc-ar-15m16-gen3-m-taittuva-perae-sovitin-99312","status":"publish","type":"product","link":"https:\/\/staging.nbg.eu\/fi\/tuote\/law-tactical-llc-ar-15m16-gen3-m-taittuva-perae-sovitin-99312\/","title":{"rendered":"LAW TACTICAL LLC AR-15\/M16 Gen3-M taittuva per\u00e4 sovitin (99312)"},"content":{"rendered":"<h2>LAW TACTICAL LLC AR-15\/M16 Gen3-M Taittuvan per\u00e4n adapteri (99312)<\/h2>\n<p>AR-alustan kiv\u00e4\u00e4riin sopiva taittuvan per\u00e4n adapteri. T\u00e4m\u00e4 lis\u00e4varuste toimii sek\u00e4 suoran impingementin ett\u00e4 kaasum\u00e4nn\u00e4n j\u00e4rjestelmiss\u00e4, sopien A2-, karbiiini-, mil-spec- tai kaupallisiin puskuriputkiin ja periin.<\/p>\n<ul>\n<li>Yhteensopiva vakiomallisten lukon runkojen kanssa (t\u00e4ysautomaatti, puoliautomaatti, 5.56 &#8211; .308)<\/li>\n<li>Sopii huomaamattomaan kuljetukseen<\/li>\n<li>Yksinkertainen yhden napin vapautus taittamiseen<\/li>\n<li>Automaattinen lukitus avattaessa<\/li>\n<li>CNC-koneistettu 4140-ter\u00e4ksest\u00e4<\/li>\n<li>Suunniteltu, valmistettu ja koottu Yhdysvalloissa<\/li>\n<li>Integroitu yhden pisteen hihnan kiinnitys<\/li>\n<\/ul>\n<p>Lis\u00e4\u00e4 AR:n monik\u00e4ytt\u00f6isyytt\u00e4 toiminnallisuudesta tinkim\u00e4tt\u00e4.<\/p>\n","protected":false},"excerpt":{"rendered":"<p>Kompakti AR-15\/M16 taittuva per\u00e4n sovitin matalaprofiilista kuljetusta varten.<\/p>\n","protected":false},"featured_media":496050,"template":"","meta":{"_acf_changed":false},"product_brand":[],"product_cat":[13225,13185,13174],"product_tag":[],"class_list":{"0":"post-535392","1":"product","2":"type-product","3":"status-publish","4":"has-post-thumbnail","6":"product_cat-kivaeaeri","7":"product_cat-kivaeaerin-tukit","8":"product_cat-kivaeaerin-viritys","10":"first","11":"instock","12":"taxable","13":"shipping-taxable","14":"purchasable","15":"product-type-simple"},"acf":[],"_links":{"self":[{"href":"https:\/\/staging.nbg.eu\/fi\/wp-json\/wp\/v2\/product\/535392","targetHints":{"allow":["GET"]}}],"collection":[{"href":"https:\/\/staging.nbg.eu\/fi\/wp-json\/wp\/v2\/product"}],"about":[{"href":"https:\/\/staging.nbg.eu\/fi\/wp-json\/wp\/v2\/types\/product"}],"wp:featuredmedia":[{"embeddable":true,"href":"https:\/\/staging.nbg.eu\/fi\/wp-json\/wp\/v2\/media\/496050"}],"wp:attachment":[{"href":"https:\/\/staging.nbg.eu\/fi\/wp-json\/wp\/v2\/media?parent=535392"}],"wp:term":[{"taxonomy":"product_brand","embeddable":true,"href":"https:\/\/staging.nbg.eu\/fi\/wp-json\/wp\/v2\/product_brand?post=535392"},{"taxonomy":"product_cat","embeddable":true,"href":"https:\/\/staging.nbg.eu\/fi\/wp-json\/wp\/v2\/product_cat?post=535392"},{"taxonomy":"product_tag","embeddable":true,"href":"https:\/\/staging.nbg.eu\/fi\/wp-json\/wp\/v2\/product_tag?post=535392"}],"curies":[{"name":"wp","href":"https:\/\/api.w.org\/{rel}","templated":true}]}}