{"id":535283,"date":"2025-09-04T23:53:23","date_gmt":"2025-09-04T20:53:23","guid":{"rendered":"https:\/\/staging.nbg.eu\/product\/bravo-company-bcmgunfighter-quick-detach-sling-swivel-heavy-duty-design-bcm-qdss-2\/"},"modified":"2025-09-29T15:42:35","modified_gmt":"2025-09-29T12:42:35","slug":"bravo-company-bcmgunfighter-pikairrotus-hihnapyoeroe-raskaan-kaeytoen-malli-bcm-qdss-2","status":"publish","type":"product","link":"https:\/\/staging.nbg.eu\/fi\/tuote\/bravo-company-bcmgunfighter-pikairrotus-hihnapyoeroe-raskaan-kaeytoen-malli-bcm-qdss-2\/","title":{"rendered":"BRAVO COMPANY BCMGUNFIGHTER pikairrotus hihnapy\u00f6r\u00f6 raskaan k\u00e4yt\u00f6n malli (BCM-QDSs-2)"},"content":{"rendered":"<h2>BCMGUNFIGHTER\u2122 Pikairrotettava hihnan kiinnike (Vahva malli)<\/h2>\n<p>BCMGUNFIGHTER\u2122 Pikairrotettava hihnan kiinnike (BCM-QDSs-2). T\u00e4m\u00e4 vahva malli on suunniteltu 1-1\/4&#8243; hihnoille.<\/p>\n<ul>\n<li>Tasainen painike est\u00e4\u00e4 tahattoman irtoamisen<\/li>\n<li>Pintak\u00e4sitelty tasaiseksi ja hiekkapuhallettu ennen pinnoitusta<\/li>\n<li>Valmistettu hiiliter\u00e4ksest\u00e4 mangaanifosfaattipinnoitteella<\/li>\n<li>Yhteensopiva 1-1\/4&#8243; hihnojen kanssa<\/li>\n<\/ul>\n<p>T\u00e4m\u00e4 hihnan kiinnike on valmistettu Yhdysvalloissa.<\/p>\n","protected":false},"excerpt":{"rendered":"<p>Kest\u00e4v\u00e4, Yhdysvalloissa valmistettu QD-hihnalenkki 1,25 tuuman hihnoille. Turvallinen ja kest\u00e4v\u00e4.<\/p>\n","protected":false},"featured_media":495889,"template":"","meta":{"_acf_changed":false},"product_brand":[11061],"product_cat":[13188,13225,13174],"product_tag":[],"class_list":{"0":"post-535283","1":"product","2":"type-product","3":"status-publish","4":"has-post-thumbnail","6":"product_brand-bcm","7":"product_cat-hihnat","8":"product_cat-kivaeaeri","9":"product_cat-kivaeaerin-viritys","11":"first","12":"outofstock","13":"taxable","14":"shipping-taxable","15":"purchasable","16":"product-type-simple"},"acf":[],"_links":{"self":[{"href":"https:\/\/staging.nbg.eu\/fi\/wp-json\/wp\/v2\/product\/535283","targetHints":{"allow":["GET"]}}],"collection":[{"href":"https:\/\/staging.nbg.eu\/fi\/wp-json\/wp\/v2\/product"}],"about":[{"href":"https:\/\/staging.nbg.eu\/fi\/wp-json\/wp\/v2\/types\/product"}],"wp:featuredmedia":[{"embeddable":true,"href":"https:\/\/staging.nbg.eu\/fi\/wp-json\/wp\/v2\/media\/495889"}],"wp:attachment":[{"href":"https:\/\/staging.nbg.eu\/fi\/wp-json\/wp\/v2\/media?parent=535283"}],"wp:term":[{"taxonomy":"product_brand","embeddable":true,"href":"https:\/\/staging.nbg.eu\/fi\/wp-json\/wp\/v2\/product_brand?post=535283"},{"taxonomy":"product_cat","embeddable":true,"href":"https:\/\/staging.nbg.eu\/fi\/wp-json\/wp\/v2\/product_cat?post=535283"},{"taxonomy":"product_tag","embeddable":true,"href":"https:\/\/staging.nbg.eu\/fi\/wp-json\/wp\/v2\/product_tag?post=535283"}],"curies":[{"name":"wp","href":"https:\/\/api.w.org\/{rel}","templated":true}]}}