{"id":534952,"date":"2025-09-04T20:17:18","date_gmt":"2025-09-04T17:17:18","guid":{"rendered":"https:\/\/staging.nbg.eu\/product\/sprinco-usa-ar-308-buferna-pruzhina-25004-cherveno\/"},"modified":"2025-09-29T14:58:44","modified_gmt":"2025-09-29T11:58:44","slug":"sprinco-usa-ar-308-puskurijousi-25004-punainen","status":"publish","type":"product","link":"https:\/\/staging.nbg.eu\/fi\/tuote\/sprinco-usa-ar-308-puskurijousi-25004-punainen\/","title":{"rendered":"SPRINCO USA AR .308 Puskurijousi (25004) Punainen"},"content":{"rendered":"<div class=\"product-description\">\n<h2>SPRINCO USA AR .308 Puskurijousi (25004) Punainen<\/h2>\n<p>SPRINCO USA AR .308 Puskurijousi (25004) Punainen AR-alustaisille aseille. T\u00e4m\u00e4 kromipiiter\u00e4sjousi tarjoaa:<\/p>\n<ul>\n<li>Kest\u00e4vyys ja pitk\u00e4ik\u00e4isyys<\/li>\n<li>Luotettavuus ja toiminta, erityisesti ylikaasutustilanteissa<\/li>\n<li>V\u00e4hentynyt lukon pomppiminen<\/li>\n<li>Rekyylin hallinta<\/li>\n<li>Yhteensopivuus \u00e4\u00e4nenvaimenninta k\u00e4ytt\u00e4vien aseiden kanssa<\/li>\n<\/ul>\n<p>Suunniteltu M4 ja CAR-15 karbiinin puskurij\u00e4rjestelmille. Jousi on v\u00e4rilt\u00e4\u00e4n punainen. Pakattu suojaavaan kovaan putkeen. Sopii AR-15 alustaisiin karbiineihin.<\/p>\n<\/div>\n","protected":false},"excerpt":{"rendered":"<p>Tehokas AR .308 puskurijousi. Punainen v\u00e4ri, parantaa luotettavuutta.<\/p>\n","protected":false},"featured_media":495520,"template":"","meta":{"_acf_changed":false},"product_brand":[],"product_cat":[13236,13174],"product_tag":[],"class_list":{"0":"post-534952","1":"product","2":"type-product","3":"status-publish","4":"has-post-thumbnail","6":"product_cat-jouset","7":"product_cat-kivaeaerin-viritys","9":"first","10":"instock","11":"taxable","12":"shipping-taxable","13":"purchasable","14":"product-type-simple"},"acf":[],"_links":{"self":[{"href":"https:\/\/staging.nbg.eu\/fi\/wp-json\/wp\/v2\/product\/534952","targetHints":{"allow":["GET"]}}],"collection":[{"href":"https:\/\/staging.nbg.eu\/fi\/wp-json\/wp\/v2\/product"}],"about":[{"href":"https:\/\/staging.nbg.eu\/fi\/wp-json\/wp\/v2\/types\/product"}],"wp:featuredmedia":[{"embeddable":true,"href":"https:\/\/staging.nbg.eu\/fi\/wp-json\/wp\/v2\/media\/495520"}],"wp:attachment":[{"href":"https:\/\/staging.nbg.eu\/fi\/wp-json\/wp\/v2\/media?parent=534952"}],"wp:term":[{"taxonomy":"product_brand","embeddable":true,"href":"https:\/\/staging.nbg.eu\/fi\/wp-json\/wp\/v2\/product_brand?post=534952"},{"taxonomy":"product_cat","embeddable":true,"href":"https:\/\/staging.nbg.eu\/fi\/wp-json\/wp\/v2\/product_cat?post=534952"},{"taxonomy":"product_tag","embeddable":true,"href":"https:\/\/staging.nbg.eu\/fi\/wp-json\/wp\/v2\/product_tag?post=534952"}],"curies":[{"name":"wp","href":"https:\/\/api.w.org\/{rel}","templated":true}]}}