{"id":534847,"date":"2025-09-04T20:17:18","date_gmt":"2025-09-04T17:17:18","guid":{"rendered":"https:\/\/staging.nbg.eu\/product\/sprinco-usa-enhanced-4-coil-bolt-carrier-extractor-cs-spring-3-pak-25435-red\/"},"modified":"2025-09-29T14:49:45","modified_gmt":"2025-09-29T11:49:45","slug":"sprinco-usa-vahvistettu-4-kierros-lukkokehaen-uuttimen-jousi-3-pakkaus-25435-punainen","status":"publish","type":"product","link":"https:\/\/staging.nbg.eu\/fi\/tuote\/sprinco-usa-vahvistettu-4-kierros-lukkokehaen-uuttimen-jousi-3-pakkaus-25435-punainen\/","title":{"rendered":"SPRINCO USA vahvistettu 4-kierros lukkokeh\u00e4n uuttimen jousi 3-pakkaus (25435) Punainen"},"content":{"rendered":"<div class=\"product-description\">\n<h2>SPRINCO USA 4-KIERTEINEN LUKON ULOSVET\u00c4J\u00c4N CS-JOUSI 3 KPL PAKKAUS (25435) Punainen<\/h2>\n<p>Sprincon USA:ssa valmistettu 4-kierteinen lukon ulosvet\u00e4j\u00e4n CS-jousi 3 kpl pakkaus. Valmistettu l\u00e4mp\u00f6k\u00e4sitellyst\u00e4, j\u00e4nnitysvapaasta kromi-pii-ter\u00e4slangasta. Jousille on tehty kryogeeninen k\u00e4sittely ja molybdeenidisulfidipinnoite.<\/p>\n<ul>\n<li>S\u00e4ilytt\u00e4\u00e4 uuden Mil-Spec-jousen pidennetyn k\u00e4ytt\u00f6jakson kuorman<\/li>\n<li>Sopii 18&#8243;+ piippupituuksille ja hylsyjen talteenottoon<\/li>\n<li>L\u00e4mm\u00f6nkest\u00e4vyys 750\u00b0F asti<\/li>\n<li>Pitk\u00e4t k\u00e4ytt\u00f6jaksot tasaisella suorituskyvyll\u00e4<\/li>\n<li>Pitk\u00e4kestoinen &#8221;plug &amp; play&#8221; ratkaisu<\/li>\n<\/ul>\n<p>Sprincon ulosvet\u00e4j\u00e4n jouset parantavat aseen toimintaa ja k\u00e4ytt\u00f6ik\u00e4\u00e4.<\/p>\n<\/div>\n","protected":false},"excerpt":{"rendered":"<p>Kest\u00e4v\u00e4t 4-kierteelliset ulosvet\u00e4j\u00e4jouset pitk\u00e4kestoiseen k\u00e4ytt\u00f6\u00f6n. Valmistettu Yhdysvalloissa.<\/p>\n","protected":false},"featured_media":495494,"template":"","meta":{"_acf_changed":false},"product_brand":[],"product_cat":[13241],"product_tag":[],"class_list":{"0":"post-534847","1":"product","2":"type-product","3":"status-publish","4":"has-post-thumbnail","6":"product_cat-luokittelematon","8":"first","9":"instock","10":"taxable","11":"shipping-taxable","12":"purchasable","13":"product-type-simple"},"acf":[],"_links":{"self":[{"href":"https:\/\/staging.nbg.eu\/fi\/wp-json\/wp\/v2\/product\/534847","targetHints":{"allow":["GET"]}}],"collection":[{"href":"https:\/\/staging.nbg.eu\/fi\/wp-json\/wp\/v2\/product"}],"about":[{"href":"https:\/\/staging.nbg.eu\/fi\/wp-json\/wp\/v2\/types\/product"}],"wp:featuredmedia":[{"embeddable":true,"href":"https:\/\/staging.nbg.eu\/fi\/wp-json\/wp\/v2\/media\/495494"}],"wp:attachment":[{"href":"https:\/\/staging.nbg.eu\/fi\/wp-json\/wp\/v2\/media?parent=534847"}],"wp:term":[{"taxonomy":"product_brand","embeddable":true,"href":"https:\/\/staging.nbg.eu\/fi\/wp-json\/wp\/v2\/product_brand?post=534847"},{"taxonomy":"product_cat","embeddable":true,"href":"https:\/\/staging.nbg.eu\/fi\/wp-json\/wp\/v2\/product_cat?post=534847"},{"taxonomy":"product_tag","embeddable":true,"href":"https:\/\/staging.nbg.eu\/fi\/wp-json\/wp\/v2\/product_tag?post=534847"}],"curies":[{"name":"wp","href":"https:\/\/api.w.org\/{rel}","templated":true}]}}