{"id":534730,"date":"2025-09-04T20:17:18","date_gmt":"2025-09-04T17:17:18","guid":{"rendered":"https:\/\/staging.nbg.eu\/product\/law-tactical-llc-ar-15-m16-gen3-m-folding-stock-adapter-fde-99313\/"},"modified":"2025-09-29T13:46:05","modified_gmt":"2025-09-29T10:46:05","slug":"law-tactical-llc-ar-15m16-gen3-m-taittuva-perae-sovitin-fde-99313","status":"publish","type":"product","link":"https:\/\/staging.nbg.eu\/fi\/tuote\/law-tactical-llc-ar-15m16-gen3-m-taittuva-perae-sovitin-fde-99313\/","title":{"rendered":"LAW TACTICAL LLC AR-15\/M16 Gen3-M taittuva per\u00e4 sovitin FDE (99313)"},"content":{"rendered":"<div class=\"product-description\">\n<h2>LAW TACTICAL LLC AR-15\/M16 Gen3-M Taittuvan per\u00e4n sovitin FDE (99313)<\/h2>\n<p>LAW TACTICAL Gen3-M taittuvan per\u00e4n sovitin AR-15:lle. T\u00e4m\u00e4 ter\u00e4ksinen sovitin mahdollistaa taittuvan per\u00e4n asentamisen, mik\u00e4 tekee aseesta kompaktin.<\/p>\n<ul>\n<li>Yhteensopiva tavallisten kaasutoimisten ja kaasupisteellisten j\u00e4rjestelmien kanssa<\/li>\n<li>Hyv\u00e4ksyy A2, mil-spec M4-tyyliset ja kaupalliset karbiinin vastaanottoputket<\/li>\n<li>Toimii tavallisten lukonkehysten kanssa, mukaan lukien t\u00e4ysautomaattiset ja .308-kokoiset<\/li>\n<li>Yhden painikkeen k\u00e4ytt\u00f6 nopeaan taittamiseen ja avaamiseen<\/li>\n<li>S\u00e4\u00e4dett\u00e4v\u00e4 saranan j\u00e4ykkyys<\/li>\n<li>DLC-pinnoite kest\u00e4vyytt\u00e4 varten<\/li>\n<li>Lis\u00e4\u00e4 1,3&#8243; vetopituuteen<\/li>\n<li>Paino: 8,5 unssia<\/li>\n<\/ul>\n<p><strong>Huomio:<\/strong> \u00c4l\u00e4 ammu asetta per\u00e4 taitettuna. Yhteensopiva vain Centerfire- ja Mil-Spec-kehysten tai yhteensopivien AR 9mm luistien kanssa.<\/p>\n<\/div>\n","protected":false},"excerpt":{"rendered":"<p>Kompakti AR-15 taittuva per\u00e4n sovitin helppoon kuljetukseen ja s\u00e4ilytykseen.<\/p>\n","protected":false},"featured_media":495379,"template":"","meta":{"_acf_changed":false},"product_brand":[],"product_cat":[13225,13185,13174],"product_tag":[],"class_list":{"0":"post-534730","1":"product","2":"type-product","3":"status-publish","4":"has-post-thumbnail","6":"product_cat-kivaeaeri","7":"product_cat-kivaeaerin-tukit","8":"product_cat-kivaeaerin-viritys","10":"first","11":"instock","12":"taxable","13":"shipping-taxable","14":"purchasable","15":"product-type-simple"},"acf":[],"_links":{"self":[{"href":"https:\/\/staging.nbg.eu\/fi\/wp-json\/wp\/v2\/product\/534730","targetHints":{"allow":["GET"]}}],"collection":[{"href":"https:\/\/staging.nbg.eu\/fi\/wp-json\/wp\/v2\/product"}],"about":[{"href":"https:\/\/staging.nbg.eu\/fi\/wp-json\/wp\/v2\/types\/product"}],"wp:featuredmedia":[{"embeddable":true,"href":"https:\/\/staging.nbg.eu\/fi\/wp-json\/wp\/v2\/media\/495379"}],"wp:attachment":[{"href":"https:\/\/staging.nbg.eu\/fi\/wp-json\/wp\/v2\/media?parent=534730"}],"wp:term":[{"taxonomy":"product_brand","embeddable":true,"href":"https:\/\/staging.nbg.eu\/fi\/wp-json\/wp\/v2\/product_brand?post=534730"},{"taxonomy":"product_cat","embeddable":true,"href":"https:\/\/staging.nbg.eu\/fi\/wp-json\/wp\/v2\/product_cat?post=534730"},{"taxonomy":"product_tag","embeddable":true,"href":"https:\/\/staging.nbg.eu\/fi\/wp-json\/wp\/v2\/product_tag?post=534730"}],"curies":[{"name":"wp","href":"https:\/\/api.w.org\/{rel}","templated":true}]}}