{"id":533852,"date":"2025-09-04T18:48:24","date_gmt":"2025-09-04T15:48:24","guid":{"rendered":"https:\/\/staging.nbg.eu\/product\/utg-h2-hard-coat-heavy-recoil-buffer-ar-15-m4-m16-rb-t6bfh2\/"},"modified":"2025-09-29T11:12:26","modified_gmt":"2025-09-29T08:12:26","slug":"utg-h2-hard-coat-raskas-rekyylivaimennin-ar-15-m4-m16-rb-t6bfh2","status":"publish","type":"product","link":"https:\/\/staging.nbg.eu\/fi\/tuote\/utg-h2-hard-coat-raskas-rekyylivaimennin-ar-15-m4-m16-rb-t6bfh2\/","title":{"rendered":"UTG &#8211; H2 Hard Coat raskas rekyylivaimennin &#8211; AR-15 \/ M4 \/ M16 &#8211; RB-T6BFH2"},"content":{"rendered":"<div class=\"product-description\">\n<h2>UTG &#8211; H2 Kovapinnoitettu Raskas Rekyylinvaimennin &#8211; AR-15 \/ M4 \/ M16<\/h2>\n<p>UTG H2 Raskas Rekyylinvaimennin AR-15 alustalle. T\u00e4m\u00e4n puskurin ominaisuudet:<\/p>\n<ul>\n<li>2 raskasta volframipainoa ja 1 ter\u00e4spaino toiminnan parantamiseksi<\/li>\n<li>Vahvistettu puskurirunko kovapinnoitteella kest\u00e4vyyden lis\u00e4\u00e4miseksi<\/li>\n<li>Tiukasti istuva puskurin p\u00e4\u00e4ty<\/li>\n<li>Kokonaispaino: 4.6 unssia<\/li>\n<\/ul>\n<p>Yhteensopiva AR-15, M4 ja M16 mallien kanssa, t\u00e4m\u00e4 mattamusta puskuri on suunniteltu v\u00e4hent\u00e4m\u00e4\u00e4n rekyyli\u00e4. Volframin, ter\u00e4ksen ja alumiinin yhdistelm\u00e4 varmistaa kest\u00e4vyyden ja tasaisen suorituskyvyn.<\/p>\n<\/div>\n","protected":false},"excerpt":{"rendered":"<p>UTG H2 -raskas rekyylinvaimennin: Tasaisempi toiminta AR-15-karbiineille.<\/p>\n","protected":false},"featured_media":494363,"template":"","meta":{"_acf_changed":false},"product_brand":[],"product_cat":[13174],"product_tag":[],"class_list":{"0":"post-533852","1":"product","2":"type-product","3":"status-publish","4":"has-post-thumbnail","6":"product_cat-kivaeaerin-viritys","8":"first","9":"instock","10":"taxable","11":"shipping-taxable","12":"purchasable","13":"product-type-simple"},"acf":[],"_links":{"self":[{"href":"https:\/\/staging.nbg.eu\/fi\/wp-json\/wp\/v2\/product\/533852","targetHints":{"allow":["GET"]}}],"collection":[{"href":"https:\/\/staging.nbg.eu\/fi\/wp-json\/wp\/v2\/product"}],"about":[{"href":"https:\/\/staging.nbg.eu\/fi\/wp-json\/wp\/v2\/types\/product"}],"wp:featuredmedia":[{"embeddable":true,"href":"https:\/\/staging.nbg.eu\/fi\/wp-json\/wp\/v2\/media\/494363"}],"wp:attachment":[{"href":"https:\/\/staging.nbg.eu\/fi\/wp-json\/wp\/v2\/media?parent=533852"}],"wp:term":[{"taxonomy":"product_brand","embeddable":true,"href":"https:\/\/staging.nbg.eu\/fi\/wp-json\/wp\/v2\/product_brand?post=533852"},{"taxonomy":"product_cat","embeddable":true,"href":"https:\/\/staging.nbg.eu\/fi\/wp-json\/wp\/v2\/product_cat?post=533852"},{"taxonomy":"product_tag","embeddable":true,"href":"https:\/\/staging.nbg.eu\/fi\/wp-json\/wp\/v2\/product_tag?post=533852"}],"curies":[{"name":"wp","href":"https:\/\/api.w.org\/{rel}","templated":true}]}}