{"id":533740,"date":"2025-09-04T18:48:23","date_gmt":"2025-09-04T15:48:23","guid":{"rendered":"https:\/\/staging.nbg.eu\/product\/utg-h3-carbine-buffer-ar15-m4-rb-t6bfh3\/"},"modified":"2025-09-29T11:03:37","modified_gmt":"2025-09-29T08:03:37","slug":"utg-h3-karbiinipuskuri-ar15-m4-rb-t6bfh3","status":"publish","type":"product","link":"https:\/\/staging.nbg.eu\/fi\/tuote\/utg-h3-karbiinipuskuri-ar15-m4-rb-t6bfh3\/","title":{"rendered":"UTG &#8211; H3 Karbiinipuskuri &#8211; AR15 \/ M4 &#8211; RB-T6BFH3"},"content":{"rendered":"<div class=\"product-description\">\n<h2>UTG &#8211; H3 Karbiinikannatin &#8211; AR15 \/ M4 &#8211; RB-T6BFH3<\/h2>\n<p>UTG H3 Kovapinnoitteinen rekyylikannatin AR15:lle. T\u00e4m\u00e4n kannattimen ominaisuudet:<\/p>\n<ul>\n<li>3 raskasta volframipainoa<\/li>\n<li>Vahvistettu 6061-T6 alumiinirunko kovapinnoitteella<\/li>\n<li>Tiiviisti istuva p\u00e4\u00e4tyosa<\/li>\n<li>Pident\u00e4\u00e4 viiveaikaa ja helpottaa hylsyn poistoa<\/li>\n<li>V\u00e4hent\u00e4\u00e4 rekyyli\u00e4<\/li>\n<li>Voi parantaa tarkkuutta hieman raskaammilla kaliibereilla<\/li>\n<\/ul>\n<p>Paino 5,4 unssia. Suunniteltu tekem\u00e4\u00e4n AR-alustasta mukavampi k\u00e4ytt\u00e4\u00e4 ja mahdollisesti tarkempi.<\/p>\n","protected":false},"excerpt":{"rendered":"<p>UTG H3 kiv\u00e4\u00e4rinpuskuri: V\u00e4hent\u00e4\u00e4 rekyyli\u00e4, parantaa mukavuutta AR15\/M4-aseissa.<\/p>\n","protected":false},"featured_media":494315,"template":"","meta":{"_acf_changed":false},"product_brand":[],"product_cat":[13174],"product_tag":[],"class_list":{"0":"post-533740","1":"product","2":"type-product","3":"status-publish","4":"has-post-thumbnail","6":"product_cat-kivaeaerin-viritys","8":"first","9":"instock","10":"taxable","11":"shipping-taxable","12":"purchasable","13":"product-type-simple"},"acf":[],"_links":{"self":[{"href":"https:\/\/staging.nbg.eu\/fi\/wp-json\/wp\/v2\/product\/533740","targetHints":{"allow":["GET"]}}],"collection":[{"href":"https:\/\/staging.nbg.eu\/fi\/wp-json\/wp\/v2\/product"}],"about":[{"href":"https:\/\/staging.nbg.eu\/fi\/wp-json\/wp\/v2\/types\/product"}],"wp:featuredmedia":[{"embeddable":true,"href":"https:\/\/staging.nbg.eu\/fi\/wp-json\/wp\/v2\/media\/494315"}],"wp:attachment":[{"href":"https:\/\/staging.nbg.eu\/fi\/wp-json\/wp\/v2\/media?parent=533740"}],"wp:term":[{"taxonomy":"product_brand","embeddable":true,"href":"https:\/\/staging.nbg.eu\/fi\/wp-json\/wp\/v2\/product_brand?post=533740"},{"taxonomy":"product_cat","embeddable":true,"href":"https:\/\/staging.nbg.eu\/fi\/wp-json\/wp\/v2\/product_cat?post=533740"},{"taxonomy":"product_tag","embeddable":true,"href":"https:\/\/staging.nbg.eu\/fi\/wp-json\/wp\/v2\/product_tag?post=533740"}],"curies":[{"name":"wp","href":"https:\/\/api.w.org\/{rel}","templated":true}]}}