{"id":533332,"date":"2025-09-07T23:46:53","date_gmt":"2025-09-07T20:46:53","guid":{"rendered":"https:\/\/staging.nbg.eu\/product\/vanward-thread-insert\/"},"modified":"2025-09-29T10:50:16","modified_gmt":"2025-09-29T07:50:16","slug":"vanward-kierresissaeke","status":"publish","type":"product","link":"https:\/\/staging.nbg.eu\/fi\/tuote\/vanward-kierresissaeke\/","title":{"rendered":"Vanward Kierresiss\u00e4ke"},"content":{"rendered":"<div class=\"product-description\">\n<h2>Vanward-kierreosa<\/h2>\n<p>Vanward Hunter ja Hunter Pro -\u00e4\u00e4nenvaimentimiin sopivat ter\u00e4ksiset kierreosat. Saatavilla useita kokoja ja malleja:<\/p>\n<ul>\n<li>M13<\/li>\n<li>M14<\/li>\n<li>M15<\/li>\n<li>M17<\/li>\n<li>M18<\/li>\n<li>M22<\/li>\n<\/ul>\n<p>N\u00e4m\u00e4 kierreosat on suunniteltu sopimaan \u00e4\u00e4nenvaimentimen holkkiin. Ne on valmistettu ter\u00e4ksest\u00e4 ja soveltuvat erilaisiin ampumaolosuhteisiin.<\/p>\n<p>Yhteensopiva sek\u00e4 Vanward Hunter ett\u00e4 Hunter Pro -mallien kanssa. N\u00e4m\u00e4 kierreosat ovat asennettavissa Vanward-\u00e4\u00e4nenvaimentimiin.<\/p>\n<\/div>\n","protected":false},"excerpt":{"rendered":"<p>Vanward-kierreosa: Ter\u00e4sliittimet Hunter-\u00e4\u00e4nenvaimentimiin, M13-M22.<\/p>\n","protected":false},"featured_media":501452,"template":"","meta":{"_acf_changed":false},"product_brand":[11930],"product_cat":[13197,13160,13178],"product_tag":[],"class_list":{"0":"post-533332","1":"product","2":"type-product","3":"status-publish","4":"has-post-thumbnail","6":"product_brand-vanward","7":"product_cat-aeaenenvaimentimen-lisaevarusteet","8":"product_cat-aeaenenvaimentimet","9":"product_cat-kivaeaerin-aeaenenvaimentimet","11":"first","12":"instock","13":"taxable","14":"shipping-taxable","15":"purchasable","16":"product-type-variable","17":"wvs-archive-product-wrapper"},"acf":[],"_links":{"self":[{"href":"https:\/\/staging.nbg.eu\/fi\/wp-json\/wp\/v2\/product\/533332","targetHints":{"allow":["GET"]}}],"collection":[{"href":"https:\/\/staging.nbg.eu\/fi\/wp-json\/wp\/v2\/product"}],"about":[{"href":"https:\/\/staging.nbg.eu\/fi\/wp-json\/wp\/v2\/types\/product"}],"wp:featuredmedia":[{"embeddable":true,"href":"https:\/\/staging.nbg.eu\/fi\/wp-json\/wp\/v2\/media\/501452"}],"wp:attachment":[{"href":"https:\/\/staging.nbg.eu\/fi\/wp-json\/wp\/v2\/media?parent=533332"}],"wp:term":[{"taxonomy":"product_brand","embeddable":true,"href":"https:\/\/staging.nbg.eu\/fi\/wp-json\/wp\/v2\/product_brand?post=533332"},{"taxonomy":"product_cat","embeddable":true,"href":"https:\/\/staging.nbg.eu\/fi\/wp-json\/wp\/v2\/product_cat?post=533332"},{"taxonomy":"product_tag","embeddable":true,"href":"https:\/\/staging.nbg.eu\/fi\/wp-json\/wp\/v2\/product_tag?post=533332"}],"curies":[{"name":"wp","href":"https:\/\/api.w.org\/{rel}","templated":true}]}}