{"id":533112,"date":"2025-09-04T18:25:08","date_gmt":"2025-09-04T15:25:08","guid":{"rendered":"https:\/\/staging.nbg.eu\/product\/ftcs-gas-tube-cover-round-holes-ak-cerakote-black-nr-31\/"},"modified":"2025-09-29T10:18:13","modified_gmt":"2025-09-29T07:18:13","slug":"ftcs-kaasuputken-suoja-pyoereaet-reiaet-ak-cerakote-musta-nro-31","status":"publish","type":"product","link":"https:\/\/staging.nbg.eu\/fi\/tuote\/ftcs-kaasuputken-suoja-pyoereaet-reiaet-ak-cerakote-musta-nro-31\/","title":{"rendered":"FTCS &#8211; Kaasuputken suoja &#8211; Py\u00f6re\u00e4t rei\u00e4t &#8211; AK &#8211; Cerakote &#8211; Musta &#8211; Nro 31"},"content":{"rendered":"<div class=\"product-description\">\n<h2>FTCS Kaasunputken suoja &#8211; Py\u00f6re\u00e4t rei\u00e4t &#8211; AK &#8211; Cerakote Musta &#8211; Nro. 31<\/h2>\n<p>AK-sarjan karbiinille tarkoitettu kaasunputken suoja FTCS:lt\u00e4. Valmistettu ruostumattomasta ter\u00e4ksest\u00e4 ja p\u00e4\u00e4llystetty Cerakote-pinnoitteella.<\/p>\n<ul>\n<li>Tarkasti mitoitettu asennusta varten<\/li>\n<li>Sis\u00e4inen tukirakenne j\u00e4ykkyyden parantamiseksi<\/li>\n<li>Py\u00f6re\u00e4t rei\u00e4t l\u00e4mm\u00f6n haihduttamiseksi<\/li>\n<li>Cerakote-pinnoite, v\u00e4ri Musta Grafiitti H-146<\/li>\n<li>Yhteensopiva FTCS-k\u00e4densijojen Nro. 1-6 kanssa<\/li>\n<li>Mitat: 110 x 35 mm<\/li>\n<li>Paino: 54 g<\/li>\n<\/ul>\n<p>Kaasunputken suoja AK:lle. Sopii aseharrastajille, jotka arvostavat toimivuutta ja ulkon\u00e4k\u00f6\u00e4.<\/p>\n<\/div>\n","protected":false},"excerpt":{"rendered":"<p>AK-kaasuputken suojus, py\u00f6re\u00e4t rei\u00e4t, Cerakote-musta, ruostumaton ter\u00e4s<\/p>\n","protected":false},"featured_media":494124,"template":"","meta":{"_acf_changed":false},"product_brand":[11311],"product_cat":[13159,13225,13174],"product_tag":[],"class_list":{"0":"post-533112","1":"product","2":"type-product","3":"status-publish","4":"has-post-thumbnail","6":"product_brand-ftcs","7":"product_cat-ak-viritys","8":"product_cat-kivaeaeri","9":"product_cat-kivaeaerin-viritys","11":"first","12":"instock","13":"taxable","14":"shipping-taxable","15":"purchasable","16":"product-type-simple"},"acf":[],"_links":{"self":[{"href":"https:\/\/staging.nbg.eu\/fi\/wp-json\/wp\/v2\/product\/533112","targetHints":{"allow":["GET"]}}],"collection":[{"href":"https:\/\/staging.nbg.eu\/fi\/wp-json\/wp\/v2\/product"}],"about":[{"href":"https:\/\/staging.nbg.eu\/fi\/wp-json\/wp\/v2\/types\/product"}],"wp:featuredmedia":[{"embeddable":true,"href":"https:\/\/staging.nbg.eu\/fi\/wp-json\/wp\/v2\/media\/494124"}],"wp:attachment":[{"href":"https:\/\/staging.nbg.eu\/fi\/wp-json\/wp\/v2\/media?parent=533112"}],"wp:term":[{"taxonomy":"product_brand","embeddable":true,"href":"https:\/\/staging.nbg.eu\/fi\/wp-json\/wp\/v2\/product_brand?post=533112"},{"taxonomy":"product_cat","embeddable":true,"href":"https:\/\/staging.nbg.eu\/fi\/wp-json\/wp\/v2\/product_cat?post=533112"},{"taxonomy":"product_tag","embeddable":true,"href":"https:\/\/staging.nbg.eu\/fi\/wp-json\/wp\/v2\/product_tag?post=533112"}],"curies":[{"name":"wp","href":"https:\/\/api.w.org\/{rel}","templated":true}]}}