{"id":533005,"date":"2025-09-04T18:25:08","date_gmt":"2025-09-04T15:25:08","guid":{"rendered":"https:\/\/staging.nbg.eu\/product\/ftcs-gas-tube-cover-oblong-holes-ak-cerakote-black-nr-30\/"},"modified":"2025-09-29T10:10:17","modified_gmt":"2025-09-29T07:10:17","slug":"ftcs-kaasuputken-suoja-soikeat-reiaet-ak-cerakote-musta-nro-30","status":"publish","type":"product","link":"https:\/\/staging.nbg.eu\/fi\/tuote\/ftcs-kaasuputken-suoja-soikeat-reiaet-ak-cerakote-musta-nro-30\/","title":{"rendered":"FTCS &#8211; Kaasuputken suoja &#8211; Soikeat rei\u00e4t &#8211; AK &#8211; Cerakote &#8211; Musta &#8211; Nro 30"},"content":{"rendered":"<div class=\"product-description\">\n<h2>FTCS Kaasuputken suoja &#8211; Soikeat rei\u00e4t &#8211; AK &#8211; Cerakote Musta &#8211; Nro. 30<\/h2>\n<p>FTCS Kaasuputken suoja AK:lle. T\u00e4m\u00e4n lis\u00e4varusteen ominaisuudet:<\/p>\n<ul>\n<li>Cerakote Musta -pinnoite korroosionkest\u00e4vyyteen<\/li>\n<li>Soikeat rei\u00e4t l\u00e4mm\u00f6n haihduttamiseen<\/li>\n<li>Yhteensopiva useimpien AK-mallisten kiv\u00e4\u00e4rien kanssa<\/li>\n<li>Helppo asennus &#8211; ei vaadi asesep\u00e4n ty\u00f6t\u00e4<\/li>\n<li>V\u00e4hent\u00e4\u00e4 l\u00e4mm\u00f6n tuntua pitk\u00e4kestoisessa ammunnassa<\/li>\n<li>Sopii taktisiin kokoonpanoihin<\/li>\n<\/ul>\n<p>FTCS Kaasuputken suoja Nro. 30 AK:lle.<\/p>\n<\/div>\n","protected":false},"excerpt":{"rendered":"<p>AK-kaasuputken suoja soikeilla rei&#8217;ill\u00e4. Musta Cerakote-pinnoite. #30.<\/p>\n","protected":false},"featured_media":494055,"template":"","meta":{"_acf_changed":false},"product_brand":[11311],"product_cat":[13159,13225,13174],"product_tag":[],"class_list":{"0":"post-533005","1":"product","2":"type-product","3":"status-publish","4":"has-post-thumbnail","6":"product_brand-ftcs","7":"product_cat-ak-viritys","8":"product_cat-kivaeaeri","9":"product_cat-kivaeaerin-viritys","11":"first","12":"instock","13":"taxable","14":"shipping-taxable","15":"purchasable","16":"product-type-simple"},"acf":[],"_links":{"self":[{"href":"https:\/\/staging.nbg.eu\/fi\/wp-json\/wp\/v2\/product\/533005","targetHints":{"allow":["GET"]}}],"collection":[{"href":"https:\/\/staging.nbg.eu\/fi\/wp-json\/wp\/v2\/product"}],"about":[{"href":"https:\/\/staging.nbg.eu\/fi\/wp-json\/wp\/v2\/types\/product"}],"wp:featuredmedia":[{"embeddable":true,"href":"https:\/\/staging.nbg.eu\/fi\/wp-json\/wp\/v2\/media\/494055"}],"wp:attachment":[{"href":"https:\/\/staging.nbg.eu\/fi\/wp-json\/wp\/v2\/media?parent=533005"}],"wp:term":[{"taxonomy":"product_brand","embeddable":true,"href":"https:\/\/staging.nbg.eu\/fi\/wp-json\/wp\/v2\/product_brand?post=533005"},{"taxonomy":"product_cat","embeddable":true,"href":"https:\/\/staging.nbg.eu\/fi\/wp-json\/wp\/v2\/product_cat?post=533005"},{"taxonomy":"product_tag","embeddable":true,"href":"https:\/\/staging.nbg.eu\/fi\/wp-json\/wp\/v2\/product_tag?post=533005"}],"curies":[{"name":"wp","href":"https:\/\/api.w.org\/{rel}","templated":true}]}}