{"id":532863,"date":"2025-09-04T18:24:40","date_gmt":"2025-09-04T15:24:40","guid":{"rendered":"https:\/\/staging.nbg.eu\/product\/ftcs-reloading-handle-cap-ak-nrp-2-0-ak-platform\/"},"modified":"2025-09-29T10:02:23","modified_gmt":"2025-09-29T07:02:23","slug":"ftcs-latausvipu-ak-nrp-20-ak-alusta","status":"publish","type":"product","link":"https:\/\/staging.nbg.eu\/fi\/tuote\/ftcs-latausvipu-ak-nrp-20-ak-alusta\/","title":{"rendered":"FTCS &#8211; Latausvipu AK NRP 2.0 &#8211; AK-alusta"},"content":{"rendered":"<h2>FTCS &#8211; Latauskapan kahva AK NRP 2.0 &#8211; AK-alusta<\/h2>\n<p>FTCS Latauskapan kahva AK NRP 2.0 sopii useimpiin AK-alustan kiv\u00e4\u00e4reihin. T\u00e4m\u00e4 alumiininen kahva parantaa otetta ja k\u00e4sittely\u00e4.<\/p>\n<h2>Ominaisuudet:<\/h2>\n<ul>\n<li>Yhteensopiva useimpien AK-alustan kiv\u00e4\u00e4rien kanssa<\/li>\n<li>Alumiinirakenne<\/li>\n<li>Karhennuskuviointi otteen parantamiseksi<\/li>\n<li>Asennus kolmella ruuvilla<\/li>\n<li>Musta pinta<\/li>\n<\/ul>\n<p>T\u00e4m\u00e4 ergonominen kahva on suunniteltu parantamaan hallintaa ja v\u00e4hent\u00e4m\u00e4\u00e4n lipe\u00e4mist\u00e4. Karhennettu pinta tarjoaa hyv\u00e4n otteen my\u00f6s k\u00e4sineiden kanssa. Parantaa aseen k\u00e4sittely\u00e4 lis\u00e4\u00e4m\u00e4tt\u00e4 merkitt\u00e4v\u00e4sti painoa.<\/p>\n<p>Asennus mukana tulevilla ruuveilla.<\/p>\n","protected":false},"excerpt":{"rendered":"<p>Alumiininen AK-aseen latauskahvan suojus. Uritettu pitoa varten. Helppo asentaa.<\/p>\n","protected":false},"featured_media":493917,"template":"","meta":{"_acf_changed":false},"product_brand":[11311],"product_cat":[13159,13225,13174],"product_tag":[],"class_list":{"0":"post-532863","1":"product","2":"type-product","3":"status-publish","4":"has-post-thumbnail","6":"product_brand-ftcs","7":"product_cat-ak-viritys","8":"product_cat-kivaeaeri","9":"product_cat-kivaeaerin-viritys","11":"first","12":"instock","13":"taxable","14":"shipping-taxable","15":"purchasable","16":"product-type-variable","17":"wvs-archive-product-wrapper"},"acf":[],"_links":{"self":[{"href":"https:\/\/staging.nbg.eu\/fi\/wp-json\/wp\/v2\/product\/532863","targetHints":{"allow":["GET"]}}],"collection":[{"href":"https:\/\/staging.nbg.eu\/fi\/wp-json\/wp\/v2\/product"}],"about":[{"href":"https:\/\/staging.nbg.eu\/fi\/wp-json\/wp\/v2\/types\/product"}],"wp:featuredmedia":[{"embeddable":true,"href":"https:\/\/staging.nbg.eu\/fi\/wp-json\/wp\/v2\/media\/493917"}],"wp:attachment":[{"href":"https:\/\/staging.nbg.eu\/fi\/wp-json\/wp\/v2\/media?parent=532863"}],"wp:term":[{"taxonomy":"product_brand","embeddable":true,"href":"https:\/\/staging.nbg.eu\/fi\/wp-json\/wp\/v2\/product_brand?post=532863"},{"taxonomy":"product_cat","embeddable":true,"href":"https:\/\/staging.nbg.eu\/fi\/wp-json\/wp\/v2\/product_cat?post=532863"},{"taxonomy":"product_tag","embeddable":true,"href":"https:\/\/staging.nbg.eu\/fi\/wp-json\/wp\/v2\/product_tag?post=532863"}],"curies":[{"name":"wp","href":"https:\/\/api.w.org\/{rel}","templated":true}]}}