{"id":532733,"date":"2025-09-04T17:51:31","date_gmt":"2025-09-04T14:51:31","guid":{"rendered":"https:\/\/staging.nbg.eu\/product\/strike-industries-mass-driver-comp-for-glock-17-gen4\/"},"modified":"2025-09-29T09:49:37","modified_gmt":"2025-09-29T06:49:37","slug":"strike-industries-mass-driver-comp-glock-17-gen4lle","status":"publish","type":"product","link":"https:\/\/staging.nbg.eu\/fi\/tuote\/strike-industries-mass-driver-comp-glock-17-gen4lle\/","title":{"rendered":"Strike Industries &#8211; Mass Driver Comp Glock 17 Gen4:lle"},"content":{"rendered":"<h2>Strike Industries &#8211; Kompensaattori Glock 17 Gen4 -aseelle<\/h2>\n<p>Strike Industries Mass Driver Kompensaattori (MDC) Glock 17 Gen4 -aseelle. T\u00e4m\u00e4 kompensaattori v\u00e4hent\u00e4\u00e4 mekaanista rekyyli\u00e4 vaikuttamatta aseen toimintavarmuuteen.<\/p>\n<h2>Ominaisuudet:<\/h2>\n<ul>\n<li>Irtoaa toimivista osista laukauksen j\u00e4lkeen<\/li>\n<li>S\u00e4ilytt\u00e4\u00e4 l\u00e4hes alkuper\u00e4isen toimintanopeuden<\/li>\n<li>V\u00e4hent\u00e4\u00e4 liikkuvaa massaa<\/li>\n<li>Laajennettu reik\u00e4 minimoi h\u00e4iri\u00f6it\u00e4<\/li>\n<li>2,5 mm:n leikkaus est\u00e4\u00e4 luistin vaurioitumisen<\/li>\n<li>Yhteensopiva useimpien j\u00e4lkimarkkinoiden kierteitettyjen piippujen kanssa<\/li>\n<li>Sopii GLOCK\u2122 GEN3, GEN4 ja GEN5 G17 -luisteihin<\/li>\n<li>Toimii useimpien avoimien koteloiden kanssa<\/li>\n<\/ul>\n<p><strong>Huomio:<\/strong> Suositeltu kiristysmomentti ohjaustangon mutterille: 25 lbs\/in. +P ja +P+ -ammusten k\u00e4ytt\u00f6 voi aiheuttaa ennenaikaista kulumista.<\/p>\n","protected":false},"excerpt":{"rendered":"<p>Vallankumouksellinen kompensaattorin muotoilu v\u00e4hent\u00e4\u00e4 rekyyli\u00e4 ja nopeuttaa toimintasykli\u00e4.<\/p>\n","protected":false},"featured_media":493832,"template":"","meta":{"_acf_changed":false},"product_brand":[],"product_cat":[13182,13226],"product_tag":[],"class_list":{"0":"post-532733","1":"product","2":"type-product","3":"status-publish","4":"has-post-thumbnail","6":"product_cat-pistooli","7":"product_cat-pistoolin-osat","9":"first","10":"instock","11":"taxable","12":"shipping-taxable","13":"purchasable","14":"product-type-simple"},"acf":[],"_links":{"self":[{"href":"https:\/\/staging.nbg.eu\/fi\/wp-json\/wp\/v2\/product\/532733","targetHints":{"allow":["GET"]}}],"collection":[{"href":"https:\/\/staging.nbg.eu\/fi\/wp-json\/wp\/v2\/product"}],"about":[{"href":"https:\/\/staging.nbg.eu\/fi\/wp-json\/wp\/v2\/types\/product"}],"wp:featuredmedia":[{"embeddable":true,"href":"https:\/\/staging.nbg.eu\/fi\/wp-json\/wp\/v2\/media\/493832"}],"wp:attachment":[{"href":"https:\/\/staging.nbg.eu\/fi\/wp-json\/wp\/v2\/media?parent=532733"}],"wp:term":[{"taxonomy":"product_brand","embeddable":true,"href":"https:\/\/staging.nbg.eu\/fi\/wp-json\/wp\/v2\/product_brand?post=532733"},{"taxonomy":"product_cat","embeddable":true,"href":"https:\/\/staging.nbg.eu\/fi\/wp-json\/wp\/v2\/product_cat?post=532733"},{"taxonomy":"product_tag","embeddable":true,"href":"https:\/\/staging.nbg.eu\/fi\/wp-json\/wp\/v2\/product_tag?post=532733"}],"curies":[{"name":"wp","href":"https:\/\/api.w.org\/{rel}","templated":true}]}}