{"id":532623,"date":"2025-09-04T17:51:31","date_gmt":"2025-09-04T14:51:31","guid":{"rendered":"https:\/\/staging.nbg.eu\/product\/strike-industries-mass-driver-comp-for-glock-17-gen5-black-si-g5-mdcomp-s\/"},"modified":"2025-09-29T09:41:12","modified_gmt":"2025-09-29T06:41:12","slug":"strike-industries-mass-driver-comp-glock-17-gen5lle-musta-si-g5-mdcomp-s","status":"publish","type":"product","link":"https:\/\/staging.nbg.eu\/fi\/tuote\/strike-industries-mass-driver-comp-glock-17-gen5lle-musta-si-g5-mdcomp-s\/","title":{"rendered":"Strike Industries &#8211; Mass Driver Comp Glock 17 Gen5:lle &#8211; Musta &#8211; SI-G5-MDCOMP-S"},"content":{"rendered":"<h2>Strike Industries Mass Driver Comp Glock 17 Gen5 -mallille &#8211; Musta<\/h2>\n<p>Strike Industries Mass Driver Compensator (MDC) Glock 17 Gen5 -mallille. T\u00e4m\u00e4 suunnittelu on saanut innoituksensa teoreettisista massaajurimoottoreista avaruusmatkailussa.<\/p>\n<ul>\n<li>V\u00e4hent\u00e4\u00e4 mekaanista rekyyli\u00e4 vaikuttamatta toimintanopeuteen<\/li>\n<li>V\u00e4hent\u00e4\u00e4 liikkuvaa massaa suorituskyvyn parantamiseksi<\/li>\n<li>Laajennettu reik\u00e4 est\u00e4\u00e4 iskuja ja kierteistymist\u00e4<\/li>\n<li>2,5 mm:n kevennysleikkaus suojaa pistoolin luistia<\/li>\n<li>Yhteensopiva useimpien j\u00e4lkimarkkinoiden kierteitettyjen piippujen kanssa<\/li>\n<li>Sopii GLOCK\u2122 GEN3, GEN4 ja GEN5 G19 &amp; G17 luisteihin<\/li>\n<li>Toimii useimpien kompensoijia varten suunniteltujen avop\u00e4isten koteloiden kanssa<\/li>\n<\/ul>\n<p><strong>Huomautus:<\/strong> Suositeltu v\u00e4\u00e4nt\u00f6momentti ohjaustangon mutterille: 25 lbs\/in. K\u00e4ytt\u00f6 +P ja +P+ ammusten kanssa voi aiheuttaa ennenaikaista kulumista.<\/p>\n","protected":false},"excerpt":{"rendered":"<p>Strike Industries MDC: Vallankumouksellinen rekyylin v\u00e4hennys Glock 17 Gen5:lle.<\/p>\n","protected":false},"featured_media":493786,"template":"","meta":{"_acf_changed":false},"product_brand":[],"product_cat":[13182,13226],"product_tag":[],"class_list":{"0":"post-532623","1":"product","2":"type-product","3":"status-publish","4":"has-post-thumbnail","6":"product_cat-pistooli","7":"product_cat-pistoolin-osat","9":"first","10":"instock","11":"taxable","12":"shipping-taxable","13":"purchasable","14":"product-type-simple"},"acf":[],"_links":{"self":[{"href":"https:\/\/staging.nbg.eu\/fi\/wp-json\/wp\/v2\/product\/532623","targetHints":{"allow":["GET"]}}],"collection":[{"href":"https:\/\/staging.nbg.eu\/fi\/wp-json\/wp\/v2\/product"}],"about":[{"href":"https:\/\/staging.nbg.eu\/fi\/wp-json\/wp\/v2\/types\/product"}],"wp:featuredmedia":[{"embeddable":true,"href":"https:\/\/staging.nbg.eu\/fi\/wp-json\/wp\/v2\/media\/493786"}],"wp:attachment":[{"href":"https:\/\/staging.nbg.eu\/fi\/wp-json\/wp\/v2\/media?parent=532623"}],"wp:term":[{"taxonomy":"product_brand","embeddable":true,"href":"https:\/\/staging.nbg.eu\/fi\/wp-json\/wp\/v2\/product_brand?post=532623"},{"taxonomy":"product_cat","embeddable":true,"href":"https:\/\/staging.nbg.eu\/fi\/wp-json\/wp\/v2\/product_cat?post=532623"},{"taxonomy":"product_tag","embeddable":true,"href":"https:\/\/staging.nbg.eu\/fi\/wp-json\/wp\/v2\/product_tag?post=532623"}],"curies":[{"name":"wp","href":"https:\/\/api.w.org\/{rel}","templated":true}]}}