{"id":531284,"date":"2025-09-04T17:51:30","date_gmt":"2025-09-04T14:51:30","guid":{"rendered":"https:\/\/staging.nbg.eu\/product\/strike-industries-mass-driver-comp-for-glock-19-gen4\/"},"modified":"2025-09-26T17:55:14","modified_gmt":"2025-09-26T14:55:14","slug":"strike-industries-mass-driver-comp-glock-19-gen4lle","status":"publish","type":"product","link":"https:\/\/staging.nbg.eu\/fi\/tuote\/strike-industries-mass-driver-comp-glock-19-gen4lle\/","title":{"rendered":"Strike Industries &#8211; Mass Driver Comp Glock 19 Gen4:lle"},"content":{"rendered":"<h2>Strike Industries Mass Driver -kompensaattori Glock 19 Gen4:lle<\/h2>\n<p>Strike Industries Mass Driver -kompensaattori (MDC) Glock 19 Gen4:lle. T\u00e4m\u00e4 malli tarjoaa:<\/p>\n<ul>\n<li>V\u00e4hentynyt mekaaninen rekyyli vastapainoj\u00e4rjestelm\u00e4n avulla<\/li>\n<li>L\u00e4hes alkuper\u00e4inen toimintanopeus luotettavaa suorituskyky\u00e4 varten<\/li>\n<li>Levennetty reik\u00e4 est\u00e4m\u00e4\u00e4n suujarrun osumia ja luodin ep\u00e4vakautta<\/li>\n<li>2,5 mm:n leikkaus suojaamaan luistin etupintaa<\/li>\n<li>Yhteensopiva useimpien j\u00e4lkimarkkinoiden kierteitettyjen piippujen kanssa<\/li>\n<li>Sopii Gen3, Gen4 ja Gen5 G19 ja G17 luisteihin<\/li>\n<li>Toimii avop\u00e4isten, kompensaattoreille sopivien koteloiden kanssa<\/li>\n<\/ul>\n<p>Huomio: Ohjaustangon mutterille suositellaan 25 lbs\/in v\u00e4\u00e4nt\u00f6momenttia. +P ja +P+ ammusten k\u00e4ytt\u00f6 voi aiheuttaa ennenaikaista kulumista.<\/p>\n","protected":false},"excerpt":{"rendered":"<p>Vallankumouksellinen kompensaattori Glock 19 Gen4:lle. V\u00e4hent\u00e4\u00e4 rekyyli\u00e4 ja piipun nousua.<\/p>\n","protected":false},"featured_media":493670,"template":"","meta":{"_acf_changed":false},"product_brand":[],"product_cat":[13241],"product_tag":[],"class_list":{"0":"post-531284","1":"product","2":"type-product","3":"status-publish","4":"has-post-thumbnail","6":"product_cat-luokittelematon","8":"first","9":"instock","10":"taxable","11":"shipping-taxable","12":"purchasable","13":"product-type-simple"},"acf":[],"_links":{"self":[{"href":"https:\/\/staging.nbg.eu\/fi\/wp-json\/wp\/v2\/product\/531284","targetHints":{"allow":["GET"]}}],"collection":[{"href":"https:\/\/staging.nbg.eu\/fi\/wp-json\/wp\/v2\/product"}],"about":[{"href":"https:\/\/staging.nbg.eu\/fi\/wp-json\/wp\/v2\/types\/product"}],"wp:featuredmedia":[{"embeddable":true,"href":"https:\/\/staging.nbg.eu\/fi\/wp-json\/wp\/v2\/media\/493670"}],"wp:attachment":[{"href":"https:\/\/staging.nbg.eu\/fi\/wp-json\/wp\/v2\/media?parent=531284"}],"wp:term":[{"taxonomy":"product_brand","embeddable":true,"href":"https:\/\/staging.nbg.eu\/fi\/wp-json\/wp\/v2\/product_brand?post=531284"},{"taxonomy":"product_cat","embeddable":true,"href":"https:\/\/staging.nbg.eu\/fi\/wp-json\/wp\/v2\/product_cat?post=531284"},{"taxonomy":"product_tag","embeddable":true,"href":"https:\/\/staging.nbg.eu\/fi\/wp-json\/wp\/v2\/product_tag?post=531284"}],"curies":[{"name":"wp","href":"https:\/\/api.w.org\/{rel}","templated":true}]}}