{"id":530940,"date":"2025-09-04T17:49:03","date_gmt":"2025-09-04T14:49:03","guid":{"rendered":"https:\/\/staging.nbg.eu\/product\/magpul-moe-sl-ak-grip-for-ak47-ak74-fde-mag682-fde\/"},"modified":"2025-09-26T16:15:56","modified_gmt":"2025-09-26T13:15:56","slug":"magpul-moe-sl-ak-kahva-ak47ak74-fde-mag682-fde","status":"publish","type":"product","link":"https:\/\/staging.nbg.eu\/fi\/tuote\/magpul-moe-sl-ak-kahva-ak47ak74-fde-mag682-fde\/","title":{"rendered":"Magpul &#8211; MOE SL AK Kahva AK47\/AK74 &#8211; FDE &#8211; MAG682-FDE"},"content":{"rendered":"<div class=\"product-description\">\n<h2>Magpul MOE SL AK Kahva AK47\/AK74 &#8211; FDE (MAG682-FDE)<\/h2>\n<p>Magpul MOE SL AK Kahva AK47\/AK74:lle Flat Dark Earth -v\u00e4riss\u00e4. T\u00e4m\u00e4 ohut kahva tarjoaa pystysuoremman kulman ja on suunniteltu lyhyemmille aseille.<\/p>\n<ul>\n<li>Valmistettu kest\u00e4v\u00e4st\u00e4 polymeerist\u00e4 kuvioidulla pinnalla<\/li>\n<li>Sopii sek\u00e4 jyrsittyihin ett\u00e4 pr\u00e4ss\u00e4ttyihin runkoihin, mukaan lukien vahvistuslevyllisiin<\/li>\n<li>TSP (Trapezoidal Surface Projections) -kuviointi parempaa hallintaa varten<\/li>\n<li>20 asteen kahvakulma<\/li>\n<li>Ohuempi profiili verrattuna t\u00e4ysikokoisiin kahvoihin<\/li>\n<li>Mitat: 10,9 cm K x 2,8 cm P, paino 73,7 g<\/li>\n<li>Valmistettu Yhdysvalloissa &#8211; lasketaan yhdeksi USA:n 922r-s\u00e4\u00e4nn\u00f6n mukaiseksi osaksi<\/li>\n<\/ul>\n<p>Magpul MOE SL AK Kahva on suunniteltu k\u00e4ytett\u00e4v\u00e4ksi kaikissa ymp\u00e4rist\u00f6iss\u00e4.<\/p>\n<\/div>\n","protected":false},"excerpt":{"rendered":"<p>Magpul MOE SL AK-kahva: Ohut, pintakuvioitu p\u00e4ivitys AK47\/74:lle \u2013 hiekkav\u00e4ri (FDE)<\/p>\n","protected":false},"featured_media":493577,"template":"","meta":{"_acf_changed":false},"product_brand":[],"product_cat":[13241],"product_tag":[],"class_list":{"0":"post-530940","1":"product","2":"type-product","3":"status-publish","4":"has-post-thumbnail","6":"product_cat-luokittelematon","8":"first","9":"instock","10":"taxable","11":"shipping-taxable","12":"purchasable","13":"product-type-simple"},"acf":[],"_links":{"self":[{"href":"https:\/\/staging.nbg.eu\/fi\/wp-json\/wp\/v2\/product\/530940","targetHints":{"allow":["GET"]}}],"collection":[{"href":"https:\/\/staging.nbg.eu\/fi\/wp-json\/wp\/v2\/product"}],"about":[{"href":"https:\/\/staging.nbg.eu\/fi\/wp-json\/wp\/v2\/types\/product"}],"wp:featuredmedia":[{"embeddable":true,"href":"https:\/\/staging.nbg.eu\/fi\/wp-json\/wp\/v2\/media\/493577"}],"wp:attachment":[{"href":"https:\/\/staging.nbg.eu\/fi\/wp-json\/wp\/v2\/media?parent=530940"}],"wp:term":[{"taxonomy":"product_brand","embeddable":true,"href":"https:\/\/staging.nbg.eu\/fi\/wp-json\/wp\/v2\/product_brand?post=530940"},{"taxonomy":"product_cat","embeddable":true,"href":"https:\/\/staging.nbg.eu\/fi\/wp-json\/wp\/v2\/product_cat?post=530940"},{"taxonomy":"product_tag","embeddable":true,"href":"https:\/\/staging.nbg.eu\/fi\/wp-json\/wp\/v2\/product_tag?post=530940"}],"curies":[{"name":"wp","href":"https:\/\/api.w.org\/{rel}","templated":true}]}}