{"id":530748,"date":"2025-09-04T17:31:53","date_gmt":"2025-09-04T14:31:53","guid":{"rendered":"https:\/\/staging.nbg.eu\/product\/pistoletna-drzhka-magpul-moe-k2-za-ak-fde-mag683-fde\/"},"modified":"2025-09-26T16:05:12","modified_gmt":"2025-09-26T13:05:12","slug":"pistoolin-kahva-magpul-moe-k2-ak-fde-mag683-fde","status":"publish","type":"product","link":"https:\/\/staging.nbg.eu\/fi\/tuote\/pistoolin-kahva-magpul-moe-k2-ak-fde-mag683-fde\/","title":{"rendered":"Pistoolin Kahva Magpul MOE-K2 AK FDE MAG683-FDE"},"content":{"rendered":"<div class=\"product-description\">\n<h2>Magpul MOE-K2 AK-kahva &#8211; FDE (MAG683-FDE)<\/h2>\n<p>Magpul MOE-K2 AK-kahva AK47\/AK74-alustaisille kiv\u00e4\u00e4reille, v\u00e4ri Flat Dark Earth. T\u00e4m\u00e4 kahva tarjoaa:<\/p>\n<ul>\n<li>Parannettu ergonomia ja hallinta<\/li>\n<li>Kest\u00e4v\u00e4, teksturoitu polymeerirakenne<\/li>\n<li>Pit\u00e4v\u00e4 otepinta<\/li>\n<li>Jyrkempi kahvakulma nykyaikaisia ampuma-asentoja varten<\/li>\n<li>V\u00e4hent\u00e4\u00e4 ranteen v\u00e4symyst\u00e4 pitk\u00e4aikaisessa k\u00e4yt\u00f6ss\u00e4<\/li>\n<\/ul>\n<p>Magpulin suunnittelema FDE-v\u00e4rinen kahva sopii yhteen erilaisten AK-pintak\u00e4sittelyjen kanssa. MOE-K2 AK-kahva parantaa AK:n toiminnallisuutta ja ulkon\u00e4k\u00f6\u00e4.<\/p>\n<p><strong>Valmistajan osanumero:<\/strong> MAG683-FDE<\/p>\n<p><strong>UPC:<\/strong> 840815117117<\/p>\n<\/div>\n","protected":false},"excerpt":{"rendered":"<p>Magpul MOE-K2 AK-kahva: Ergonominen, pit\u00e4v\u00e4, jyrkemm\u00e4ll\u00e4 kulmalla mukavuuden vuoksi.<\/p>\n","protected":false},"featured_media":0,"template":"","meta":{"_acf_changed":false},"product_brand":[],"product_cat":[],"product_tag":[],"class_list":{"0":"post-530748","1":"product","2":"type-product","3":"status-publish","6":"first","7":"instock","8":"taxable","9":"shipping-taxable","10":"purchasable","11":"product-type-simple"},"acf":[],"_links":{"self":[{"href":"https:\/\/staging.nbg.eu\/fi\/wp-json\/wp\/v2\/product\/530748","targetHints":{"allow":["GET"]}}],"collection":[{"href":"https:\/\/staging.nbg.eu\/fi\/wp-json\/wp\/v2\/product"}],"about":[{"href":"https:\/\/staging.nbg.eu\/fi\/wp-json\/wp\/v2\/types\/product"}],"wp:attachment":[{"href":"https:\/\/staging.nbg.eu\/fi\/wp-json\/wp\/v2\/media?parent=530748"}],"wp:term":[{"taxonomy":"product_brand","embeddable":true,"href":"https:\/\/staging.nbg.eu\/fi\/wp-json\/wp\/v2\/product_brand?post=530748"},{"taxonomy":"product_cat","embeddable":true,"href":"https:\/\/staging.nbg.eu\/fi\/wp-json\/wp\/v2\/product_cat?post=530748"},{"taxonomy":"product_tag","embeddable":true,"href":"https:\/\/staging.nbg.eu\/fi\/wp-json\/wp\/v2\/product_tag?post=530748"}],"curies":[{"name":"wp","href":"https:\/\/api.w.org\/{rel}","templated":true}]}}