{"id":530272,"date":"2025-09-04T17:31:48","date_gmt":"2025-09-04T14:31:48","guid":{"rendered":"https:\/\/staging.nbg.eu\/product\/magpul-moe-m-lok-hand-guard-for-ar15-m4-carbine-length-black\/"},"modified":"2025-09-26T15:23:51","modified_gmt":"2025-09-26T12:23:51","slug":"magpul-moe-m-lok-etukahva-ar15m4-karbiinipituus-musta","status":"publish","type":"product","link":"https:\/\/staging.nbg.eu\/fi\/tuote\/magpul-moe-m-lok-etukahva-ar15m4-karbiinipituus-musta\/","title":{"rendered":"Magpul &#8211; MOE M-LOK Etukahva AR15\/M4 &#8211; Karbiinipituus &#8211; Musta"},"content":{"rendered":"<div class=\"product-description\">\n<h2>Magpul &#8211; MOE\u00ae M-LOK\u00ae K\u00e4sikahva AR15\/M4:lle &#8211; Karbiinikoko &#8211; Musta (MAG424-BLK)<\/h2>\n<p>AR15\/M4:n k\u00e4sikahva. T\u00e4m\u00e4 karbiinikoon k\u00e4sikahva on suunniteltu suorituskyky\u00e4 ja mukavuutta varten.<\/p>\n<ul>\n<li>Vahvistettu polymeerirakenne kevyeksi ja kest\u00e4v\u00e4ksi<\/li>\n<li>M-LOK\u00ae kiinnitysrei\u00e4t kello 2, 6 ja 10 kohdissa<\/li>\n<li>Ergonominen muoto kuvioidulla pinnalla otteen parantamiseksi<\/li>\n<li>Sis\u00e4\u00e4nrakennettu l\u00e4mp\u00f6suoja suojaa k\u00e4si\u00e4 kuumalta kaasuj\u00e4rjestelm\u00e4lt\u00e4<\/li>\n<li>Helppo asennus k\u00e4ytt\u00e4en vakio delta-rengasta<\/li>\n<li>Yhteensopiva sek\u00e4 suoran impulssin ett\u00e4 m\u00e4nt\u00e4k\u00e4ytt\u00f6isten j\u00e4rjestelmien kanssa<\/li>\n<li>Parantaa piipun j\u00e4\u00e4hdytyst\u00e4<\/li>\n<\/ul>\n<p>MOE\u00ae M-LOK\u00ae k\u00e4sikahva tarjoaa monipuolisuutta ja mukavuutta AR15\/M4:lle. Sen polymeerirakenne on l\u00e4mm\u00f6nkest\u00e4v\u00e4 ja kevyempi kuin alumiinivaihtoehdot, ja M-LOK\u00ae j\u00e4rjestelm\u00e4 mahdollistaa lis\u00e4varusteiden helpon kiinnityksen.<\/p>\n<h3>Tekniset tiedot:<\/h3>\n<ul>\n<li>Paino: 181 g<\/li>\n<li>Pituus: 182 mm<\/li>\n<li>Leveys: 56 mm<\/li>\n<li>Korkeus: 68 mm<\/li>\n<li>V\u00e4ri: Musta<\/li>\n<li>Valmistettu Yhdysvalloissa<\/li>\n<\/ul>\n<\/div>\n","protected":false},"excerpt":{"rendered":"<p>Magpul MOE M-LOK AR15\/M4 kiv\u00e4\u00e4rin k\u00e4sisuoja. Polymeeri\u00e4, M-LOK-kiinnityspaikkoja, ergonominen.<\/p>\n","protected":false},"featured_media":493117,"template":"","meta":{"_acf_changed":false},"product_brand":[],"product_cat":[13173,13225,13174],"product_tag":[],"class_list":{"0":"post-530272","1":"product","2":"type-product","3":"status-publish","4":"has-post-thumbnail","6":"product_cat-kiskot","7":"product_cat-kivaeaeri","8":"product_cat-kivaeaerin-viritys","10":"first","11":"instock","12":"taxable","13":"shipping-taxable","14":"purchasable","15":"product-type-simple"},"acf":[],"_links":{"self":[{"href":"https:\/\/staging.nbg.eu\/fi\/wp-json\/wp\/v2\/product\/530272","targetHints":{"allow":["GET"]}}],"collection":[{"href":"https:\/\/staging.nbg.eu\/fi\/wp-json\/wp\/v2\/product"}],"about":[{"href":"https:\/\/staging.nbg.eu\/fi\/wp-json\/wp\/v2\/types\/product"}],"wp:featuredmedia":[{"embeddable":true,"href":"https:\/\/staging.nbg.eu\/fi\/wp-json\/wp\/v2\/media\/493117"}],"wp:attachment":[{"href":"https:\/\/staging.nbg.eu\/fi\/wp-json\/wp\/v2\/media?parent=530272"}],"wp:term":[{"taxonomy":"product_brand","embeddable":true,"href":"https:\/\/staging.nbg.eu\/fi\/wp-json\/wp\/v2\/product_brand?post=530272"},{"taxonomy":"product_cat","embeddable":true,"href":"https:\/\/staging.nbg.eu\/fi\/wp-json\/wp\/v2\/product_cat?post=530272"},{"taxonomy":"product_tag","embeddable":true,"href":"https:\/\/staging.nbg.eu\/fi\/wp-json\/wp\/v2\/product_tag?post=530272"}],"curies":[{"name":"wp","href":"https:\/\/api.w.org\/{rel}","templated":true}]}}