{"id":53013,"date":"2024-03-08T06:59:20","date_gmt":"2024-09-13T12:46:22","guid":{"rendered":"https:\/\/staging.nbg.eu\/product\/bore-tech-shotgun-blend\/"},"modified":"2024-09-13T12:47:13","modified_gmt":"2024-09-13T12:47:13","slug":"bore-tech-shotgun-blend-puhdistusaine","status":"publish","type":"product","link":"https:\/\/staging.nbg.eu\/fi\/tuote\/bore-tech-shotgun-blend-puhdistusaine\/","title":{"rendered":"Bore Tech Shotgun Blend -puhdistusaine"},"content":{"rendered":"<p>\nBore Tech Shotgun Blend on ammoniakvapaa piipunpuhdistusaine haulikoille. T\u00e4m\u00e4 biohajoava tuote poistaa lyijy\u00e4, ruutij\u00e4\u00e4mi\u00e4 ja muovihylsyj\u00e4 piipuista, supistuskartioista ja vaihdettavista supistajista. Se on turvallinen, hajuton ja helppok\u00e4ytt\u00f6inen. Puhdistustulos on n\u00e4ht\u00e4viss\u00e4 puhdistuslaikassa.<\/p>\n","protected":false},"excerpt":{"rendered":"<p>Tehokas piipunpuhdistusaine poistaa turvallisesti lyijyn, hiilen ja muovin j\u00e4tt\u00e4m\u00e4t ep\u00e4puhtaudet.<\/p>\n","protected":false},"featured_media":53014,"template":"","meta":{"_acf_changed":false},"product_brand":[11151],"product_cat":[13206,13220],"product_tag":[],"class_list":{"0":"post-53013","1":"product","2":"type-product","3":"status-publish","4":"has-post-thumbnail","6":"product_brand-boretech","7":"product_cat-aseen-puhdistus","8":"product_cat-puhdistusaineet","10":"first","11":"instock","12":"taxable","13":"shipping-taxable","14":"purchasable","15":"product-type-variable","16":"wvs-archive-product-wrapper"},"acf":[],"_links":{"self":[{"href":"https:\/\/staging.nbg.eu\/fi\/wp-json\/wp\/v2\/product\/53013","targetHints":{"allow":["GET"]}}],"collection":[{"href":"https:\/\/staging.nbg.eu\/fi\/wp-json\/wp\/v2\/product"}],"about":[{"href":"https:\/\/staging.nbg.eu\/fi\/wp-json\/wp\/v2\/types\/product"}],"wp:featuredmedia":[{"embeddable":true,"href":"https:\/\/staging.nbg.eu\/fi\/wp-json\/wp\/v2\/media\/53014"}],"wp:attachment":[{"href":"https:\/\/staging.nbg.eu\/fi\/wp-json\/wp\/v2\/media?parent=53013"}],"wp:term":[{"taxonomy":"product_brand","embeddable":true,"href":"https:\/\/staging.nbg.eu\/fi\/wp-json\/wp\/v2\/product_brand?post=53013"},{"taxonomy":"product_cat","embeddable":true,"href":"https:\/\/staging.nbg.eu\/fi\/wp-json\/wp\/v2\/product_cat?post=53013"},{"taxonomy":"product_tag","embeddable":true,"href":"https:\/\/staging.nbg.eu\/fi\/wp-json\/wp\/v2\/product_tag?post=53013"}],"curies":[{"name":"wp","href":"https:\/\/api.w.org\/{rel}","templated":true}]}}