{"id":530091,"date":"2025-09-04T17:31:43","date_gmt":"2025-09-04T14:31:43","guid":{"rendered":"https:\/\/staging.nbg.eu\/product\/magpul-moe-m-lok-hand-guard-for-ar15-m4-mid-length-black\/"},"modified":"2025-09-26T15:15:24","modified_gmt":"2025-09-26T12:15:24","slug":"magpul-moe-m-lok-etukahva-ar15m4-keskipituus-musta","status":"publish","type":"product","link":"https:\/\/staging.nbg.eu\/fi\/tuote\/magpul-moe-m-lok-etukahva-ar15m4-keskipituus-musta\/","title":{"rendered":"Magpul &#8211; MOE M-LOK Etukahva AR15\/M4 &#8211; Keskipituus &#8211; Musta"},"content":{"rendered":"<div class=\"product-description\">\n<h2>Magpul MOE\u00ae M-LOK\u00ae k\u00e4situki AR15\/M4:lle &#8211; keskipitk\u00e4 &#8211; musta<\/h2>\n<p>Magpul MOE M-LOK k\u00e4situki AR-15\/M4:lle, suunniteltu keskipitkille kaasuj\u00e4rjestelmille. T\u00e4m\u00e4 lis\u00e4varuste yhdist\u00e4\u00e4 kevyen polymeerin rakenteen ja modulaarisuuden.<\/p>\n<ul>\n<li>M-LOK-kiinnityskohdat kello 2, 6 ja 10 asennoissa lis\u00e4varusteiden kiinnitt\u00e4miseen<\/li>\n<li>Vahvistettu, l\u00e4mm\u00f6nkest\u00e4v\u00e4 polymeerirakenne<\/li>\n<li>Yhteensopiva suoran impingementin ja useimpien m\u00e4nt\u00e4k\u00e4ytt\u00f6isten kaasuj\u00e4rjestelmien kanssa<\/li>\n<li>Helppo asentaa olemassa olevaan delta-renkaaseen ja k\u00e4situen kiinnitysrenkaaseen<\/li>\n<li>Kiinte\u00e4 niitattu alumiininen l\u00e4mp\u00f6suoja<\/li>\n<li>Etuosan pidennykset ja alahuuli k\u00e4ytt\u00e4j\u00e4n suojaamiseksi<\/li>\n<\/ul>\n<p>K\u00e4situki painaa 246,6 grammaa ja on 23,4 cm pitk\u00e4. Valmistettu Yhdysvalloissa.<\/p>\n<\/div>\n","protected":false},"excerpt":{"rendered":"<p>Kevyt, modulaarinen AR-15\/M4 keskipitk\u00e4 etukahva M-LOK-kiinnitysurilla.<\/p>\n","protected":false},"featured_media":493085,"template":"","meta":{"_acf_changed":false},"product_brand":[11552],"product_cat":[13173,13225,13174],"product_tag":[],"class_list":{"0":"post-530091","1":"product","2":"type-product","3":"status-publish","4":"has-post-thumbnail","6":"product_brand-magpul","7":"product_cat-kiskot","8":"product_cat-kivaeaeri","9":"product_cat-kivaeaerin-viritys","11":"first","12":"instock","13":"taxable","14":"shipping-taxable","15":"purchasable","16":"product-type-simple"},"acf":[],"_links":{"self":[{"href":"https:\/\/staging.nbg.eu\/fi\/wp-json\/wp\/v2\/product\/530091","targetHints":{"allow":["GET"]}}],"collection":[{"href":"https:\/\/staging.nbg.eu\/fi\/wp-json\/wp\/v2\/product"}],"about":[{"href":"https:\/\/staging.nbg.eu\/fi\/wp-json\/wp\/v2\/types\/product"}],"wp:featuredmedia":[{"embeddable":true,"href":"https:\/\/staging.nbg.eu\/fi\/wp-json\/wp\/v2\/media\/493085"}],"wp:attachment":[{"href":"https:\/\/staging.nbg.eu\/fi\/wp-json\/wp\/v2\/media?parent=530091"}],"wp:term":[{"taxonomy":"product_brand","embeddable":true,"href":"https:\/\/staging.nbg.eu\/fi\/wp-json\/wp\/v2\/product_brand?post=530091"},{"taxonomy":"product_cat","embeddable":true,"href":"https:\/\/staging.nbg.eu\/fi\/wp-json\/wp\/v2\/product_cat?post=530091"},{"taxonomy":"product_tag","embeddable":true,"href":"https:\/\/staging.nbg.eu\/fi\/wp-json\/wp\/v2\/product_tag?post=530091"}],"curies":[{"name":"wp","href":"https:\/\/api.w.org\/{rel}","templated":true}]}}