{"id":529948,"date":"2025-09-02T20:30:44","date_gmt":"2025-09-02T17:30:44","guid":{"rendered":"https:\/\/staging.nbg.eu\/product\/predna-drzhka-magpul-zhukov-za-ak-47-ak-74-lilava-mag586-plm\/"},"modified":"2025-09-26T15:04:54","modified_gmt":"2025-09-26T12:04:54","slug":"etukahva-magpul-zhukov-ak-47ak-74-violetti-mag586-plm","status":"publish","type":"product","link":"https:\/\/staging.nbg.eu\/fi\/tuote\/etukahva-magpul-zhukov-ak-47ak-74-violetti-mag586-plm\/","title":{"rendered":"Etukahva Magpul ZHUKOV AK-47\/AK-74 violetti MAG586 PLM"},"content":{"rendered":"<div class=\"product-description\">\n<h2>Magpul ZHUKOV K\u00e4sikahva AK-47\/AK-74:lle &#8211; Luumu (MAG586-PLM)<\/h2>\n<p>Magpul ZHUKOV k\u00e4sikahva AK-47:lle tai AK-74:lle luumun v\u00e4risen\u00e4. T\u00e4m\u00e4 pidennetty k\u00e4sikahva tarjoaa laajan tartuntapinnan ja lis\u00e4varusteiden kiinnitysmahdollisuuksia.<\/p>\n<ul>\n<li>Yhteensopiva useimpien AK-47\/AKM\/AK-74 kiv\u00e4\u00e4rien kanssa (piipun halkaisija 16,75-18,25mm, pituus &gt;13&#8243;)<\/li>\n<li>T\u00e4yspitk\u00e4, kovaksi anodisoitu alumiinirunko j\u00e4ykk\u00e4\u00e4 kiinnityst\u00e4 ja l\u00e4mp\u00f6suojausta varten<\/li>\n<li>Kest\u00e4v\u00e4 polymeerikuori M-LOK-lis\u00e4varusteille tarkoitetuilla urilla<\/li>\n<li>Sis\u00e4lt\u00e4\u00e4 korvaavan polymeerin yl\u00e4suojuksen<\/li>\n<li>Yhteensopiva UltiMAK-t\u00e4ht\u00e4inkiinnikkeen kanssa<\/li>\n<li>Pituus: 11,7 tuumaa<\/li>\n<\/ul>\n<p>T\u00e4m\u00e4 monipuolinen k\u00e4sikahva soveltuu mets\u00e4stys- ja ampumaharrastuksiin.<\/p>\n<\/div>\n","protected":false},"excerpt":{"rendered":"<p>Pidennetty Magpul ZHUKOV k\u00e4sisuoja AK-47\/AK-74:lle, luumun v\u00e4rinen, M-LOK-yhteensopiva.<\/p>\n","protected":false},"featured_media":0,"template":"","meta":{"_acf_changed":false},"product_brand":[],"product_cat":[],"product_tag":[],"class_list":{"0":"post-529948","1":"product","2":"type-product","3":"status-publish","6":"first","7":"instock","8":"taxable","9":"shipping-taxable","10":"purchasable","11":"product-type-simple"},"acf":[],"_links":{"self":[{"href":"https:\/\/staging.nbg.eu\/fi\/wp-json\/wp\/v2\/product\/529948","targetHints":{"allow":["GET"]}}],"collection":[{"href":"https:\/\/staging.nbg.eu\/fi\/wp-json\/wp\/v2\/product"}],"about":[{"href":"https:\/\/staging.nbg.eu\/fi\/wp-json\/wp\/v2\/types\/product"}],"wp:attachment":[{"href":"https:\/\/staging.nbg.eu\/fi\/wp-json\/wp\/v2\/media?parent=529948"}],"wp:term":[{"taxonomy":"product_brand","embeddable":true,"href":"https:\/\/staging.nbg.eu\/fi\/wp-json\/wp\/v2\/product_brand?post=529948"},{"taxonomy":"product_cat","embeddable":true,"href":"https:\/\/staging.nbg.eu\/fi\/wp-json\/wp\/v2\/product_cat?post=529948"},{"taxonomy":"product_tag","embeddable":true,"href":"https:\/\/staging.nbg.eu\/fi\/wp-json\/wp\/v2\/product_tag?post=529948"}],"curies":[{"name":"wp","href":"https:\/\/api.w.org\/{rel}","templated":true}]}}