{"id":529412,"date":"2025-09-02T20:23:55","date_gmt":"2025-09-02T17:23:55","guid":{"rendered":"https:\/\/staging.nbg.eu\/product\/magpul-zhukov-s-stock-for-ak-47-ak-74-mag585\/"},"modified":"2025-09-26T12:41:56","modified_gmt":"2025-09-26T09:41:56","slug":"magpul-zhukov-s-tukki-ak-47-ak-74-mag585","status":"publish","type":"product","link":"https:\/\/staging.nbg.eu\/fi\/tuote\/magpul-zhukov-s-tukki-ak-47-ak-74-mag585\/","title":{"rendered":"Magpul &#8211; ZHUKOV-S Tukki AK-47 \/ AK-74 &#8211; MAG585"},"content":{"rendered":"<div class=\"product-description\">\n<h2>Magpul ZHUKOV-S\u00ae -per\u00e4 AK-47 \/ AK-74 -aseille &#8211; MAG585<\/h2>\n<p>Magpul ZHUKOV-S\u00ae -taittuva per\u00e4 AK47\/AKM\/AK74-karbiineille. Ominaisuudet:<\/p>\n<ul>\n<li>5-asentoinen s\u00e4\u00e4t\u00f6 sopivan pituuden l\u00f6yt\u00e4miseksi<\/li>\n<li>Oikealle taittuva mekanismi, yhteensopiva lohenpyrst\u00f6kiinnitteisten t\u00e4ht\u00e4inten kanssa<\/li>\n<li>Mahdollistaa ampumisen ja lataamisen per\u00e4 taitettuna<\/li>\n<li>Matalaprofiilinen muotoilu<\/li>\n<li>Luistamaton, rekyyli\u00e4 vaimentava kumiper\u00e4levy<\/li>\n<li>1,25 tuuman hihna-aukko ja QD-kiinnitysmahdollisuus<\/li>\n<\/ul>\n<p>Paino 425 g, pituus 223,5-289,5 mm. Valmistettu USA:ssa. Huomio: Ei yhteensopiva jugoslavialaisten AK-mallien, Norinco Type 56S\/MAK-90 tai jyrsittyjen runkojen kanssa.<\/p>\n<\/div>\n","protected":false},"excerpt":{"rendered":"<p>Magpul ZHUKOV-S: Taittuva, s\u00e4\u00e4dett\u00e4v\u00e4 AK-per\u00e4 QD-kiinnityspisteill\u00e4.<\/p>\n","protected":false},"featured_media":491487,"template":"","meta":{"_acf_changed":false},"product_brand":[11552],"product_cat":[13159,13225,13185,13174],"product_tag":[],"class_list":{"0":"post-529412","1":"product","2":"type-product","3":"status-publish","4":"has-post-thumbnail","6":"product_brand-magpul","7":"product_cat-ak-viritys","8":"product_cat-kivaeaeri","9":"product_cat-kivaeaerin-tukit","10":"product_cat-kivaeaerin-viritys","12":"first","13":"instock","14":"taxable","15":"shipping-taxable","16":"purchasable","17":"product-type-variable","18":"wvs-archive-product-wrapper"},"acf":[],"_links":{"self":[{"href":"https:\/\/staging.nbg.eu\/fi\/wp-json\/wp\/v2\/product\/529412","targetHints":{"allow":["GET"]}}],"collection":[{"href":"https:\/\/staging.nbg.eu\/fi\/wp-json\/wp\/v2\/product"}],"about":[{"href":"https:\/\/staging.nbg.eu\/fi\/wp-json\/wp\/v2\/types\/product"}],"wp:featuredmedia":[{"embeddable":true,"href":"https:\/\/staging.nbg.eu\/fi\/wp-json\/wp\/v2\/media\/491487"}],"wp:attachment":[{"href":"https:\/\/staging.nbg.eu\/fi\/wp-json\/wp\/v2\/media?parent=529412"}],"wp:term":[{"taxonomy":"product_brand","embeddable":true,"href":"https:\/\/staging.nbg.eu\/fi\/wp-json\/wp\/v2\/product_brand?post=529412"},{"taxonomy":"product_cat","embeddable":true,"href":"https:\/\/staging.nbg.eu\/fi\/wp-json\/wp\/v2\/product_cat?post=529412"},{"taxonomy":"product_tag","embeddable":true,"href":"https:\/\/staging.nbg.eu\/fi\/wp-json\/wp\/v2\/product_tag?post=529412"}],"curies":[{"name":"wp","href":"https:\/\/api.w.org\/{rel}","templated":true}]}}