{"id":529284,"date":"2025-09-02T20:21:32","date_gmt":"2025-09-02T17:21:32","guid":{"rendered":"https:\/\/staging.nbg.eu\/product\/magpul-gl-enhanced-magazine-well-for-glock-19-gen-4-mag950\/"},"modified":"2025-09-26T12:31:50","modified_gmt":"2025-09-26T09:31:50","slug":"magpul-gl-parannettu-lippaan-supilo-glock-19-gen-4-mag950","status":"publish","type":"product","link":"https:\/\/staging.nbg.eu\/fi\/tuote\/magpul-gl-parannettu-lippaan-supilo-glock-19-gen-4-mag950\/","title":{"rendered":"Magpul &#8211; GL Parannettu Lippaan Supilo GLOCK 19 GEN 4 &#8211; MAG950"},"content":{"rendered":"<h2>Magpul GL parannettu lipaskuilu GLOCK\u00ae 19 Gen4:lle &#8211; MAG950<\/h2>\n<p>Magpulin lipaskuilu GLOCK 19 Gen4:lle. Suunniteltu helpottamaan lippaan asettamista ja poistamista. Ominaisuudet:<\/p>\n<ul>\n<li>Muotoilu soveltuu piilokantoon<\/li>\n<li>Yhteensopiva GLOCK-vakiolippaiden ja Magpul GL9\u00ae PMAG\u00ae -lippaiden kanssa<\/li>\n<li>Sile\u00e4 pinta ja reunat helpottavat lippaan k\u00e4sittely\u00e4<\/li>\n<li>Valmistettu Yhdysvalloissa<\/li>\n<\/ul>\n<p><strong>Huomio:<\/strong> Ei yhteensopiva GLOCK-vaihdettavien selk\u00e4kappaleiden tai joidenkin pienempien lippaiden kanssa. Ammattilaisen suorittama asennus suositeltavaa tiukan istuvuuden vuoksi.<\/p>\n","protected":false},"excerpt":{"rendered":"<p>Paranna GLOCK 19 Gen4:n lippaanvaihtoa Magpulin tyylikk\u00e4\u00e4ll\u00e4 lipaskaivolla.<\/p>\n","protected":false},"featured_media":491118,"template":"","meta":{"_acf_changed":false},"product_brand":[11404,11552],"product_cat":[13182,13226],"product_tag":[],"class_list":{"0":"post-529284","1":"product","2":"type-product","3":"status-publish","4":"has-post-thumbnail","6":"product_brand-glock","7":"product_brand-magpul","8":"product_cat-pistooli","9":"product_cat-pistoolin-osat","11":"first","12":"instock","13":"taxable","14":"shipping-taxable","15":"purchasable","16":"product-type-simple"},"acf":[],"_links":{"self":[{"href":"https:\/\/staging.nbg.eu\/fi\/wp-json\/wp\/v2\/product\/529284","targetHints":{"allow":["GET"]}}],"collection":[{"href":"https:\/\/staging.nbg.eu\/fi\/wp-json\/wp\/v2\/product"}],"about":[{"href":"https:\/\/staging.nbg.eu\/fi\/wp-json\/wp\/v2\/types\/product"}],"wp:featuredmedia":[{"embeddable":true,"href":"https:\/\/staging.nbg.eu\/fi\/wp-json\/wp\/v2\/media\/491118"}],"wp:attachment":[{"href":"https:\/\/staging.nbg.eu\/fi\/wp-json\/wp\/v2\/media?parent=529284"}],"wp:term":[{"taxonomy":"product_brand","embeddable":true,"href":"https:\/\/staging.nbg.eu\/fi\/wp-json\/wp\/v2\/product_brand?post=529284"},{"taxonomy":"product_cat","embeddable":true,"href":"https:\/\/staging.nbg.eu\/fi\/wp-json\/wp\/v2\/product_cat?post=529284"},{"taxonomy":"product_tag","embeddable":true,"href":"https:\/\/staging.nbg.eu\/fi\/wp-json\/wp\/v2\/product_tag?post=529284"}],"curies":[{"name":"wp","href":"https:\/\/api.w.org\/{rel}","templated":true}]}}