{"id":52904,"date":"2024-03-08T09:51:57","date_gmt":"2024-03-08T09:51:57","guid":{"rendered":"https:\/\/staging.nbg.eu\/product\/bronze-spiral-shotgun-brush\/"},"modified":"2024-09-13T12:44:52","modified_gmt":"2024-09-13T12:44:52","slug":"pronssi-spiraali-haulikkoharjat","status":"publish","type":"product","link":"https:\/\/staging.nbg.eu\/fi\/tuote\/pronssi-spiraali-haulikkoharjat\/","title":{"rendered":"Pronssi spiraali haulikkoharjat"},"content":{"rendered":"<p>Bore Techin pronssiset kierteisharjat haulikoille sis\u00e4lt\u00e4v\u00e4t silmukkamalliset harjakset tehokkaaseen puhdistukseen vahingoittamatta asetta. Valmistettu piipulle turvallisesta fosforipronssista, poistaa tehokkaasti muovij\u00e4\u00e4mi\u00e4 ja kest\u00e4\u00e4 pidemp\u00e4\u00e4n kuin tavalliset metalliharjakset. Saatavana kaliipereille 10 &#8211; .410, sopii tavallisiin 5\/16-27-kierteisiin puhdistuspuikkoihin.<\/p>\n","protected":false},"excerpt":{"rendered":"<p>Innovatiivinen spiraaliharja perusteelliseen ja turvalliseen haulikon piipun puhdistukseen.<\/p>\n","protected":false},"featured_media":52905,"template":"","meta":{"_acf_changed":false},"product_brand":[11151],"product_cat":[13206,13233],"product_tag":[],"class_list":{"0":"post-52904","1":"product","2":"type-product","3":"status-publish","4":"has-post-thumbnail","6":"product_brand-boretech","7":"product_cat-aseen-puhdistus","8":"product_cat-harjat","10":"first","11":"outofstock","12":"taxable","13":"shipping-taxable","14":"purchasable","15":"product-type-simple"},"acf":[],"_links":{"self":[{"href":"https:\/\/staging.nbg.eu\/fi\/wp-json\/wp\/v2\/product\/52904","targetHints":{"allow":["GET"]}}],"collection":[{"href":"https:\/\/staging.nbg.eu\/fi\/wp-json\/wp\/v2\/product"}],"about":[{"href":"https:\/\/staging.nbg.eu\/fi\/wp-json\/wp\/v2\/types\/product"}],"wp:featuredmedia":[{"embeddable":true,"href":"https:\/\/staging.nbg.eu\/fi\/wp-json\/wp\/v2\/media\/52905"}],"wp:attachment":[{"href":"https:\/\/staging.nbg.eu\/fi\/wp-json\/wp\/v2\/media?parent=52904"}],"wp:term":[{"taxonomy":"product_brand","embeddable":true,"href":"https:\/\/staging.nbg.eu\/fi\/wp-json\/wp\/v2\/product_brand?post=52904"},{"taxonomy":"product_cat","embeddable":true,"href":"https:\/\/staging.nbg.eu\/fi\/wp-json\/wp\/v2\/product_cat?post=52904"},{"taxonomy":"product_tag","embeddable":true,"href":"https:\/\/staging.nbg.eu\/fi\/wp-json\/wp\/v2\/product_tag?post=52904"}],"curies":[{"name":"wp","href":"https:\/\/api.w.org\/{rel}","templated":true}]}}