{"id":527814,"date":"2025-09-02T20:21:10","date_gmt":"2025-09-02T17:21:10","guid":{"rendered":"https:\/\/staging.nbg.eu\/product\/strike-industries-g5-magwell-for-glock-17-22-31-34-35-45-gen5-si-g5-magwell-17\/"},"modified":"2025-09-25T22:34:25","modified_gmt":"2025-09-25T19:34:25","slug":"strike-industries-g5-lippaan-supilo-glock-172231343545-gen5-si-g5-magwell-17","status":"publish","type":"product","link":"https:\/\/staging.nbg.eu\/fi\/tuote\/strike-industries-g5-lippaan-supilo-glock-172231343545-gen5-si-g5-magwell-17\/","title":{"rendered":"Strike Industries &#8211; G5 Lippaan Supilo Glock 17\/22\/31\/34\/35\/45 Gen5 &#8211; SI-G5-MAGWELL-17"},"content":{"rendered":"<div class=\"product-description\">\n<h2>Strike Industries G5 MagWell Glock 17\/22\/31\/34\/35\/45 Gen5 -malleille<\/h2>\n<p>Strike Industries G5 MagWell on lis\u00e4varuste Glock Gen5 -pistooliin. Se on suunniteltu helpottamaan lippaan vaihtoa.<\/p>\n<ul>\n<li>Yhteensopiva Glock G17\/G22\/G31\/G34\/G35\/G45 Gen5 -mallien kanssa<\/li>\n<li>Levennetty muotoilu lippaan asettamisen helpottamiseksi<\/li>\n<li>Kevyt (11,3 g) ja kest\u00e4v\u00e4 polymeerirakenne<\/li>\n<li>Helppo asentaa mukana tulevalla M4-ruuvilla ja 2,5 mm:n kuusiokoloavaimella<\/li>\n<li>Mitat: 61,72 mm (P) x 37,34 mm (L) x 23,11 mm (K)<\/li>\n<\/ul>\n<p>Nopeuttaa lippaan vaihtoa. Yhteensopiva useimpien j\u00e4lkimarkkinoiden lippaanpohjien ja -jatkeiden kanssa. Sopii k\u00e4ytett\u00e4v\u00e4ksi Strike EMP:n kanssa.<\/p>\n<p><strong>Huomio:<\/strong> \u00c4l\u00e4 kirist\u00e4 ruuvia liikaa asennuksen aikana v\u00e4ltt\u00e4\u00e4ksesi v\u00e4\u00e4rin kohdistumisen tai vauriot.<\/p>\n<\/div>\n","protected":false},"excerpt":{"rendered":"<p>Paranna Glock Gen5:n lippaan vaihtoa Strike Industriesin tyylikk\u00e4\u00e4ll\u00e4 lippaansuppiolla.<\/p>\n","protected":false},"featured_media":490772,"template":"","meta":{"_acf_changed":false},"product_brand":[11404,11552],"product_cat":[13182,13226],"product_tag":[],"class_list":{"0":"post-527814","1":"product","2":"type-product","3":"status-publish","4":"has-post-thumbnail","6":"product_brand-glock","7":"product_brand-magpul","8":"product_cat-pistooli","9":"product_cat-pistoolin-osat","11":"first","12":"instock","13":"taxable","14":"shipping-taxable","15":"purchasable","16":"product-type-simple"},"acf":[],"_links":{"self":[{"href":"https:\/\/staging.nbg.eu\/fi\/wp-json\/wp\/v2\/product\/527814","targetHints":{"allow":["GET"]}}],"collection":[{"href":"https:\/\/staging.nbg.eu\/fi\/wp-json\/wp\/v2\/product"}],"about":[{"href":"https:\/\/staging.nbg.eu\/fi\/wp-json\/wp\/v2\/types\/product"}],"wp:featuredmedia":[{"embeddable":true,"href":"https:\/\/staging.nbg.eu\/fi\/wp-json\/wp\/v2\/media\/490772"}],"wp:attachment":[{"href":"https:\/\/staging.nbg.eu\/fi\/wp-json\/wp\/v2\/media?parent=527814"}],"wp:term":[{"taxonomy":"product_brand","embeddable":true,"href":"https:\/\/staging.nbg.eu\/fi\/wp-json\/wp\/v2\/product_brand?post=527814"},{"taxonomy":"product_cat","embeddable":true,"href":"https:\/\/staging.nbg.eu\/fi\/wp-json\/wp\/v2\/product_cat?post=527814"},{"taxonomy":"product_tag","embeddable":true,"href":"https:\/\/staging.nbg.eu\/fi\/wp-json\/wp\/v2\/product_tag?post=527814"}],"curies":[{"name":"wp","href":"https:\/\/api.w.org\/{rel}","templated":true}]}}