{"id":527705,"date":"2025-09-02T20:21:13","date_gmt":"2025-09-02T17:21:13","guid":{"rendered":"https:\/\/staging.nbg.eu\/product\/strike-industries-g4-magwell-for-glock-17-22-31-34-35-gen4-si-g4-magwell\/"},"modified":"2025-09-25T22:29:19","modified_gmt":"2025-09-25T19:29:19","slug":"strike-industries-g4-lippaan-supilo-glock-1722313435-gen4-si-g4-magwell","status":"publish","type":"product","link":"https:\/\/staging.nbg.eu\/fi\/tuote\/strike-industries-g4-lippaan-supilo-glock-1722313435-gen4-si-g4-magwell\/","title":{"rendered":"Strike Industries &#8211; G4 Lippaan Supilo Glock 17\/22\/31\/34\/35 Gen4 &#8211; SI-G4-MAGWELL"},"content":{"rendered":"<div class=\"product-description\">\n<h2>Strike Industries G4 MagWell Glock 17\/22\/31\/34\/35 Gen4 -mallille<\/h2>\n<p>Strike Industries GEN4 Magwell on suunniteltu helpottamaan lippaan vaihtoa s\u00e4ilytt\u00e4en samalla pistoolin ohuen kahvan. T\u00e4m\u00e4 magwell parantaa johdonmukaisuutta ja lyhent\u00e4\u00e4 latausaikoja. Yhteensopiva useimpien j\u00e4lkimarkkinoiden lippaan pohjalevyjen ja jatkeiden kanssa.<\/p>\n<ul>\n<li>Laajennettu magwell helpottaa lippaan asettamista<\/li>\n<li>Helppo asentaa ainutlaatuisella lukitusmekanismilla<\/li>\n<li>Kevyt, kest\u00e4v\u00e4 polymeerinen rakenne<\/li>\n<li>Yhteensopiva Glock 17\/22\/31\/34\/35 GEN4 -mallien kanssa<\/li>\n<li>Suunniteltu Glockin tehtaan +0 takatukille<\/li>\n<\/ul>\n<p><strong>Huomaa:<\/strong> \u00c4l\u00e4 kirist\u00e4 s\u00e4\u00e4t\u00f6ruuvia liikaa asennuksen aikana v\u00e4ltt\u00e4\u00e4ksesi kohdistusvirheit\u00e4 tai vaurioita.<\/p>\n<p>Pakkaus sis\u00e4lt\u00e4\u00e4: G4 Magwell, s\u00e4\u00e4t\u00f6ruuvi, M2-kuusiokoloavain ja varoituskortti.<\/p>\n<\/div>\n","protected":false},"excerpt":{"rendered":"<p>Paranna Glock 17\/22\/31\/34\/35 Gen4 -mallien lippaan vaihtoa SI:n G4 MagWell -lippaansuppilon avulla.<\/p>\n","protected":false},"featured_media":491003,"template":"","meta":{"_acf_changed":false},"product_brand":[11404,11552],"product_cat":[13182,13226],"product_tag":[],"class_list":{"0":"post-527705","1":"product","2":"type-product","3":"status-publish","4":"has-post-thumbnail","6":"product_brand-glock","7":"product_brand-magpul","8":"product_cat-pistooli","9":"product_cat-pistoolin-osat","11":"first","12":"instock","13":"taxable","14":"shipping-taxable","15":"purchasable","16":"product-type-simple"},"acf":[],"_links":{"self":[{"href":"https:\/\/staging.nbg.eu\/fi\/wp-json\/wp\/v2\/product\/527705","targetHints":{"allow":["GET"]}}],"collection":[{"href":"https:\/\/staging.nbg.eu\/fi\/wp-json\/wp\/v2\/product"}],"about":[{"href":"https:\/\/staging.nbg.eu\/fi\/wp-json\/wp\/v2\/types\/product"}],"wp:featuredmedia":[{"embeddable":true,"href":"https:\/\/staging.nbg.eu\/fi\/wp-json\/wp\/v2\/media\/491003"}],"wp:attachment":[{"href":"https:\/\/staging.nbg.eu\/fi\/wp-json\/wp\/v2\/media?parent=527705"}],"wp:term":[{"taxonomy":"product_brand","embeddable":true,"href":"https:\/\/staging.nbg.eu\/fi\/wp-json\/wp\/v2\/product_brand?post=527705"},{"taxonomy":"product_cat","embeddable":true,"href":"https:\/\/staging.nbg.eu\/fi\/wp-json\/wp\/v2\/product_cat?post=527705"},{"taxonomy":"product_tag","embeddable":true,"href":"https:\/\/staging.nbg.eu\/fi\/wp-json\/wp\/v2\/product_tag?post=527705"}],"curies":[{"name":"wp","href":"https:\/\/api.w.org\/{rel}","templated":true}]}}