{"id":527599,"date":"2025-09-02T20:20:53","date_gmt":"2025-09-02T17:20:53","guid":{"rendered":"https:\/\/staging.nbg.eu\/product\/strike-industries-ak-rear-sight-rail-black-si-akrr\/"},"modified":"2025-09-25T22:27:05","modified_gmt":"2025-09-25T19:27:05","slug":"strike-industries-ak-takataehtaeinkisko-musta-si-akrr","status":"publish","type":"product","link":"https:\/\/staging.nbg.eu\/fi\/tuote\/strike-industries-ak-takataehtaeinkisko-musta-si-akrr\/","title":{"rendered":"Strike Industries &#8211; AK Takat\u00e4ht\u00e4inkisko &#8211; Musta &#8211; SI-AKRR"},"content":{"rendered":"<div class=\"product-description\">\n<h2>Strike Industries &#8211; AK Takataht\u00e4inkisko &#8211; Musta &#8211; SI-AKRR<\/h2>\n<p>AK-perheen kiv\u00e4\u00e4rin lis\u00e4varuste. T\u00e4m\u00e4 lis\u00e4varuste tarjoaa:<\/p>\n<ul>\n<li>Picatinny-yhteensopiva kiinnitys matalaprofiilisille t\u00e4ht\u00e4imille<\/li>\n<li>Valmistettu 6061 lentokonealumiinista<\/li>\n<li>Toimii my\u00f6s tavallisena kiv\u00e4\u00e4rit\u00e4ht\u00e4imen\u00e4<\/li>\n<li>Pysty- ja vaakasuuntainen s\u00e4\u00e4t\u00f6mahdollisuus<\/li>\n<li>Kevyt rakenne, paino vain 38g<\/li>\n<\/ul>\n<p>Pituus 99,7mm ja leveys 21mm. T\u00e4m\u00e4 musta kisko korvaa AK:n takataht\u00e4imen. Sivuissa syvennykset maalausta varten. Mahdollistaa rautat\u00e4ht\u00e4inten k\u00e4yt\u00f6n, kun optisia t\u00e4ht\u00e4imi\u00e4 ei ole kiinnitetty.<\/p>\n<p>Lis\u00e4varuste AK:n monipuolisuuden ja tarkkuuden parantamiseen.<\/p>\n<\/div>\n","protected":false},"excerpt":{"rendered":"<p>AK-kiv\u00e4\u00e4rin takat\u00e4ht\u00e4imen kisko optiikalle. Kest\u00e4v\u00e4\u00e4 alumiinia, Picatinny-yhteensopiva.<\/p>\n","protected":false},"featured_media":490588,"template":"","meta":{"_acf_changed":false},"product_brand":[],"product_cat":[13159],"product_tag":[],"class_list":{"0":"post-527599","1":"product","2":"type-product","3":"status-publish","4":"has-post-thumbnail","6":"product_cat-ak-viritys","8":"first","9":"instock","10":"taxable","11":"shipping-taxable","12":"purchasable","13":"product-type-simple"},"acf":[],"_links":{"self":[{"href":"https:\/\/staging.nbg.eu\/fi\/wp-json\/wp\/v2\/product\/527599","targetHints":{"allow":["GET"]}}],"collection":[{"href":"https:\/\/staging.nbg.eu\/fi\/wp-json\/wp\/v2\/product"}],"about":[{"href":"https:\/\/staging.nbg.eu\/fi\/wp-json\/wp\/v2\/types\/product"}],"wp:featuredmedia":[{"embeddable":true,"href":"https:\/\/staging.nbg.eu\/fi\/wp-json\/wp\/v2\/media\/490588"}],"wp:attachment":[{"href":"https:\/\/staging.nbg.eu\/fi\/wp-json\/wp\/v2\/media?parent=527599"}],"wp:term":[{"taxonomy":"product_brand","embeddable":true,"href":"https:\/\/staging.nbg.eu\/fi\/wp-json\/wp\/v2\/product_brand?post=527599"},{"taxonomy":"product_cat","embeddable":true,"href":"https:\/\/staging.nbg.eu\/fi\/wp-json\/wp\/v2\/product_cat?post=527599"},{"taxonomy":"product_tag","embeddable":true,"href":"https:\/\/staging.nbg.eu\/fi\/wp-json\/wp\/v2\/product_tag?post=527599"}],"curies":[{"name":"wp","href":"https:\/\/api.w.org\/{rel}","templated":true}]}}