{"id":526998,"date":"2025-08-25T00:18:45","date_gmt":"2025-08-24T21:18:45","guid":{"rendered":"https:\/\/staging.nbg.eu\/product\/ftcs-enlarged-magazine-catch-with-shelf-ak-platform-no-16\/"},"modified":"2025-09-25T22:05:35","modified_gmt":"2025-09-25T19:05:35","slug":"ftcs-laajennettu-lippaiden-salpa-hyllyllae-ak-alusta-no16","status":"publish","type":"product","link":"https:\/\/staging.nbg.eu\/fi\/tuote\/ftcs-laajennettu-lippaiden-salpa-hyllyllae-ak-alusta-no16\/","title":{"rendered":"FTCS &#8211; Laajennettu Lippaiden Salpa Hyllyll\u00e4 &#8211; AK alusta &#8211; No.16"},"content":{"rendered":"<div class=\"product-description\">\n<h2>FTCS &#8211; Suurennettu lippaanvapautin hyllyll\u00e4 &#8211; AK-alusta &#8211; Nro 16<\/h2>\n<p>AK-alustan kiv\u00e4\u00e4rin lippaanvapautin, jossa on hylly nopeaan lippaan irrottamiseen etusormella. Valmistettu ter\u00e4ksest\u00e4 ja viimeistelty Graphite Black H-146 Cerakote -pinnoitteella.<\/p>\n<h2>Ominaisuudet:<\/h2>\n<ul>\n<li>Yhteensopiva useimpien AK\/AKM\/AK-74 -tyyppisten aseiden kanssa<\/li>\n<li>Ter\u00e4srakenne kest\u00e4vyytt\u00e4 varten<\/li>\n<li>Suurennettu muotoilu k\u00e4sittelyn parantamiseksi<\/li>\n<li>Lis\u00e4hylly etusormen lippaanvapautusta varten<\/li>\n<\/ul>\n<h2>Tekniset tiedot:<\/h2>\n<ul>\n<li>Mitat: 55 x 52 x 21 mm<\/li>\n<li>Paino: 20 g<\/li>\n<li>Viimeistely: Cerakote Graphite Black H-146<\/li>\n<\/ul>\n<p>FTCS Suurennettu lippaanvapautin hyllyll\u00e4 &#8211; Nro 16 AK-alustan kiv\u00e4\u00e4reille.<\/p>\n<\/div>\n","protected":false},"excerpt":{"rendered":"<p>AK-alustan parannettu lippaanvapautin sormihyllyll\u00e4. Ter\u00e4st\u00e4, musta.<\/p>\n","protected":false},"featured_media":481340,"template":"","meta":{"_acf_changed":false},"product_brand":[11311],"product_cat":[13159,13225,13174],"product_tag":[],"class_list":{"0":"post-526998","1":"product","2":"type-product","3":"status-publish","4":"has-post-thumbnail","6":"product_brand-ftcs","7":"product_cat-ak-viritys","8":"product_cat-kivaeaeri","9":"product_cat-kivaeaerin-viritys","11":"first","12":"instock","13":"taxable","14":"shipping-taxable","15":"purchasable","16":"product-type-simple"},"acf":[],"_links":{"self":[{"href":"https:\/\/staging.nbg.eu\/fi\/wp-json\/wp\/v2\/product\/526998","targetHints":{"allow":["GET"]}}],"collection":[{"href":"https:\/\/staging.nbg.eu\/fi\/wp-json\/wp\/v2\/product"}],"about":[{"href":"https:\/\/staging.nbg.eu\/fi\/wp-json\/wp\/v2\/types\/product"}],"wp:featuredmedia":[{"embeddable":true,"href":"https:\/\/staging.nbg.eu\/fi\/wp-json\/wp\/v2\/media\/481340"}],"wp:attachment":[{"href":"https:\/\/staging.nbg.eu\/fi\/wp-json\/wp\/v2\/media?parent=526998"}],"wp:term":[{"taxonomy":"product_brand","embeddable":true,"href":"https:\/\/staging.nbg.eu\/fi\/wp-json\/wp\/v2\/product_brand?post=526998"},{"taxonomy":"product_cat","embeddable":true,"href":"https:\/\/staging.nbg.eu\/fi\/wp-json\/wp\/v2\/product_cat?post=526998"},{"taxonomy":"product_tag","embeddable":true,"href":"https:\/\/staging.nbg.eu\/fi\/wp-json\/wp\/v2\/product_tag?post=526998"}],"curies":[{"name":"wp","href":"https:\/\/api.w.org\/{rel}","templated":true}]}}