{"id":52101,"date":"2024-03-12T19:00:56","date_gmt":"2024-09-13T11:29:47","guid":{"rendered":"https:\/\/staging.nbg.eu\/product\/bore-tech-rimfire-blend\/"},"modified":"2024-09-13T11:30:38","modified_gmt":"2024-09-13T11:30:38","slug":"bore-tech-rimfire-sekoitus","status":"publish","type":"product","link":"https:\/\/staging.nbg.eu\/fi\/tuote\/bore-tech-rimfire-sekoitus\/","title":{"rendered":"Bore Tech Rimfire-sekoitus"},"content":{"rendered":"<div class=\"product-description\">\n<h2>Bore Tech Rimfire Blend piipunpuhdistusaine<\/h2>\n<p>Pienikaliiperisten aseiden ampujille suunniteltu puhdistusaine poistaa lyijyn, ruutij\u00e4\u00e4m\u00e4t ja luotivahat. Kilpa-ampujien ja asevalmistajien k\u00e4ytt\u00e4m\u00e4.<\/p>\n<ul>\n<li>Ammoniakiton ja hajuton<\/li>\n<li>100% biohajoava<\/li>\n<li>Poistaa lyijy-, vaha- ja hiilikerrokset<\/li>\n<li>Vaatii v\u00e4h\u00e4n harjausta<\/li>\n<li>Sopii kaikille piipputyypeille<\/li>\n<\/ul>\n<p>Bore Techin erikoispuhdistusainesarja.<\/p>\n<\/div>\n","protected":false},"excerpt":{"rendered":"<p>Tehokas rimfire-puhdistusaine poistaa lyijyn, vahan ja hiilen. Ammoniakiton.<\/p>\n","protected":false},"featured_media":52102,"template":"","meta":{"_acf_changed":false},"product_brand":[11151],"product_cat":[13206,13220],"product_tag":[],"class_list":{"0":"post-52101","1":"product","2":"type-product","3":"status-publish","4":"has-post-thumbnail","6":"product_brand-boretech","7":"product_cat-aseen-puhdistus","8":"product_cat-puhdistusaineet","10":"first","11":"instock","12":"taxable","13":"shipping-taxable","14":"purchasable","15":"product-type-variable","16":"wvs-archive-product-wrapper"},"acf":[],"_links":{"self":[{"href":"https:\/\/staging.nbg.eu\/fi\/wp-json\/wp\/v2\/product\/52101","targetHints":{"allow":["GET"]}}],"collection":[{"href":"https:\/\/staging.nbg.eu\/fi\/wp-json\/wp\/v2\/product"}],"about":[{"href":"https:\/\/staging.nbg.eu\/fi\/wp-json\/wp\/v2\/types\/product"}],"wp:featuredmedia":[{"embeddable":true,"href":"https:\/\/staging.nbg.eu\/fi\/wp-json\/wp\/v2\/media\/52102"}],"wp:attachment":[{"href":"https:\/\/staging.nbg.eu\/fi\/wp-json\/wp\/v2\/media?parent=52101"}],"wp:term":[{"taxonomy":"product_brand","embeddable":true,"href":"https:\/\/staging.nbg.eu\/fi\/wp-json\/wp\/v2\/product_brand?post=52101"},{"taxonomy":"product_cat","embeddable":true,"href":"https:\/\/staging.nbg.eu\/fi\/wp-json\/wp\/v2\/product_cat?post=52101"},{"taxonomy":"product_tag","embeddable":true,"href":"https:\/\/staging.nbg.eu\/fi\/wp-json\/wp\/v2\/product_tag?post=52101"}],"curies":[{"name":"wp","href":"https:\/\/api.w.org\/{rel}","templated":true}]}}