{"id":51915,"date":"2024-03-12T19:14:59","date_gmt":"2024-09-13T11:27:15","guid":{"rendered":"https:\/\/staging.nbg.eu\/product\/bore-tech-cu2-copper-remover\/"},"modified":"2024-09-13T11:28:05","modified_gmt":"2024-09-13T11:28:05","slug":"bore-tech-cu2-kuparenpoistoaine","status":"publish","type":"product","link":"https:\/\/staging.nbg.eu\/fi\/tuote\/bore-tech-cu2-kuparenpoistoaine\/","title":{"rendered":"Bore Tech CU+2 kuparenpoistoaine"},"content":{"rendered":"<div class=\"product-description\">\n<h2>Bore Tech CU+2 Kuparin poistoaine<\/h2>\n<p>Patentoidulla Cu+2 Copper Remover\u2122 -aineella voi poistaa kuparikertymi\u00e4. T\u00e4m\u00e4 liuos toimii paremmin kuin perinteiset petroli-ammoniakki-pohjaiset liuottimet. Ominaisuudet:<\/p>\n<ul>\n<li>100% turvallinen piipulle ja ammoniakkivapaa<\/li>\n<li>Hajuton ja biohajoava<\/li>\n<li>Nopea ja t\u00e4ydellinen kuparin poisto<\/li>\n<li>Kaksivaiheinen puhdistusprosessi<\/li>\n<li>Lyhytaikainen ruosteenesto<\/li>\n<\/ul>\n<p>T\u00e4m\u00e4 k\u00e4ytt\u00e4j\u00e4yst\u00e4v\u00e4llinen ja vaaraton kuparin poistoaine sopii aseiden huoltoon.<\/p>\n<\/div>\n","protected":false},"excerpt":{"rendered":"<p>Patentoitu, ammoniakkivapaa kuparinpoistoaine. Nopeavaikutteinen, piipputurvallinen ja hajuton.<\/p>\n","protected":false},"featured_media":51916,"template":"","meta":{"_acf_changed":false},"product_brand":[11151],"product_cat":[13206,13220],"product_tag":[],"class_list":{"0":"post-51915","1":"product","2":"type-product","3":"status-publish","4":"has-post-thumbnail","6":"product_brand-boretech","7":"product_cat-aseen-puhdistus","8":"product_cat-puhdistusaineet","10":"first","11":"instock","12":"taxable","13":"shipping-taxable","14":"purchasable","15":"product-type-variable","16":"wvs-archive-product-wrapper"},"acf":[],"_links":{"self":[{"href":"https:\/\/staging.nbg.eu\/fi\/wp-json\/wp\/v2\/product\/51915","targetHints":{"allow":["GET"]}}],"collection":[{"href":"https:\/\/staging.nbg.eu\/fi\/wp-json\/wp\/v2\/product"}],"about":[{"href":"https:\/\/staging.nbg.eu\/fi\/wp-json\/wp\/v2\/types\/product"}],"wp:featuredmedia":[{"embeddable":true,"href":"https:\/\/staging.nbg.eu\/fi\/wp-json\/wp\/v2\/media\/51916"}],"wp:attachment":[{"href":"https:\/\/staging.nbg.eu\/fi\/wp-json\/wp\/v2\/media?parent=51915"}],"wp:term":[{"taxonomy":"product_brand","embeddable":true,"href":"https:\/\/staging.nbg.eu\/fi\/wp-json\/wp\/v2\/product_brand?post=51915"},{"taxonomy":"product_cat","embeddable":true,"href":"https:\/\/staging.nbg.eu\/fi\/wp-json\/wp\/v2\/product_cat?post=51915"},{"taxonomy":"product_tag","embeddable":true,"href":"https:\/\/staging.nbg.eu\/fi\/wp-json\/wp\/v2\/product_tag?post=51915"}],"curies":[{"name":"wp","href":"https:\/\/api.w.org\/{rel}","templated":true}]}}