{"id":51787,"date":"2024-03-13T05:48:23","date_gmt":"2024-03-13T05:48:23","guid":{"rendered":"https:\/\/staging.nbg.eu\/product\/bore-tech-c4-carbon-remover-4-oz\/"},"modified":"2024-09-13T10:07:30","modified_gmt":"2024-09-13T10:07:30","slug":"bore-tech-c4-hiilenpoistoaine-4-oz","status":"publish","type":"product","link":"https:\/\/staging.nbg.eu\/fi\/tuote\/bore-tech-c4-hiilenpoistoaine-4-oz\/","title":{"rendered":"Bore Tech C4 hiilenpoistoaine &#8211; 4 Oz"},"content":{"rendered":"<div class=\"product-description\">\n<h2>Bore Tech C4 Hiilenpoistoaine &#8211; 118 ml<\/h2>\n<p>Bore Tech C4 Hiilenpoistoaine poistaa hiilikerrostumia. T\u00e4m\u00e4 koostumus poistaa paksut hiilikerrostumat ilman muissa puhdistusaineissa esiintyvi\u00e4 vaaroja, myrkyllisyytt\u00e4 tai hajuja. Se on turvallinen piipuille, ei-vaarallinen ja ammoniakiton. Soveltuu piippujen, lukonkehysten ja muiden osien puhdistukseen.<\/p>\n<\/div>\n","protected":false},"excerpt":{"rendered":"<p>Tehokas ja turvallinen hiilenpoistoaine aseille. Nopea ja tehokas.<\/p>\n","protected":false},"featured_media":51788,"template":"","meta":{"_acf_changed":false},"product_brand":[11151],"product_cat":[13206,13220],"product_tag":[],"class_list":{"0":"post-51787","1":"product","2":"type-product","3":"status-publish","4":"has-post-thumbnail","6":"product_brand-boretech","7":"product_cat-aseen-puhdistus","8":"product_cat-puhdistusaineet","10":"first","11":"instock","12":"taxable","13":"shipping-taxable","14":"purchasable","15":"product-type-variable","16":"wvs-archive-product-wrapper"},"acf":[],"_links":{"self":[{"href":"https:\/\/staging.nbg.eu\/fi\/wp-json\/wp\/v2\/product\/51787","targetHints":{"allow":["GET"]}}],"collection":[{"href":"https:\/\/staging.nbg.eu\/fi\/wp-json\/wp\/v2\/product"}],"about":[{"href":"https:\/\/staging.nbg.eu\/fi\/wp-json\/wp\/v2\/types\/product"}],"wp:featuredmedia":[{"embeddable":true,"href":"https:\/\/staging.nbg.eu\/fi\/wp-json\/wp\/v2\/media\/51788"}],"wp:attachment":[{"href":"https:\/\/staging.nbg.eu\/fi\/wp-json\/wp\/v2\/media?parent=51787"}],"wp:term":[{"taxonomy":"product_brand","embeddable":true,"href":"https:\/\/staging.nbg.eu\/fi\/wp-json\/wp\/v2\/product_brand?post=51787"},{"taxonomy":"product_cat","embeddable":true,"href":"https:\/\/staging.nbg.eu\/fi\/wp-json\/wp\/v2\/product_cat?post=51787"},{"taxonomy":"product_tag","embeddable":true,"href":"https:\/\/staging.nbg.eu\/fi\/wp-json\/wp\/v2\/product_tag?post=51787"}],"curies":[{"name":"wp","href":"https:\/\/api.w.org\/{rel}","templated":true}]}}