{"id":51657,"date":"2024-03-14T09:15:35","date_gmt":"2024-09-13T10:04:56","guid":{"rendered":"https:\/\/staging.nbg.eu\/product\/boretech-nylon-chamber-brush-multiple-calibers\/"},"modified":"2024-09-13T10:05:42","modified_gmt":"2024-09-13T10:05:42","slug":"boretech-nylon-patruunaharja-useita-kaliipereita","status":"publish","type":"product","link":"https:\/\/staging.nbg.eu\/fi\/tuote\/boretech-nylon-patruunaharja-useita-kaliipereita\/","title":{"rendered":"BoreTech nylon-patruunaharja (useita kaliipereita)"},"content":{"rendered":"<div class=\"product-description\">\n<h2>BoreTech nailoninen pes\u00e4kammion harja (useita kaliipereita)<\/h2>\n<p>Bore Techin nailoniset pes\u00e4kammion harjat ovat turvallisia ja tehokkaita. N\u00e4iden harjojen ominaisuudet:<\/p>\n<ul>\n<li>Yhteensopivuus nopeasti vaikuttavien kuparia poistavien puhdistusaineiden kanssa<\/li>\n<li>Kaksinkertainen harjausteho uritettuja nailonharjaksia k\u00e4ytt\u00e4en<\/li>\n<li>Jokaiselle kaliiperille r\u00e4\u00e4t\u00e4l\u00f6idyt harjasten halkaisijat<\/li>\n<li>Ei-messinkinen, kaksinkertaisesti kierretty harjan ydin silmukkap\u00e4\u00e4ll\u00e4<\/li>\n<li>Lentokoneluokan alumiiniset tapit kest\u00e4vyyden takaamiseksi<\/li>\n<\/ul>\n<p>Poistaa v\u00e4\u00e4r\u00e4t kuparilikaisuuden merkit ja siniset laikut, joita esiintyy fosforipronssisissa harjoissa. Saatavana yksitt\u00e4ispakkauksina .223\/5.56mm AR-15 ja .308\/7.62mm AR-10 -aseisiin.<\/p>\n<p>Bore Tech mahdollistaa nopeamman ja tehokkaamman pes\u00e4kammion puhdistuksen vaarantamatta aseen eheytt\u00e4.<\/p>\n<\/div>\n","protected":false},"excerpt":{"rendered":"<p>Turvallinen, kest\u00e4v\u00e4 nailoninen piipun puhdistusharja tehokkaaseen aseen puhdistukseen.<\/p>\n","protected":false},"featured_media":51658,"template":"","meta":{"_acf_changed":false},"product_brand":[11151],"product_cat":[13206,13233],"product_tag":[],"class_list":{"0":"post-51657","1":"product","2":"type-product","3":"status-publish","4":"has-post-thumbnail","6":"product_brand-boretech","7":"product_cat-aseen-puhdistus","8":"product_cat-harjat","9":"pa_model-ar-10-fi","10":"pa_model-ar-15-fi","12":"first","13":"instock","14":"taxable","15":"shipping-taxable","16":"purchasable","17":"product-type-variable","18":"wvs-archive-product-wrapper"},"acf":[],"_links":{"self":[{"href":"https:\/\/staging.nbg.eu\/fi\/wp-json\/wp\/v2\/product\/51657","targetHints":{"allow":["GET"]}}],"collection":[{"href":"https:\/\/staging.nbg.eu\/fi\/wp-json\/wp\/v2\/product"}],"about":[{"href":"https:\/\/staging.nbg.eu\/fi\/wp-json\/wp\/v2\/types\/product"}],"wp:featuredmedia":[{"embeddable":true,"href":"https:\/\/staging.nbg.eu\/fi\/wp-json\/wp\/v2\/media\/51658"}],"wp:attachment":[{"href":"https:\/\/staging.nbg.eu\/fi\/wp-json\/wp\/v2\/media?parent=51657"}],"wp:term":[{"taxonomy":"product_brand","embeddable":true,"href":"https:\/\/staging.nbg.eu\/fi\/wp-json\/wp\/v2\/product_brand?post=51657"},{"taxonomy":"product_cat","embeddable":true,"href":"https:\/\/staging.nbg.eu\/fi\/wp-json\/wp\/v2\/product_cat?post=51657"},{"taxonomy":"product_tag","embeddable":true,"href":"https:\/\/staging.nbg.eu\/fi\/wp-json\/wp\/v2\/product_tag?post=51657"}],"curies":[{"name":"wp","href":"https:\/\/api.w.org\/{rel}","templated":true}]}}