{"id":51522,"date":"2024-03-15T05:39:44","date_gmt":"2024-09-13T09:59:13","guid":{"rendered":"https:\/\/staging.nbg.eu\/product\/bore-tech-bullet-knock-out-set\/"},"modified":"2024-09-13T09:59:57","modified_gmt":"2024-09-13T09:59:57","slug":"bore-tech-bullet-knock-out-sarja","status":"publish","type":"product","link":"https:\/\/staging.nbg.eu\/fi\/tuote\/bore-tech-bullet-knock-out-sarja\/","title":{"rendered":"Bore Tech Bullet Knock-out -sarja"},"content":{"rendered":"<p><strong>Bore Tech Bullet Knock-out Set<\/strong> on ty\u00f6kalu ampujille. Sarja sis\u00e4lt\u00e4\u00e4 4 koneistettua messinkik\u00e4rke\u00e4, jotka on suunniteltu poistamaan jumiutuneita luoteja tai hylsyj\u00e4 vahingoittamatta puhdistustankoa. Sopii .17 &#8211; .50 kaliiperin kiv\u00e4\u00e4reihin ja pistooleihin.<\/p>\n","protected":false},"excerpt":{"rendered":"<p>V\u00e4ltt\u00e4m\u00e4t\u00f6n ty\u00f6kalu jumittuneiden luotien poistamiseen. 4 messinkik\u00e4rke\u00e4, kaliiperit .17-.50.<\/p>\n","protected":false},"featured_media":51523,"template":"","meta":{"_acf_changed":false},"product_brand":[11151],"product_cat":[13206,13233],"product_tag":[],"class_list":{"0":"post-51522","1":"product","2":"type-product","3":"status-publish","4":"has-post-thumbnail","6":"product_brand-boretech","7":"product_cat-aseen-puhdistus","8":"product_cat-harjat","10":"first","11":"instock","12":"taxable","13":"shipping-taxable","14":"purchasable","15":"product-type-simple"},"acf":[],"_links":{"self":[{"href":"https:\/\/staging.nbg.eu\/fi\/wp-json\/wp\/v2\/product\/51522","targetHints":{"allow":["GET"]}}],"collection":[{"href":"https:\/\/staging.nbg.eu\/fi\/wp-json\/wp\/v2\/product"}],"about":[{"href":"https:\/\/staging.nbg.eu\/fi\/wp-json\/wp\/v2\/types\/product"}],"wp:featuredmedia":[{"embeddable":true,"href":"https:\/\/staging.nbg.eu\/fi\/wp-json\/wp\/v2\/media\/51523"}],"wp:attachment":[{"href":"https:\/\/staging.nbg.eu\/fi\/wp-json\/wp\/v2\/media?parent=51522"}],"wp:term":[{"taxonomy":"product_brand","embeddable":true,"href":"https:\/\/staging.nbg.eu\/fi\/wp-json\/wp\/v2\/product_brand?post=51522"},{"taxonomy":"product_cat","embeddable":true,"href":"https:\/\/staging.nbg.eu\/fi\/wp-json\/wp\/v2\/product_cat?post=51522"},{"taxonomy":"product_tag","embeddable":true,"href":"https:\/\/staging.nbg.eu\/fi\/wp-json\/wp\/v2\/product_tag?post=51522"}],"curies":[{"name":"wp","href":"https:\/\/api.w.org\/{rel}","templated":true}]}}