{"id":51450,"date":"2024-03-15T06:18:52","date_gmt":"2024-09-13T09:56:54","guid":{"rendered":"https:\/\/staging.nbg.eu\/product\/bore-tech-chameleon-gel-2-oz-tube\/"},"modified":"2024-09-13T09:57:41","modified_gmt":"2024-09-13T09:57:41","slug":"bore-tech-chameleon-geeli-2-unssin-putki","status":"publish","type":"product","link":"https:\/\/staging.nbg.eu\/fi\/tuote\/bore-tech-chameleon-geeli-2-unssin-putki\/","title":{"rendered":"Bore Tech Chameleon Geeli (2 Unssin Putki)"},"content":{"rendered":"<h2>Bore Tech Chameleon Geeli (2 unssin tuubi)<\/h2>\n<p>Bore Tech Chameleon Gel\u2122 on patentoitu puhdistus- ja kiillotusaine aseille. T\u00e4m\u00e4 v\u00e4ri\u00e4 vaihtava geeli poistaa hiilen, kuparin, lyijyn ja molybdeenin j\u00e4\u00e4mi\u00e4, puhdistaen piipun.<\/p>\n<ul>\n<li>Hajuton ja biohajoava<\/li>\n<li>Turvallinen kaikille piipputyypeille<\/li>\n<li>Ei vaadi sekoittamista<\/li>\n<li>Helppok\u00e4ytt\u00f6inen geelim\u00e4inen koostumus<\/li>\n<li>V\u00e4ri\u00e4 vaihtava teknologia puhdistuksen tarkkuuteen<\/li>\n<\/ul>\n<p>Chameleon Geelin koostumus muuttaa v\u00e4ri\u00e4 osoittaakseen ep\u00e4puhtauden tyypin:<\/p>\n<p>Sininen\/Vihre\u00e4: Kupari<\/p>\n<p>Musta: Hiili<\/p>\n<p>Harmaa: Lyijy\/Molybdeeni<\/p>\n<p>Valkoinen: Puhdas piippu<\/p>\n<p>Yll\u00e4pid\u00e4 aseesi suorituskyky\u00e4 t\u00e4ll\u00e4 puhdistusaineella. 2 unssin tuubi.<\/p>\n","protected":false},"excerpt":{"rendered":"<p>V\u00e4ri\u00e4 vaihtava geelipuhdistusaine poistaa likaa aseiden piipuista.<\/p>\n","protected":false},"featured_media":51451,"template":"","meta":{"_acf_changed":false},"product_brand":[11151],"product_cat":[13206,13220],"product_tag":[],"class_list":{"0":"post-51450","1":"product","2":"type-product","3":"status-publish","4":"has-post-thumbnail","6":"product_brand-boretech","7":"product_cat-aseen-puhdistus","8":"product_cat-puhdistusaineet","10":"first","11":"instock","12":"taxable","13":"shipping-taxable","14":"purchasable","15":"product-type-simple"},"acf":[],"_links":{"self":[{"href":"https:\/\/staging.nbg.eu\/fi\/wp-json\/wp\/v2\/product\/51450","targetHints":{"allow":["GET"]}}],"collection":[{"href":"https:\/\/staging.nbg.eu\/fi\/wp-json\/wp\/v2\/product"}],"about":[{"href":"https:\/\/staging.nbg.eu\/fi\/wp-json\/wp\/v2\/types\/product"}],"wp:featuredmedia":[{"embeddable":true,"href":"https:\/\/staging.nbg.eu\/fi\/wp-json\/wp\/v2\/media\/51451"}],"wp:attachment":[{"href":"https:\/\/staging.nbg.eu\/fi\/wp-json\/wp\/v2\/media?parent=51450"}],"wp:term":[{"taxonomy":"product_brand","embeddable":true,"href":"https:\/\/staging.nbg.eu\/fi\/wp-json\/wp\/v2\/product_brand?post=51450"},{"taxonomy":"product_cat","embeddable":true,"href":"https:\/\/staging.nbg.eu\/fi\/wp-json\/wp\/v2\/product_cat?post=51450"},{"taxonomy":"product_tag","embeddable":true,"href":"https:\/\/staging.nbg.eu\/fi\/wp-json\/wp\/v2\/product_tag?post=51450"}],"curies":[{"name":"wp","href":"https:\/\/api.w.org\/{rel}","templated":true}]}}