{"id":51418,"date":"2024-03-15T07:11:12","date_gmt":"2024-09-13T09:53:10","guid":{"rendered":"https:\/\/staging.nbg.eu\/product\/bore-tech-shield-xp-rust-preventive\/"},"modified":"2024-09-13T09:53:56","modified_gmt":"2024-09-13T09:53:56","slug":"bore-tech-shield-xp-ruostenestoaine","status":"publish","type":"product","link":"https:\/\/staging.nbg.eu\/fi\/tuote\/bore-tech-shield-xp-ruostenestoaine\/","title":{"rendered":"Bore Tech Shield XP Ruostenestoaine"},"content":{"rendered":"<h2>Bore Tech Shield XP Ruosteenesto<\/h2>\n<p>Suojaa aseesi Bore Tech Shield XP Ruosteenestoaineella. Tuote tarjoaa ruoste- ja korroosiosuojaa. T\u00e4m\u00e4 \u00f6ljyt\u00f6n liuos tunkeutuu syv\u00e4lle, syrj\u00e4ytt\u00e4\u00e4 kosteuden ja neutraloi sy\u00f6vytt\u00e4vi\u00e4 aineita, j\u00e4tt\u00e4en n\u00e4kym\u00e4tt\u00f6m\u00e4n suojan, joka ei ker\u00e4\u00e4 likaa.<\/p>\n<ul>\n<li>Sopii pitk\u00e4aikaiseen s\u00e4ilytykseen<\/li>\n<li>Turvallinen kaikille metalleille<\/li>\n<li>Kest\u00e4\u00e4 yli 500 tuntia ASTM-kosteustestiss\u00e4<\/li>\n<li>Kookoksen tuoksu<\/li>\n<li>Pumppusuihkepullo<\/li>\n<\/ul>\n<h3>K\u00e4ytt\u00f6ohjeet:<\/h3>\n<ol>\n<li>Poista aseesta patruunat ja puhdista pinnat rasvasta<\/li>\n<li>Suihkuta tai levit\u00e4 Shield XP metallipinnoille<\/li>\n<li>Odota 15 minuuttia, lis\u00e4\u00e4 toinen kerros tarvittaessa<\/li>\n<li>Ennen k\u00e4ytt\u00f6\u00e4, ved\u00e4 kuiva paikka piipun l\u00e4pi<\/li>\n<\/ol>\n<p>Shield XP: Suoja ruostetta ja korroosiota vastaan aseillesi.<\/p>\n","protected":false},"excerpt":{"rendered":"<p>Pitk\u00e4kestoinen ruostesuoja ampuma-aseille.<\/p>\n","protected":false},"featured_media":51334,"template":"","meta":{"_acf_changed":false},"product_brand":[11151],"product_cat":[13206,13194],"product_tag":[],"class_list":{"0":"post-51418","1":"product","2":"type-product","3":"status-publish","4":"has-post-thumbnail","6":"product_brand-boretech","7":"product_cat-aseen-puhdistus","8":"product_cat-voiteluaineet","10":"first","11":"instock","12":"taxable","13":"shipping-taxable","14":"purchasable","15":"product-type-simple"},"acf":[],"_links":{"self":[{"href":"https:\/\/staging.nbg.eu\/fi\/wp-json\/wp\/v2\/product\/51418","targetHints":{"allow":["GET"]}}],"collection":[{"href":"https:\/\/staging.nbg.eu\/fi\/wp-json\/wp\/v2\/product"}],"about":[{"href":"https:\/\/staging.nbg.eu\/fi\/wp-json\/wp\/v2\/types\/product"}],"wp:featuredmedia":[{"embeddable":true,"href":"https:\/\/staging.nbg.eu\/fi\/wp-json\/wp\/v2\/media\/51334"}],"wp:attachment":[{"href":"https:\/\/staging.nbg.eu\/fi\/wp-json\/wp\/v2\/media?parent=51418"}],"wp:term":[{"taxonomy":"product_brand","embeddable":true,"href":"https:\/\/staging.nbg.eu\/fi\/wp-json\/wp\/v2\/product_brand?post=51418"},{"taxonomy":"product_cat","embeddable":true,"href":"https:\/\/staging.nbg.eu\/fi\/wp-json\/wp\/v2\/product_cat?post=51418"},{"taxonomy":"product_tag","embeddable":true,"href":"https:\/\/staging.nbg.eu\/fi\/wp-json\/wp\/v2\/product_tag?post=51418"}],"curies":[{"name":"wp","href":"https:\/\/api.w.org\/{rel}","templated":true}]}}