{"id":51333,"date":"2024-03-15T07:47:20","date_gmt":"2024-09-13T09:49:42","guid":{"rendered":"https:\/\/staging.nbg.eu\/product\/boretech-eliminator-4-oz\/"},"modified":"2024-09-13T09:50:33","modified_gmt":"2024-09-13T09:50:33","slug":"boretech-eliminator-4-unssia","status":"publish","type":"product","link":"https:\/\/staging.nbg.eu\/fi\/tuote\/boretech-eliminator-4-unssia\/","title":{"rendered":"BoreTech Eliminator &#8211; 4 Unssia"},"content":{"rendered":"<div class=\"product-description\">\n<h2>BoreTech Eliminator &#8211; 118 ml<\/h2>\n<p>BoreTech Eliminator\u2122 on piipunpuhdistusaine. T\u00e4m\u00e4 patentoitu, nopeasti vaikuttava ja piipulle turvallinen koostumus on tehokas. Ominaisuudet:<\/p>\n<ul>\n<li>100% turvallinen piipulle ja biohajoava<\/li>\n<li>Ammoniakiton ja hajuton<\/li>\n<li>Poistaa hiilen, kuparin, lyijyn ja sy\u00f6vytt\u00e4v\u00e4t j\u00e4\u00e4m\u00e4t<\/li>\n<li>Ei-vaarallinen ja helppok\u00e4ytt\u00f6inen<\/li>\n<\/ul>\n<p>Eliminatorin kemiallinen koostumus irrottaa hiilikerrostumat ja samalla hapettaa ja suspendoi kuparij\u00e4\u00e4mi\u00e4. T\u00e4m\u00e4 est\u00e4\u00e4 uudelleenkerrostumisen ja varmistaa perusteellisen puhdistuksen.<\/p>\n<h3>K\u00e4ytt\u00f6ohjeet:<\/h3>\n<ol>\n<li>Kostuta 3-4 puhdistusliinaa Eliminatorilla ja ty\u00f6nn\u00e4 piipun l\u00e4pi yhteen suuntaan<\/li>\n<li>Tee 10-15 vetoa kostutetulla nylonharjalla<\/li>\n<li>Toista vaihe 1 ja anna vaikuttaa 3-5 minuuttia<\/li>\n<li>Ty\u00f6nn\u00e4 kuivia puhdistusliinoja l\u00e4pi kunnes puhdasta<\/li>\n<li>Toista tarvittaessa<\/li>\n<li>Levit\u00e4 Bore Tech Friction Guard XP ase\u00f6ljy\u00e4 s\u00e4ilytyst\u00e4 varten<\/li>\n<li>Ved\u00e4 kuiva puhdistusliina l\u00e4pi ennen k\u00e4ytt\u00f6\u00e4<\/li>\n<\/ol>\n<\/div>\n","protected":false},"excerpt":{"rendered":"<p>BoreTech Eliminator: Turvallinen, tehokas piipunpuhdistusaine. Poistaa kertym\u00e4t.<\/p>\n","protected":false},"featured_media":70975,"template":"","meta":{"_acf_changed":false},"product_brand":[11151],"product_cat":[13206,13220],"product_tag":[],"class_list":{"0":"post-51333","1":"product","2":"type-product","3":"status-publish","4":"has-post-thumbnail","6":"product_brand-boretech","7":"product_cat-aseen-puhdistus","8":"product_cat-puhdistusaineet","10":"first","11":"instock","12":"taxable","13":"shipping-taxable","14":"purchasable","15":"product-type-variable","16":"wvs-archive-product-wrapper"},"acf":[],"_links":{"self":[{"href":"https:\/\/staging.nbg.eu\/fi\/wp-json\/wp\/v2\/product\/51333","targetHints":{"allow":["GET"]}}],"collection":[{"href":"https:\/\/staging.nbg.eu\/fi\/wp-json\/wp\/v2\/product"}],"about":[{"href":"https:\/\/staging.nbg.eu\/fi\/wp-json\/wp\/v2\/types\/product"}],"wp:featuredmedia":[{"embeddable":true,"href":"https:\/\/staging.nbg.eu\/fi\/wp-json\/wp\/v2\/media\/70975"}],"wp:attachment":[{"href":"https:\/\/staging.nbg.eu\/fi\/wp-json\/wp\/v2\/media?parent=51333"}],"wp:term":[{"taxonomy":"product_brand","embeddable":true,"href":"https:\/\/staging.nbg.eu\/fi\/wp-json\/wp\/v2\/product_brand?post=51333"},{"taxonomy":"product_cat","embeddable":true,"href":"https:\/\/staging.nbg.eu\/fi\/wp-json\/wp\/v2\/product_cat?post=51333"},{"taxonomy":"product_tag","embeddable":true,"href":"https:\/\/staging.nbg.eu\/fi\/wp-json\/wp\/v2\/product_tag?post=51333"}],"curies":[{"name":"wp","href":"https:\/\/api.w.org\/{rel}","templated":true}]}}