{"id":51229,"date":"2024-03-15T17:11:28","date_gmt":"2024-03-15T17:11:28","guid":{"rendered":"https:\/\/staging.nbg.eu\/product\/bore-tech-bore-guide-bolt-action-centerfire-8mm-416-cal\/"},"modified":"2024-09-13T09:47:40","modified_gmt":"2024-09-13T09:47:40","slug":"bore-tech-piipun-ohjain-kertalaukaus-keskituli-8mm416-cal","status":"publish","type":"product","link":"https:\/\/staging.nbg.eu\/fi\/tuote\/bore-tech-piipun-ohjain-kertalaukaus-keskituli-8mm416-cal\/","title":{"rendered":"Bore Tech Piipun Ohjain &#8211; Kertalaukaus Keskituli (8mm\/.416 Cal)"},"content":{"rendered":"<div class=\"product-description\">\n<h2>Bore Tech Piipun ohjain &#8211; Pulttilukkoinen keskisytytteinen (8mm\/.416 kal)<\/h2>\n<p>Suojaa aseesi ja puhdistussauvasi Bore Techin piipun ohjaimella. T\u00e4m\u00e4 ty\u00f6kalu pulttilukkoisia keskisytytteisi\u00e4 kiv\u00e4\u00e4rej\u00e4 varten varmistaa:<\/p>\n<ul>\n<li>Puhdistussauvojen tarkka kohdistus piipun kanssa<\/li>\n<li>Aseen ja puhdistussauvan vahinkojen ehk\u00e4isy<\/li>\n<li>Tiivistys liuotinkest\u00e4vill\u00e4 kumik\u00e4rkisill\u00e4 kartiolla<\/li>\n<li>Piipunpuhdistusaineen vuotamisen esto kammioon ja lukkoon<\/li>\n<\/ul>\n<p>Ominaisuudet:<\/p>\n<ul>\n<li>CNC-koneistetut ja ruiskuvaletut osat<\/li>\n<li>V\u00e4rikoodattu vihre\u00e4ksi 8mm &#8211; .416 kaliipereille<\/li>\n<li>Sopii useimpiin pulttilukkokir\u00e4\u00e4reihin<\/li>\n<li>Levennetyt liuotinportit helppoa k\u00e4ytt\u00f6\u00e4 varten<\/li>\n<li>S\u00e4\u00e4dett\u00e4v\u00e4 lukon kaulus lyhyille ja pitkille lukkorungoille<\/li>\n<\/ul>\n<p>Bore Techin kest\u00e4v\u00e4 ja tehokas piipun ohjain aseiden huoltoon.<\/p>\n<\/div>\n","protected":false},"excerpt":{"rendered":"<p>Tarkkuuspuhdistusty\u00f6kalu 8mm-.416 pulttilukkoisia kiv\u00e4\u00e4rej\u00e4 varten. Ehk\u00e4isee vaurioita.<\/p>\n","protected":false},"featured_media":51230,"template":"","meta":{"_acf_changed":false},"product_brand":[11151],"product_cat":[13206,13165],"product_tag":[],"class_list":{"0":"post-51229","1":"product","2":"type-product","3":"status-publish","4":"has-post-thumbnail","6":"product_brand-boretech","7":"product_cat-aseen-puhdistus","8":"product_cat-puhdistustangot","10":"first","11":"instock","12":"taxable","13":"shipping-taxable","14":"purchasable","15":"product-type-variable","16":"wvs-archive-product-wrapper"},"acf":[],"_links":{"self":[{"href":"https:\/\/staging.nbg.eu\/fi\/wp-json\/wp\/v2\/product\/51229","targetHints":{"allow":["GET"]}}],"collection":[{"href":"https:\/\/staging.nbg.eu\/fi\/wp-json\/wp\/v2\/product"}],"about":[{"href":"https:\/\/staging.nbg.eu\/fi\/wp-json\/wp\/v2\/types\/product"}],"wp:featuredmedia":[{"embeddable":true,"href":"https:\/\/staging.nbg.eu\/fi\/wp-json\/wp\/v2\/media\/51230"}],"wp:attachment":[{"href":"https:\/\/staging.nbg.eu\/fi\/wp-json\/wp\/v2\/media?parent=51229"}],"wp:term":[{"taxonomy":"product_brand","embeddable":true,"href":"https:\/\/staging.nbg.eu\/fi\/wp-json\/wp\/v2\/product_brand?post=51229"},{"taxonomy":"product_cat","embeddable":true,"href":"https:\/\/staging.nbg.eu\/fi\/wp-json\/wp\/v2\/product_cat?post=51229"},{"taxonomy":"product_tag","embeddable":true,"href":"https:\/\/staging.nbg.eu\/fi\/wp-json\/wp\/v2\/product_tag?post=51229"}],"curies":[{"name":"wp","href":"https:\/\/api.w.org\/{rel}","templated":true}]}}