{"id":51080,"date":"2024-03-16T18:40:45","date_gmt":"2024-09-13T09:25:08","guid":{"rendered":"https:\/\/staging.nbg.eu\/product\/bore-tech-bronze-stainless-chamber-brush\/"},"modified":"2024-09-13T09:25:55","modified_gmt":"2024-09-13T09:25:55","slug":"bore-tech-pronssiruostumaton-patruunapesaeharja","status":"publish","type":"product","link":"https:\/\/staging.nbg.eu\/fi\/tuote\/bore-tech-pronssiruostumaton-patruunapesaeharja\/","title":{"rendered":"Bore Tech Pronssi\/Ruostumaton Patruunapes\u00e4harja"},"content":{"rendered":"<h2>Bore Tech Pronssi\/Ruostumaton ter\u00e4s Kammionpuhdistusharja<\/h2>\n<p>Bore Tech:in Pronssi\/Ruostumaton ter\u00e4s Kammionpuhdistusharjat. N\u00e4m\u00e4 kammioon sopivat harjat on valmistettu laadukkaasti.<\/p>\n<ul>\n<li>Yhdistelm\u00e4 j\u00e4ykki\u00e4 pronssi- ja ruostumattomia ter\u00e4sharjaksia<\/li>\n<li>Kaksinkertainen puhdistusteho nopeampaan ja tehokkaampaan puhdistukseen<\/li>\n<li>Silmukoitu kaksoiskelattu harjarunko<\/li>\n<li>Lentokonelaatuiset alumiinitapit<\/li>\n<li>Saatavana .223\/5.56mm AR-15 ja .308\/7.62mm AR-10 malleille<\/li>\n<\/ul>\n<p>Bore Tech:in kammionpuhdistusharjat.<\/p>\n<h3>K\u00e4ytt\u00f6ohjeet:<\/h3>\n<ol>\n<li>Kiinnit\u00e4 harja vartaan<\/li>\n<li>Kostuta harja puhdistusaineella (suositus: C4 Carbon Remover tai Eliminator Bore Cleaner)<\/li>\n<li>Ty\u00f6nn\u00e4 kammioon ja py\u00f6rit\u00e4 6-12 kertaa<\/li>\n<li>Lis\u00e4\u00e4 puhdistusainetta ja jatka harjausta tarvittaessa<\/li>\n<li>Pyyhi kammio puhtaaksi patchilla tai mopilla<\/li>\n<li>Puhdista harjat ennen s\u00e4ilytyst\u00e4<\/li>\n<\/ol>\n","protected":false},"excerpt":{"rendered":"<p>Tehokas kaksiharjaksinen puhdistusharja AR-15 ja AR-10 kiv\u00e4\u00e4reille.<\/p>\n","protected":false},"featured_media":51081,"template":"","meta":{"_acf_changed":false},"product_brand":[11151],"product_cat":[13206,13233],"product_tag":[],"class_list":{"0":"post-51080","1":"product","2":"type-product","3":"status-publish","4":"has-post-thumbnail","6":"product_brand-boretech","7":"product_cat-aseen-puhdistus","8":"product_cat-harjat","9":"pa_model-ar-10-fi","10":"pa_model-ar-15-fi","12":"first","13":"instock","14":"taxable","15":"shipping-taxable","16":"purchasable","17":"product-type-variable","18":"wvs-archive-product-wrapper"},"acf":[],"_links":{"self":[{"href":"https:\/\/staging.nbg.eu\/fi\/wp-json\/wp\/v2\/product\/51080","targetHints":{"allow":["GET"]}}],"collection":[{"href":"https:\/\/staging.nbg.eu\/fi\/wp-json\/wp\/v2\/product"}],"about":[{"href":"https:\/\/staging.nbg.eu\/fi\/wp-json\/wp\/v2\/types\/product"}],"wp:featuredmedia":[{"embeddable":true,"href":"https:\/\/staging.nbg.eu\/fi\/wp-json\/wp\/v2\/media\/51081"}],"wp:attachment":[{"href":"https:\/\/staging.nbg.eu\/fi\/wp-json\/wp\/v2\/media?parent=51080"}],"wp:term":[{"taxonomy":"product_brand","embeddable":true,"href":"https:\/\/staging.nbg.eu\/fi\/wp-json\/wp\/v2\/product_brand?post=51080"},{"taxonomy":"product_cat","embeddable":true,"href":"https:\/\/staging.nbg.eu\/fi\/wp-json\/wp\/v2\/product_cat?post=51080"},{"taxonomy":"product_tag","embeddable":true,"href":"https:\/\/staging.nbg.eu\/fi\/wp-json\/wp\/v2\/product_tag?post=51080"}],"curies":[{"name":"wp","href":"https:\/\/api.w.org\/{rel}","templated":true}]}}