{"id":50936,"date":"2024-01-30T18:05:11","date_gmt":"2024-09-13T09:11:59","guid":{"rendered":"https:\/\/staging.nbg.eu\/product\/blue-force-gear-vickers-padded-sling\/"},"modified":"2024-10-30T09:09:08","modified_gmt":"2024-10-30T09:09:08","slug":"blue-force-gear-vickers-pehmustettu-hihna","status":"publish","type":"product","link":"https:\/\/staging.nbg.eu\/fi\/tuote\/blue-force-gear-vickers-pehmustettu-hihna\/","title":{"rendered":"Blue Force Gear Vickers Pehmustettu Hihna"},"content":{"rendered":"<h2>Blue Force Gear Vickers -pehmustettu hihna<\/h2>\n<p>Vickers Padded Combat Applications Sling\u2122 on patentoitu nopeasti s\u00e4\u00e4dett\u00e4v\u00e4 taktinen hihna. Se on kehitetty yhteisty\u00f6ss\u00e4 Larry Vickersin kanssa, joka on entinen 1st SFOD-Delta -operatiivinen j\u00e4sen. Yhdysvaltain armeija k\u00e4ytt\u00e4\u00e4 t\u00e4t\u00e4 hihnaa.<\/p>\n<h2>Ominaisuudet:<\/h2>\n<ul>\n<li>5 cm:n sis\u00e4\u00e4nrakennettu pehmuste<\/li>\n<li>Umpisoluvaahtorakenne<\/li>\n<li>Pikas\u00e4\u00e4din pituuden muutoksiin<\/li>\n<li>Siirtym\u00e4 kantamisesta taisteluvalmiuteen<\/li>\n<li>Valmistettu Yhdysvalloissa laadukkaista materiaaleista<\/li>\n<\/ul>\n<p>Vickers-pehmustettu hihna yhdist\u00e4\u00e4 mukavuuden ja toiminnallisuuden.<\/p>\n","protected":false},"excerpt":{"rendered":"<p>Nopeasti s\u00e4\u00e4dett\u00e4v\u00e4 taktinen hihna kiv\u00e4\u00e4reille, jossa on pehmustettu mukavuus.<\/p>\n","protected":false},"featured_media":50636,"template":"","meta":{"_acf_changed":false},"product_brand":[11127],"product_cat":[13188,13192],"product_tag":[],"class_list":{"0":"post-50936","1":"product","2":"type-product","3":"status-publish","4":"has-post-thumbnail","6":"product_brand-blue-force-gear","7":"product_cat-hihnat","8":"product_cat-varusteet","10":"first","11":"instock","12":"taxable","13":"shipping-taxable","14":"purchasable","15":"product-type-variable","16":"wvs-archive-product-wrapper"},"acf":[],"_links":{"self":[{"href":"https:\/\/staging.nbg.eu\/fi\/wp-json\/wp\/v2\/product\/50936","targetHints":{"allow":["GET"]}}],"collection":[{"href":"https:\/\/staging.nbg.eu\/fi\/wp-json\/wp\/v2\/product"}],"about":[{"href":"https:\/\/staging.nbg.eu\/fi\/wp-json\/wp\/v2\/types\/product"}],"wp:featuredmedia":[{"embeddable":true,"href":"https:\/\/staging.nbg.eu\/fi\/wp-json\/wp\/v2\/media\/50636"}],"wp:attachment":[{"href":"https:\/\/staging.nbg.eu\/fi\/wp-json\/wp\/v2\/media?parent=50936"}],"wp:term":[{"taxonomy":"product_brand","embeddable":true,"href":"https:\/\/staging.nbg.eu\/fi\/wp-json\/wp\/v2\/product_brand?post=50936"},{"taxonomy":"product_cat","embeddable":true,"href":"https:\/\/staging.nbg.eu\/fi\/wp-json\/wp\/v2\/product_cat?post=50936"},{"taxonomy":"product_tag","embeddable":true,"href":"https:\/\/staging.nbg.eu\/fi\/wp-json\/wp\/v2\/product_tag?post=50936"}],"curies":[{"name":"wp","href":"https:\/\/api.w.org\/{rel}","templated":true}]}}