{"id":50635,"date":"2024-04-18T08:10:02","date_gmt":"2024-09-13T09:08:00","guid":{"rendered":"https:\/\/staging.nbg.eu\/product\/blue-force-gear-hunting-sling\/"},"modified":"2024-09-13T09:08:53","modified_gmt":"2024-09-13T09:08:53","slug":"blue-force-gear-metsaestyshihna","status":"publish","type":"product","link":"https:\/\/staging.nbg.eu\/fi\/tuote\/blue-force-gear-metsaestyshihna\/","title":{"rendered":"Blue Force Gear Mets\u00e4styshihna"},"content":{"rendered":"<h2>Blue Force Gear -mets\u00e4styshihna<\/h2>\n<p>Blue Force Gear -mets\u00e4styshihna on suunniteltu sek\u00e4 kiv\u00e4\u00e4reille ett\u00e4 haulikoille. T\u00e4m\u00e4 hihna yhdist\u00e4\u00e4 taistelukokemukseen perustuvan laadun ja helppok\u00e4ytt\u00f6isyyden, sopien perinteisiin hihnakiinnikkeisiin.<\/p>\n<h2>Ominaisuudet:<\/h2>\n<ul>\n<li>Sotilasluokan INVISTA\u2122 liuosv\u00e4rj\u00e4tty CORDURA\u00ae-kudos<\/li>\n<li>S\u00e4\u00e4dett\u00e4viss\u00e4 66 cm:st\u00e4 117 cm:iin<\/li>\n<li>Sis\u00e4lt\u00e4\u00e4 irrotettavat sivukiinnikkeet<\/li>\n<li>V\u00e4rinpit\u00e4v\u00e4 ja kest\u00e4\u00e4 kiertymist\u00e4, halkeilua ja kovettumista<\/li>\n<li>Sopii pitkille vaelluksille ja passitorneihin kiipe\u00e4miseen<\/li>\n<\/ul>\n<p>T\u00e4m\u00e4 hihna on kest\u00e4v\u00e4 ja toiminnallinen, ja sit\u00e4 voi k\u00e4ytt\u00e4\u00e4 sek\u00e4 aseen kantamiseen ett\u00e4 ampuma-asennossa. Aseen voi kiinnitt\u00e4\u00e4 l\u00e4helle vartaloa tai l\u00f6ys\u00e4t\u00e4 hihnan nopeaa olalle nostamista ja ampumista varten.<\/p>\n","protected":false},"excerpt":{"rendered":"<p>Kest\u00e4v\u00e4, s\u00e4\u00e4dett\u00e4v\u00e4 hihna kiv\u00e4\u00e4reille ja haulikoille. Helppok\u00e4ytt\u00f6inen.<\/p>\n","protected":false},"featured_media":50636,"template":"","meta":{"_acf_changed":false},"product_brand":[11127],"product_cat":[13188,13192],"product_tag":[],"class_list":{"0":"post-50635","1":"product","2":"type-product","3":"status-publish","4":"has-post-thumbnail","6":"product_brand-blue-force-gear","7":"product_cat-hihnat","8":"product_cat-varusteet","10":"first","11":"instock","12":"taxable","13":"shipping-taxable","14":"purchasable","15":"product-type-variable","16":"wvs-archive-product-wrapper"},"acf":[],"_links":{"self":[{"href":"https:\/\/staging.nbg.eu\/fi\/wp-json\/wp\/v2\/product\/50635","targetHints":{"allow":["GET"]}}],"collection":[{"href":"https:\/\/staging.nbg.eu\/fi\/wp-json\/wp\/v2\/product"}],"about":[{"href":"https:\/\/staging.nbg.eu\/fi\/wp-json\/wp\/v2\/types\/product"}],"wp:featuredmedia":[{"embeddable":true,"href":"https:\/\/staging.nbg.eu\/fi\/wp-json\/wp\/v2\/media\/50636"}],"wp:attachment":[{"href":"https:\/\/staging.nbg.eu\/fi\/wp-json\/wp\/v2\/media?parent=50635"}],"wp:term":[{"taxonomy":"product_brand","embeddable":true,"href":"https:\/\/staging.nbg.eu\/fi\/wp-json\/wp\/v2\/product_brand?post=50635"},{"taxonomy":"product_cat","embeddable":true,"href":"https:\/\/staging.nbg.eu\/fi\/wp-json\/wp\/v2\/product_cat?post=50635"},{"taxonomy":"product_tag","embeddable":true,"href":"https:\/\/staging.nbg.eu\/fi\/wp-json\/wp\/v2\/product_tag?post=50635"}],"curies":[{"name":"wp","href":"https:\/\/api.w.org\/{rel}","templated":true}]}}